{"id":91627,"date":"2025-03-05T08:08:05","date_gmt":"2025-03-05T08:08:05","guid":{"rendered":"https:\/\/zelenydrak.cz\/velkoobchod\/?post_type=product&#038;p=91627"},"modified":"2025-03-05T08:08:17","modified_gmt":"2025-03-05T08:08:17","slug":"mala-tanecnice-rooibos-bylinny-caj","status":"publish","type":"product","link":"https:\/\/zelenydrak.cz\/velkoobchod\/produkt\/mala-tanecnice-rooibos-bylinny-caj\/","title":{"rendered":"MAL\u00c1 TANE\u010cNICE &#8211; rooibos bylinn\u00fd \u010daj"},"content":{"rendered":"<h2>MAL\u00c1 TANE\u010cNICE &#8211; rooibos, bylinn\u00fd \u010daj<\/h2>\n<p>Tento \u010daj je tak ladn\u00fd, jak jen pohyb tane\u010dnice m\u016f\u017ee b\u00fdt. Chu\u0165 je p\u0159\u00edjemn\u011b ananasov\u00e1 a m\u00edrn\u011b nasl\u00e1dl\u00e1.<\/p>\n<p> Slo\u017een\u00ed \u010daje: rooibos (min.80%), kandovan\u00e9 kousky ananasu (ananas, cukr), kokosov\u00e9 kousky (kokos, kokosov\u00fd olej, cukr), citronov\u00e1 tr\u00e1va, p\u0159\u00edrodn\u00ed aroma, jahodov\u00e9 kousky (2%).<\/p>\n<p><img decoding=\"async\" src=\"https:\/\/caj-a-kava.cz\/obrazky\/uvod\/dobalouhovani\/rooibos.jpg\" alt=\"Prodej rooibos \u010daj\u016f. P\u0159\u00edprava \u010daje od Zelen\u00fd Drak \u010daj a k\u00e1va\" \/>\u00a0<\/p>\n","protected":false},"excerpt":{"rendered":"<p><img loading=\"lazy\" decoding=\"async\" class=\"size-full wp-image-2970 alignleft\" src=\"https:\/\/zelenydrak.cz\/wp-content\/uploads\/2024\/08\/konvice-caj.png\" alt=\"\" width=\"48\" height=\"48\" \/>   V\u016fn\u011b a chu\u0165: ananas a kokos.  Tento \u010daj je tak ladn\u00fd, jak jen pohyb tane\u010dnice m\u016f\u017ee b\u00fdt. Chu\u0165 je p\u0159\u00edjemn\u011b ananasov\u00e1 a m\u00edrn\u011b nasl\u00e1dl\u00e1.<\/p>\n","protected":false},"featured_media":91642,"comment_status":"open","ping_status":"closed","template":"","meta":[],"product_brand":[],"product_cat":[313],"product_tag":[],"class_list":{"0":"post-91627","1":"product","2":"type-product","3":"status-publish","4":"has-post-thumbnail","6":"product_cat-rooibos","8":"first","9":"instock","10":"product-type-variable","11":"has-default-attributes"},"_links":{"self":[{"href":"https:\/\/zelenydrak.cz\/velkoobchod\/wp-json\/wp\/v2\/product\/91627","targetHints":{"allow":["GET"]}}],"collection":[{"href":"https:\/\/zelenydrak.cz\/velkoobchod\/wp-json\/wp\/v2\/product"}],"about":[{"href":"https:\/\/zelenydrak.cz\/velkoobchod\/wp-json\/wp\/v2\/types\/product"}],"replies":[{"embeddable":true,"href":"https:\/\/zelenydrak.cz\/velkoobchod\/wp-json\/wp\/v2\/comments?post=91627"}],"wp:featuredmedia":[{"embeddable":true,"href":"https:\/\/zelenydrak.cz\/velkoobchod\/wp-json\/wp\/v2\/media\/91642"}],"wp:attachment":[{"href":"https:\/\/zelenydrak.cz\/velkoobchod\/wp-json\/wp\/v2\/media?parent=91627"}],"wp:term":[{"taxonomy":"product_brand","embeddable":true,"href":"https:\/\/zelenydrak.cz\/velkoobchod\/wp-json\/wp\/v2\/product_brand?post=91627"},{"taxonomy":"product_cat","embeddable":true,"href":"https:\/\/zelenydrak.cz\/velkoobchod\/wp-json\/wp\/v2\/product_cat?post=91627"},{"taxonomy":"product_tag","embeddable":true,"href":"https:\/\/zelenydrak.cz\/velkoobchod\/wp-json\/wp\/v2\/product_tag?post=91627"}],"curies":[{"name":"wp","href":"https:\/\/api.w.org\/{rel}","templated":true}]}}