{"id":91625,"date":"2025-03-05T08:08:04","date_gmt":"2025-03-05T08:08:04","guid":{"rendered":"https:\/\/zelenydrak.cz\/velkoobchod\/produkt\/svetluska-rooibos-bylinny-caj\/"},"modified":"2025-03-05T08:08:16","modified_gmt":"2025-03-05T08:08:16","slug":"svetluska-rooibos-bylinny-caj","status":"publish","type":"product","link":"https:\/\/zelenydrak.cz\/velkoobchod\/produkt\/svetluska-rooibos-bylinny-caj\/","title":{"rendered":"SV\u011aTLU\u0160KA &#8211; rooibos bylinn\u00fd \u010daj"},"content":{"rendered":"<h2>SV\u011aTLU\u0160KA &#8211; rooibos Super Grade<\/h2>\n<p>Tento fascinuj\u00edc\u00ed rooibos je tak l\u00e1kav\u00fd, jak jen sv\u011btlu\u0161ka dok\u00e1\u017ee b\u00fdt. Jen pozor, aby V\u00e1s nesvedl v noci na zcest\u00ed!<\/p>\n<p> Slo\u017een\u00ed \u010daje: bylinn\u00fd \u010daj rooibos Super Grade  (min. 80%), ananas (ananas, cukr), pap\u00e1ja (pap\u00e1ja, cukr), p\u0159\u00edrodn\u00ed aroma, l\u00edstky m\u011bs\u00ed\u010dku l\u00e9ka\u0159sk\u00e9ho, okv\u011btn\u00ed l\u00edstky, modr\u00e9 chrpy.<\/p>\n<p><p><img decoding=\"async\" src=\"https:\/\/caj-a-kava.cz\/obrazky\/uvod\/dobalouhovani\/rooibos.jpg\" alt=\"Prodej rooibos \u010daj\u016f. P\u0159\u00edprava \u010daje od Zelen\u00fd Drak \u010daj a k\u00e1va\" \/>\u00a0<\/p>\n","protected":false},"excerpt":{"rendered":"<p><img loading=\"lazy\" decoding=\"async\" class=\"size-full wp-image-2970 alignleft\" src=\"https:\/\/zelenydrak.cz\/wp-content\/uploads\/2024\/08\/konvice-caj.png\" alt=\"\" width=\"48\" height=\"48\" \/>   V\u016fn\u011b a chu\u0165: ananas a pap\u00e1ja.  Tento fascinuj\u00edc\u00ed rooibos je tak l\u00e1kav\u00fd, jak jen sv\u011btlu\u0161ka dok\u00e1\u017ee b\u00fdt. Jen pozor, aby V\u00e1s nesvedl v noci na zcest\u00ed!<\/p>\n","protected":false},"featured_media":91624,"comment_status":"open","ping_status":"closed","template":"","meta":[],"product_brand":[],"product_cat":[313],"product_tag":[],"class_list":{"0":"post-91625","1":"product","2":"type-product","3":"status-publish","4":"has-post-thumbnail","6":"product_cat-rooibos","8":"first","9":"instock","10":"product-type-variable","11":"has-default-attributes"},"_links":{"self":[{"href":"https:\/\/zelenydrak.cz\/velkoobchod\/wp-json\/wp\/v2\/product\/91625","targetHints":{"allow":["GET"]}}],"collection":[{"href":"https:\/\/zelenydrak.cz\/velkoobchod\/wp-json\/wp\/v2\/product"}],"about":[{"href":"https:\/\/zelenydrak.cz\/velkoobchod\/wp-json\/wp\/v2\/types\/product"}],"replies":[{"embeddable":true,"href":"https:\/\/zelenydrak.cz\/velkoobchod\/wp-json\/wp\/v2\/comments?post=91625"}],"wp:featuredmedia":[{"embeddable":true,"href":"https:\/\/zelenydrak.cz\/velkoobchod\/wp-json\/wp\/v2\/media\/91624"}],"wp:attachment":[{"href":"https:\/\/zelenydrak.cz\/velkoobchod\/wp-json\/wp\/v2\/media?parent=91625"}],"wp:term":[{"taxonomy":"product_brand","embeddable":true,"href":"https:\/\/zelenydrak.cz\/velkoobchod\/wp-json\/wp\/v2\/product_brand?post=91625"},{"taxonomy":"product_cat","embeddable":true,"href":"https:\/\/zelenydrak.cz\/velkoobchod\/wp-json\/wp\/v2\/product_cat?post=91625"},{"taxonomy":"product_tag","embeddable":true,"href":"https:\/\/zelenydrak.cz\/velkoobchod\/wp-json\/wp\/v2\/product_tag?post=91625"}],"curies":[{"name":"wp","href":"https:\/\/api.w.org\/{rel}","templated":true}]}}