{"id":91620,"date":"2025-03-05T08:08:03","date_gmt":"2025-03-05T08:08:03","guid":{"rendered":"https:\/\/zelenydrak.cz\/velkoobchod\/produkt\/kalabasa-tykev-na-piti-mate\/"},"modified":"2025-03-05T08:08:03","modified_gmt":"2025-03-05T08:08:03","slug":"kalabasa-tykev-na-piti-mate","status":"publish","type":"product","link":"https:\/\/zelenydrak.cz\/velkoobchod\/produkt\/kalabasa-tykev-na-piti-mate\/","title":{"rendered":"KALABASA tykev na pit\u00ed mat\u00e9"},"content":{"rendered":"<h2>KALABASA tykev na pit\u00ed mat\u00e9<\/h2>\n<p>Popis v\u00fdrobku: kalabasa &#8211; tykev na pit\u00ed Yerba Mate. Objem cca 0,5l. D\u00e1le se m\u016f\u017eeme setkat t\u00e9\u017e s n\u00e1zvem kalabassa, kalebassa apod. co\u017e je tykev v Braz\u00edli b\u011b\u017en\u011b pou\u017e\u00edvan\u00e1 na pit\u00ed mat\u00e9.<\/p>\n","protected":false},"excerpt":{"rendered":"<p><strong>Kalabasa &#8211; tykev<\/strong><\/p>\n","protected":false},"featured_media":91619,"comment_status":"open","ping_status":"closed","template":"","meta":[],"product_brand":[],"product_cat":[366],"product_tag":[],"class_list":{"0":"post-91620","1":"product","2":"type-product","3":"status-publish","4":"has-post-thumbnail","6":"product_cat-kalabasy","8":"first","9":"instock","10":"product-type-simple"},"_links":{"self":[{"href":"https:\/\/zelenydrak.cz\/velkoobchod\/wp-json\/wp\/v2\/product\/91620","targetHints":{"allow":["GET"]}}],"collection":[{"href":"https:\/\/zelenydrak.cz\/velkoobchod\/wp-json\/wp\/v2\/product"}],"about":[{"href":"https:\/\/zelenydrak.cz\/velkoobchod\/wp-json\/wp\/v2\/types\/product"}],"replies":[{"embeddable":true,"href":"https:\/\/zelenydrak.cz\/velkoobchod\/wp-json\/wp\/v2\/comments?post=91620"}],"wp:featuredmedia":[{"embeddable":true,"href":"https:\/\/zelenydrak.cz\/velkoobchod\/wp-json\/wp\/v2\/media\/91619"}],"wp:attachment":[{"href":"https:\/\/zelenydrak.cz\/velkoobchod\/wp-json\/wp\/v2\/media?parent=91620"}],"wp:term":[{"taxonomy":"product_brand","embeddable":true,"href":"https:\/\/zelenydrak.cz\/velkoobchod\/wp-json\/wp\/v2\/product_brand?post=91620"},{"taxonomy":"product_cat","embeddable":true,"href":"https:\/\/zelenydrak.cz\/velkoobchod\/wp-json\/wp\/v2\/product_cat?post=91620"},{"taxonomy":"product_tag","embeddable":true,"href":"https:\/\/zelenydrak.cz\/velkoobchod\/wp-json\/wp\/v2\/product_tag?post=91620"}],"curies":[{"name":"wp","href":"https:\/\/api.w.org\/{rel}","templated":true}]}}