{"id":91618,"date":"2025-03-05T08:08:02","date_gmt":"2025-03-05T08:08:02","guid":{"rendered":"https:\/\/zelenydrak.cz\/velkoobchod\/produkt\/bombila-kovova-slamka-na-piti-mate\/"},"modified":"2025-03-05T08:08:02","modified_gmt":"2025-03-05T08:08:02","slug":"bombila-kovova-slamka-na-piti-mate","status":"publish","type":"product","link":"https:\/\/zelenydrak.cz\/velkoobchod\/produkt\/bombila-kovova-slamka-na-piti-mate\/","title":{"rendered":"BOMBILA KOVOV\u00c1 sl\u00e1mka na pit\u00ed mat\u00e9"},"content":{"rendered":"<h2>BOMBILA KOVOV\u00c1 sl\u00e1mka na pit\u00ed mat\u00e9<\/h2>\n<p>Popis v\u00fdrobku: nerezov\u00e1 bombila. Bombila je sl\u00e1mka v Braz\u00edlii pou\u017e\u00edvan\u00e1 spole\u010dn\u011b s kalabasou (tykev) na pit\u00ed mat\u00e9. Bombila je snadno roz\u0161oubovateln\u00e1 pro lehk\u00e9 \u010di\u0161t\u011bn\u00ed.<\/p>\n","protected":false},"excerpt":{"rendered":"<p><strong>Kovov\u00e1 bombila<\/strong><\/p>\n","protected":false},"featured_media":91617,"comment_status":"open","ping_status":"closed","template":"","meta":[],"product_brand":[],"product_cat":[366],"product_tag":[],"class_list":{"0":"post-91618","1":"product","2":"type-product","3":"status-publish","4":"has-post-thumbnail","6":"product_cat-kalabasy","8":"first","9":"instock","10":"product-type-simple"},"_links":{"self":[{"href":"https:\/\/zelenydrak.cz\/velkoobchod\/wp-json\/wp\/v2\/product\/91618","targetHints":{"allow":["GET"]}}],"collection":[{"href":"https:\/\/zelenydrak.cz\/velkoobchod\/wp-json\/wp\/v2\/product"}],"about":[{"href":"https:\/\/zelenydrak.cz\/velkoobchod\/wp-json\/wp\/v2\/types\/product"}],"replies":[{"embeddable":true,"href":"https:\/\/zelenydrak.cz\/velkoobchod\/wp-json\/wp\/v2\/comments?post=91618"}],"wp:featuredmedia":[{"embeddable":true,"href":"https:\/\/zelenydrak.cz\/velkoobchod\/wp-json\/wp\/v2\/media\/91617"}],"wp:attachment":[{"href":"https:\/\/zelenydrak.cz\/velkoobchod\/wp-json\/wp\/v2\/media?parent=91618"}],"wp:term":[{"taxonomy":"product_brand","embeddable":true,"href":"https:\/\/zelenydrak.cz\/velkoobchod\/wp-json\/wp\/v2\/product_brand?post=91618"},{"taxonomy":"product_cat","embeddable":true,"href":"https:\/\/zelenydrak.cz\/velkoobchod\/wp-json\/wp\/v2\/product_cat?post=91618"},{"taxonomy":"product_tag","embeddable":true,"href":"https:\/\/zelenydrak.cz\/velkoobchod\/wp-json\/wp\/v2\/product_tag?post=91618"}],"curies":[{"name":"wp","href":"https:\/\/api.w.org\/{rel}","templated":true}]}}