{"id":91616,"date":"2025-03-05T08:08:02","date_gmt":"2025-03-05T08:08:02","guid":{"rendered":"https:\/\/zelenydrak.cz\/velkoobchod\/produkt\/etikety-na-sacky-arch-a4-10ks\/"},"modified":"2025-03-05T08:08:02","modified_gmt":"2025-03-05T08:08:02","slug":"etikety-na-sacky-arch-a4-10ks","status":"publish","type":"product","link":"https:\/\/zelenydrak.cz\/velkoobchod\/produkt\/etikety-na-sacky-arch-a4-10ks\/","title":{"rendered":"ETIKETY NA S\u00c1\u010cKY ARCH A4 10KS"},"content":{"rendered":"<h2>ETIKETY NA S\u00c1\u010cKY ARCH A4 10KS<\/h2>\n<p>Popis v\u00fdrobku: etikety na \u010daj a k\u00e1vu. O jak\u00e9 etikety m\u00e1te z\u00e1jem p\u0159ipi\u0161te pros\u00edm v objedn\u00e1vkov\u00e9m procesu do pol\u00ed\u010dka pozn\u00e1mky. P\u0159\u00edklad: \u010daj Zelen\u00fd Drak 2x.<\/p>\n","protected":false},"excerpt":{"rendered":"<p>Etikety na s\u00e1\u010dky arch A4 10ks<\/p>\n","protected":false},"featured_media":91615,"comment_status":"open","ping_status":"closed","template":"","meta":[],"product_brand":[],"product_cat":[345],"product_tag":[],"class_list":{"0":"post-91616","1":"product","2":"type-product","3":"status-publish","4":"has-post-thumbnail","6":"product_cat-podpora-prodeje","8":"first","9":"instock","10":"product-type-simple"},"_links":{"self":[{"href":"https:\/\/zelenydrak.cz\/velkoobchod\/wp-json\/wp\/v2\/product\/91616","targetHints":{"allow":["GET"]}}],"collection":[{"href":"https:\/\/zelenydrak.cz\/velkoobchod\/wp-json\/wp\/v2\/product"}],"about":[{"href":"https:\/\/zelenydrak.cz\/velkoobchod\/wp-json\/wp\/v2\/types\/product"}],"replies":[{"embeddable":true,"href":"https:\/\/zelenydrak.cz\/velkoobchod\/wp-json\/wp\/v2\/comments?post=91616"}],"wp:featuredmedia":[{"embeddable":true,"href":"https:\/\/zelenydrak.cz\/velkoobchod\/wp-json\/wp\/v2\/media\/91615"}],"wp:attachment":[{"href":"https:\/\/zelenydrak.cz\/velkoobchod\/wp-json\/wp\/v2\/media?parent=91616"}],"wp:term":[{"taxonomy":"product_brand","embeddable":true,"href":"https:\/\/zelenydrak.cz\/velkoobchod\/wp-json\/wp\/v2\/product_brand?post=91616"},{"taxonomy":"product_cat","embeddable":true,"href":"https:\/\/zelenydrak.cz\/velkoobchod\/wp-json\/wp\/v2\/product_cat?post=91616"},{"taxonomy":"product_tag","embeddable":true,"href":"https:\/\/zelenydrak.cz\/velkoobchod\/wp-json\/wp\/v2\/product_tag?post=91616"}],"curies":[{"name":"wp","href":"https:\/\/api.w.org\/{rel}","templated":true}]}}