{"id":91594,"date":"2025-03-05T08:07:57","date_gmt":"2025-03-05T08:07:57","guid":{"rendered":"https:\/\/zelenydrak.cz\/velkoobchod\/produkt\/sklenena-doza-3l\/"},"modified":"2025-03-05T08:07:57","modified_gmt":"2025-03-05T08:07:57","slug":"sklenena-doza-3l","status":"publish","type":"product","link":"https:\/\/zelenydrak.cz\/velkoobchod\/produkt\/sklenena-doza-3l\/","title":{"rendered":"SKLEN\u011aN\u00c1 D\u00d3ZA  3L"},"content":{"rendered":"<h2>SKLEN\u011aN\u00c1 D\u00d3ZA  3L<\/h2>\n<p>Popis v\u00fdrobku: sklen\u011bn\u00e1 prodejn\u00ed d\u00f3za na \u010daj nebo k\u00e1vu. Zbo\u017e\u00ed je pro z\u00e1kazn\u00edka d\u00edky t\u00e9to d\u00f3ze v\u00edce p\u0159ita\u017eliv\u011bj\u0161\u00ed.<\/p>\n<p>D\u00f3za m\u00e1 pr\u016fm\u011br 18cm.<\/p>\n","protected":false},"excerpt":{"rendered":"<p>Sklen\u011bn\u00e1 d\u00f3za o objemu 3 litry.<\/p>\n","protected":false},"featured_media":91593,"comment_status":"open","ping_status":"closed","template":"","meta":[],"product_brand":[],"product_cat":[345],"product_tag":[],"class_list":{"0":"post-91594","1":"product","2":"type-product","3":"status-publish","4":"has-post-thumbnail","6":"product_cat-podpora-prodeje","8":"first","9":"instock","10":"product-type-simple"},"_links":{"self":[{"href":"https:\/\/zelenydrak.cz\/velkoobchod\/wp-json\/wp\/v2\/product\/91594","targetHints":{"allow":["GET"]}}],"collection":[{"href":"https:\/\/zelenydrak.cz\/velkoobchod\/wp-json\/wp\/v2\/product"}],"about":[{"href":"https:\/\/zelenydrak.cz\/velkoobchod\/wp-json\/wp\/v2\/types\/product"}],"replies":[{"embeddable":true,"href":"https:\/\/zelenydrak.cz\/velkoobchod\/wp-json\/wp\/v2\/comments?post=91594"}],"wp:featuredmedia":[{"embeddable":true,"href":"https:\/\/zelenydrak.cz\/velkoobchod\/wp-json\/wp\/v2\/media\/91593"}],"wp:attachment":[{"href":"https:\/\/zelenydrak.cz\/velkoobchod\/wp-json\/wp\/v2\/media?parent=91594"}],"wp:term":[{"taxonomy":"product_brand","embeddable":true,"href":"https:\/\/zelenydrak.cz\/velkoobchod\/wp-json\/wp\/v2\/product_brand?post=91594"},{"taxonomy":"product_cat","embeddable":true,"href":"https:\/\/zelenydrak.cz\/velkoobchod\/wp-json\/wp\/v2\/product_cat?post=91594"},{"taxonomy":"product_tag","embeddable":true,"href":"https:\/\/zelenydrak.cz\/velkoobchod\/wp-json\/wp\/v2\/product_tag?post=91594"}],"curies":[{"name":"wp","href":"https:\/\/api.w.org\/{rel}","templated":true}]}}