{"id":91592,"date":"2025-03-05T08:07:57","date_gmt":"2025-03-05T08:07:57","guid":{"rendered":"https:\/\/zelenydrak.cz\/velkoobchod\/produkt\/lopatka-na-caj-155\/"},"modified":"2025-03-05T08:07:57","modified_gmt":"2025-03-05T08:07:57","slug":"lopatka-na-caj-155","status":"publish","type":"product","link":"https:\/\/zelenydrak.cz\/velkoobchod\/produkt\/lopatka-na-caj-155\/","title":{"rendered":"LOPATKA NA \u010cAJ 155"},"content":{"rendered":"<h2>LOPATKA NA \u010cAJ 155<\/h2>\n<p>Popis v\u00fdrobku: hlin\u00edkov\u00e1 lopatka na \u010daj o d\u00e9lce 155mm. Vhodn\u00e1 pro nab\u00edr\u00e1n\u00ed \u010daje nebo k\u00e1vy z d\u00f3z a n\u00e1sledn\u00e9 syp\u00e1n\u00ed do prodejn\u00edch s\u00e1\u010dk\u016f.<\/p>\n","protected":false},"excerpt":{"rendered":"<p>Lopatka na \u010daj. D\u00e9lka 155mm.<\/p>\n","protected":false},"featured_media":91591,"comment_status":"open","ping_status":"closed","template":"","meta":[],"product_brand":[],"product_cat":[345],"product_tag":[],"class_list":{"0":"post-91592","1":"product","2":"type-product","3":"status-publish","4":"has-post-thumbnail","6":"product_cat-podpora-prodeje","8":"first","9":"instock","10":"product-type-simple"},"_links":{"self":[{"href":"https:\/\/zelenydrak.cz\/velkoobchod\/wp-json\/wp\/v2\/product\/91592","targetHints":{"allow":["GET"]}}],"collection":[{"href":"https:\/\/zelenydrak.cz\/velkoobchod\/wp-json\/wp\/v2\/product"}],"about":[{"href":"https:\/\/zelenydrak.cz\/velkoobchod\/wp-json\/wp\/v2\/types\/product"}],"replies":[{"embeddable":true,"href":"https:\/\/zelenydrak.cz\/velkoobchod\/wp-json\/wp\/v2\/comments?post=91592"}],"wp:featuredmedia":[{"embeddable":true,"href":"https:\/\/zelenydrak.cz\/velkoobchod\/wp-json\/wp\/v2\/media\/91591"}],"wp:attachment":[{"href":"https:\/\/zelenydrak.cz\/velkoobchod\/wp-json\/wp\/v2\/media?parent=91592"}],"wp:term":[{"taxonomy":"product_brand","embeddable":true,"href":"https:\/\/zelenydrak.cz\/velkoobchod\/wp-json\/wp\/v2\/product_brand?post=91592"},{"taxonomy":"product_cat","embeddable":true,"href":"https:\/\/zelenydrak.cz\/velkoobchod\/wp-json\/wp\/v2\/product_cat?post=91592"},{"taxonomy":"product_tag","embeddable":true,"href":"https:\/\/zelenydrak.cz\/velkoobchod\/wp-json\/wp\/v2\/product_tag?post=91592"}],"curies":[{"name":"wp","href":"https:\/\/api.w.org\/{rel}","templated":true}]}}