{"id":91587,"date":"2025-03-05T08:07:56","date_gmt":"2025-03-05T08:07:56","guid":{"rendered":"https:\/\/zelenydrak.cz\/velkoobchod\/produkt\/vietnamska-kava-che-phin-kavova-smes-s-nejvetsim-obsahem-kofeinu\/"},"modified":"2025-03-05T08:07:56","modified_gmt":"2025-03-05T08:07:56","slug":"vietnamska-kava-che-phin-kavova-smes-s-nejvetsim-obsahem-kofeinu","status":"publish","type":"product","link":"https:\/\/zelenydrak.cz\/velkoobchod\/produkt\/vietnamska-kava-che-phin-kavova-smes-s-nejvetsim-obsahem-kofeinu\/","title":{"rendered":"VIETNAMSK\u00c1 K\u00c1VA CHE PHIN &#8211; K\u00c1VOV\u00c1 SM\u011aS S NEJV\u011aT\u0160\u00cdM OBSAHEM KOFEINU"},"content":{"rendered":"<h2>VIETNAMSK\u00c1 K\u00c1VA CHE PHIN &#8211; K\u00c1VOV\u00c1 SM\u011aS S NEJV\u011aT\u0160\u00cdM OBSAHEM KOFEINU<\/h2>\n<p>Slo\u017een\u00ed: \u010dern\u00e1 k\u00e1va p\u0159edn\u00edho vietnamsk\u00e9ho v\u00fdrobce TRUNG NGUYEN COFFEE. <\/p>\n<p>V\u00edce o k\u00e1v\u011b:<\/p>\n<p>Vynikaj\u00edc\u00ed sm\u011bs \u010dty\u0159 odr\u016fd k\u00e1vy Arabica, Robusta, Chari a Catimor vytv\u00e1\u0159\u00ed bohatou a komplexn\u00ed povahu k\u00e1vy CHE PHIN 4. Siln\u00e1 k\u00e1va s vysok\u00fdm obsahem kofeinu. Pomalu pra\u017een\u00e1, s jemn\u00fdmi kv\u011btinov\u00fdmi t\u00f3ny. Boby jednotliv\u00fdch odr\u016fd se pra\u017e\u00ed samostatn\u011b a v\u00fdsledn\u00e1 sm\u011bs vytv\u00e1\u0159\u00ed decentn\u00ed kontrast, kter\u00fd spojuje okouzluj\u00edc\u00ed aroma a robusn\u00ed t\u011blo. Slo\u017een\u00ed: Culi (nerozp\u016flen\u00e1, kulat\u00e1 zrna) Arabica, Robusta, Chari a Catimor. Mlet\u00e1 k\u00e1va. Kofein: 2.4 %. Tuto k\u00e1vu si m\u016f\u017eete vychutnat ve 3 r\u016fzn\u00fdch proveden\u00edch, jako k\u00e1vu \u010dernou (zvanou kaf\u00e9), s kondenzovan\u00fdm ml\u00e9kem (kaf\u00e9 sua) nebo jako k\u00e1vu s kondenzovan\u00fdm ml\u00e9kem a ledem (kaf\u00e9 sua da). Krom\u011b toho, \u017ee vietnamskou k\u00e1vu m\u016f\u017eete okusit v t\u011bchto r\u016fzn\u00fdch variant\u00e1ch, jej\u00ed chu\u0165 m\u00e1 lehk\u00fd \u010dokol\u00e1dov\u00fd n\u00e1dech, a tak je vhodn\u00e1 i pro p\u0159\u00edznivce cappuccina. <\/p>\n<p>Vychutnejte si k\u00e1vu jako Vietnamec. <\/p>\n<p>Pro p\u0159\u00edpravu pou\u017eijte jednoduch\u00fd speci\u00e1ln\u00ed p\u0159ekap\u00e1va\u010d, kter\u00fd naleznete<a href=\"http:\/\/www.zelenydrak.cz\/kava\/151-prekapavac-na-kavu.html\"> zde&#8230;<\/a><\/p>\n<\/p>\n<p><img decoding=\"async\" src=\"http:\/\/caj-a-kava.cz\/obrazky\/uvod\/dobalouhovani\/kava.jpg\" alt=\"Prodej prav\u00e9 zrnkov\u00e9 k\u00e1vy. P\u0159\u00edprava k\u00e1vy od Zelen\u00fd Drak\"><\/p>\n","protected":false},"excerpt":{"rendered":"<p>Siln\u00e1 k\u00e1va s vysok\u00fdm obsahem kofeinu. Pomalu pra\u017een\u00e1, s jemn\u00fdmi kv\u011btinov\u00fdmi t\u00f3ny. Hmotnost: 500g.<\/p>\n","protected":false},"featured_media":91586,"comment_status":"open","ping_status":"closed","template":"","meta":[],"product_brand":[],"product_cat":[327],"product_tag":[],"class_list":{"0":"post-91587","1":"product","2":"type-product","3":"status-publish","4":"has-post-thumbnail","6":"product_cat-kava-cista","8":"first","9":"instock","10":"product-type-simple"},"_links":{"self":[{"href":"https:\/\/zelenydrak.cz\/velkoobchod\/wp-json\/wp\/v2\/product\/91587","targetHints":{"allow":["GET"]}}],"collection":[{"href":"https:\/\/zelenydrak.cz\/velkoobchod\/wp-json\/wp\/v2\/product"}],"about":[{"href":"https:\/\/zelenydrak.cz\/velkoobchod\/wp-json\/wp\/v2\/types\/product"}],"replies":[{"embeddable":true,"href":"https:\/\/zelenydrak.cz\/velkoobchod\/wp-json\/wp\/v2\/comments?post=91587"}],"wp:featuredmedia":[{"embeddable":true,"href":"https:\/\/zelenydrak.cz\/velkoobchod\/wp-json\/wp\/v2\/media\/91586"}],"wp:attachment":[{"href":"https:\/\/zelenydrak.cz\/velkoobchod\/wp-json\/wp\/v2\/media?parent=91587"}],"wp:term":[{"taxonomy":"product_brand","embeddable":true,"href":"https:\/\/zelenydrak.cz\/velkoobchod\/wp-json\/wp\/v2\/product_brand?post=91587"},{"taxonomy":"product_cat","embeddable":true,"href":"https:\/\/zelenydrak.cz\/velkoobchod\/wp-json\/wp\/v2\/product_cat?post=91587"},{"taxonomy":"product_tag","embeddable":true,"href":"https:\/\/zelenydrak.cz\/velkoobchod\/wp-json\/wp\/v2\/product_tag?post=91587"}],"curies":[{"name":"wp","href":"https:\/\/api.w.org\/{rel}","templated":true}]}}