{"id":91572,"date":"2025-03-05T08:07:53","date_gmt":"2025-03-05T08:07:53","guid":{"rendered":"https:\/\/zelenydrak.cz\/velkoobchod\/?post_type=product&#038;p=91572"},"modified":"2025-03-05T08:08:04","modified_gmt":"2025-03-05T08:08:04","slug":"euforie-bio-rooibos-bylinny-caj","status":"publish","type":"product","link":"https:\/\/zelenydrak.cz\/velkoobchod\/produkt\/euforie-bio-rooibos-bylinny-caj\/","title":{"rendered":"EUFORIE BIO &#8211; rooibos bylinn\u00fd \u010daj"},"content":{"rendered":"<h2>EUFORIE BIO &#8211; rooibos<\/h2>\n<p>Slo\u017een\u00ed \u010daje: bylinn\u00fd \u010daj rooibos (min.80%) *, zelen\u00e9 mat\u00e9 *, citronov\u00e1 tr\u00e1va *, kakaov\u00e9 slupky *, kousky jablek *, kop\u0159iva *, pomeran\u010dov\u00e1 k\u016fra *, p\u0159\u00edrodn\u00ed aroma, r\u016f\u017eov\u00fd pep\u0159 *, kardamon *, Verbena listy *, l\u00edstky r\u016f\u017ee *. * ozna\u010den\u00e9 p\u0159\u00edsady poch\u00edz\u00ed z kontrolovan\u00e9ho ekologick\u00e9ho zem\u011bmd\u011blstv\u00ed.<\/p>\n<p><h2>Obecn\u011b o \u010daji rooibos.<\/h2>\n<\/p>\n<p><strong>Um\u011blec z Ji\u017en\u00ed Afriky. To je rooibos.<\/strong><\/p>\n<p>\u010caj rooibos je ide\u00e1ln\u00ed proti \u017e\u00edzni, chutn\u00e1 tepl\u00fd i studen\u00fd, hod\u00ed se ke ka\u017ed\u00e9 p\u0159\u00edle\u017eitosti je \u010dist\u00fd a aromatizovan\u00fd. \u017d\u00e1dn\u00fd z\u00e1zrak, \u017ee se n\u00e1rodn\u00ed n\u00e1poj Ji\u017en\u00ed Afriky usadil i v evropsk\u00e9 kuchyni u milovn\u00edk\u016f \u010daje. \u010cerven\u00fd rooibos s kvalitn\u00ed chut\u00ed.<\/p>\n<p><h2>Plat\u00ed: \u010d\u00edm \u010derven\u011bj\u0161\u00ed rooibos t\u00edm kvalitn\u011bj\u0161\u00ed<strong> rooibos<\/strong>.<\/h2>\n<\/p>\n<p>Rooibos nebo \u010derven\u00fd medov\u00fd \u010daj se vyr\u00e1b\u00ed ze stejnojmenn\u00e9 rostliny. K tomu jsou pou\u017eity jen tenk\u00e9, oloupan\u00e9 v\u00fdhonky rooibosov\u00fdch v\u011btv\u00ed. Kvalitu v\u00fdsledn\u00e9ho produktu pozn\u00e1me podle barvy: \u010d\u00edm jasn\u011bj\u0161\u00ed je \u010derven\u00e1, t\u00edm je \u010daj hodnotn\u011bj\u0161\u00ed. Rooibos n\u00e1s okouzl\u00ed sv\u00fdm dlouh\u00fdm jehli\u010d\u00edm a elegantn\u00ed rub\u00ednov\u011b \u010dervenou barvou. Vychutnejte si ho \u010dist\u00fd s jemn\u011b nasl\u00e1dlou v\u016fn\u00ed nebo jako z\u00e1kladn\u00ed \u010daj v mnoha rafinovan\u00fdch sm\u011bs\u00edch. Rooibos je bez kofeinu a proto je zvl\u00e1\u0161\u0165 vhodn\u00fd pro d\u011bti nebo t\u011bhotn\u00e9 \u017eeny.<\/p>\n<p><h2>Zp\u016fsob p\u0159\u00edpravy rooibos \u010daje je jednoduch\u00fd.<\/h2>\n<\/p>\n<p>Doporu\u010den\u00e1 doba louhov\u00e1n\u00ed je 7 a\u017e 10 minut. Na jeden litr vody d\u00e1v\u00e1me cca 15g rooibosu. Kv\u016fli nepatrn\u00e9mu mno\u017estv\u00ed t\u0159\u00edslovin si tento \u010daj zachov\u00e1v\u00e1 typicky sladkou chu\u0165 i p\u0159i del\u0161\u00ed dob\u011b louhov\u00e1n\u00ed.<\/p>\n<p>Cesta do nebe vede kolem \u010dajov\u00e9 konvice.<\/p>\n<p>(Anglick\u00e9 p\u0159\u00edslov\u00ed)<\/p>\n<p><img decoding=\"async\" src=\"https:\/\/caj-a-kava.cz\/obrazky\/uvod\/dobalouhovani\/rooibos.jpg\" alt=\"Prodej rooibos \u010daj\u016f. P\u0159\u00edprava \u010daje od Zelen\u00fd Drak \u010daj a k\u00e1va\" \/>\u00a0<\/p>\n","protected":false},"excerpt":{"rendered":"<p><img loading=\"lazy\" decoding=\"async\" class=\"size-full wp-image-2970 alignleft\" src=\"https:\/\/zelenydrak.cz\/wp-content\/uploads\/2024\/08\/konvice-caj.png\" alt=\"\" width=\"48\" height=\"48\" \/>   V\u016fn\u011b a chu\u0165: m\u00edrn\u011b ko\u0159en\u011bn\u00e1 s citrusov\u00fdmi t\u00f3ny.<\/p>\n","protected":false},"featured_media":91621,"comment_status":"open","ping_status":"closed","template":"","meta":[],"product_brand":[],"product_cat":[313,312],"product_tag":[],"class_list":{"0":"post-91572","1":"product","2":"type-product","3":"status-publish","4":"has-post-thumbnail","6":"product_cat-rooibos","7":"product_cat-rooibos-bio","9":"first","10":"instock","11":"product-type-variable","12":"has-default-attributes"},"_links":{"self":[{"href":"https:\/\/zelenydrak.cz\/velkoobchod\/wp-json\/wp\/v2\/product\/91572","targetHints":{"allow":["GET"]}}],"collection":[{"href":"https:\/\/zelenydrak.cz\/velkoobchod\/wp-json\/wp\/v2\/product"}],"about":[{"href":"https:\/\/zelenydrak.cz\/velkoobchod\/wp-json\/wp\/v2\/types\/product"}],"replies":[{"embeddable":true,"href":"https:\/\/zelenydrak.cz\/velkoobchod\/wp-json\/wp\/v2\/comments?post=91572"}],"wp:featuredmedia":[{"embeddable":true,"href":"https:\/\/zelenydrak.cz\/velkoobchod\/wp-json\/wp\/v2\/media\/91621"}],"wp:attachment":[{"href":"https:\/\/zelenydrak.cz\/velkoobchod\/wp-json\/wp\/v2\/media?parent=91572"}],"wp:term":[{"taxonomy":"product_brand","embeddable":true,"href":"https:\/\/zelenydrak.cz\/velkoobchod\/wp-json\/wp\/v2\/product_brand?post=91572"},{"taxonomy":"product_cat","embeddable":true,"href":"https:\/\/zelenydrak.cz\/velkoobchod\/wp-json\/wp\/v2\/product_cat?post=91572"},{"taxonomy":"product_tag","embeddable":true,"href":"https:\/\/zelenydrak.cz\/velkoobchod\/wp-json\/wp\/v2\/product_tag?post=91572"}],"curies":[{"name":"wp","href":"https:\/\/api.w.org\/{rel}","templated":true}]}}