{"id":91571,"date":"2025-03-05T08:07:53","date_gmt":"2025-03-05T08:07:53","guid":{"rendered":"https:\/\/zelenydrak.cz\/velkoobchod\/?post_type=product&#038;p=91571"},"modified":"2025-03-05T08:08:04","modified_gmt":"2025-03-05T08:08:04","slug":"kava-kena-perla-afriky-thimu","status":"publish","type":"product","link":"https:\/\/zelenydrak.cz\/velkoobchod\/produkt\/kava-kena-perla-afriky-thimu\/","title":{"rendered":"K\u00c1VA KE\u0147A (PERLA AFRIKY) THIMU"},"content":{"rendered":"<h2>KE\u0147A (PERLA AFRIKY) THIMU \u2013 ke\u0148sk\u00e1 k\u00e1va <\/h2>\n<p>Slo\u017een\u00ed: \u010dern\u00e1  k\u00e1va 100% Arabika.<\/p>\n<p> K\u00e1va z Keni V\u00e1s ihned po otev\u0159en\u00ed s\u00e1\u010dku nadchne  \u00fa\u017easnou k\u00e1vovou v\u016fn\u00ed  se siln\u00fdmi t\u00f3ny ko\u0159en\u00ed a pep\u0159e. Tato v\u016fn\u011b se zn\u00e1sob\u00ed jakmile k\u00e1vu zalijeme horkou vodou. Po spr\u00e1vn\u00e9 p\u0159\u00edprav\u011b   V\u00e1s k\u00e1va odm\u011bn\u00ed podmanivou v\u016fn\u00ed a delik\u00e1tn\u00ed chut\u00ed.<\/p>\n<p><strong> <\/p>\n<h2>KE\u0147A (PERLA AFRIKY) THIMU <\/h2>\n<p><\/strong><\/p>\n<p>Hodn\u011b ko\u0159en\u00ed, hodn\u011b pep\u0159e.<\/p>\n<p>Zrn\u00ed\u010dka  t\u00e9to k\u00e1vy vypadaj\u00ed opravdu p\u011bkn\u011b, mal\u00e9, st\u0159edn\u00ed a\u017e tmav\u011b hn\u011bd\u00e9 a n\u011bkdy t\u00e9m\u011b\u0159 kulat\u00e9.\u00a0V\u016fn\u011b p\u0159i otev\u00edr\u00e1n\u00ed balen\u00ed, m\u016f\u017eeme popsat jako ko\u0159en\u011bn\u00e9 a pep\u0159ov\u00e9.\u00a0Po namlet\u00ed je ko\u0159en\u011bn\u00e9 aroma je\u0161t\u011b jasn\u011bj\u0161\u00ed a intenzivn\u011bj\u0161\u00ed a p\u0159id\u00e1vaj\u00ed se i dal\u0161\u00ed  v\u016fn\u011b, kter\u00e9 p\u0159ipom\u00ednaj\u00ed sp\u00ed\u0161e ko\u0159en\u011bn\u00e9 j\u00eddlo.\u00a0Po varu je tento dojem zes\u00edlen a dokonce i p\u0159i pit\u00ed m\u016f\u017eete vid\u011bt velmi jasn\u00e9 zn\u00e1mky po pep\u0159i a ko\u0159en\u00ed.\u00a0Tato k\u00e1va m\u00e1 do chuti t\u00e9m\u011b\u0159 n\u011bco co vydatn\u00e1 pol\u00e9vka, kter\u00e1 je dob\u0159e ochucena pep\u0159em.\u00a0<\/p>\n<p><strong>Ke\u0161k\u00e1 k\u00e1va<\/strong> je skv\u011bl\u00e1 k\u00e1va, kter\u00e1 nebude v\u0161em po chuti.\u00a0By\u0165 sami jsem p\u0159\u00e1tel\u00e9 jemn\u00fdch nuanc\u00ed a p\u0159esto, \u017ee tato k\u00e1va je naprost\u00fd opak p\u0159ipom\u00ednaj\u00edc\u00ed  p\u0159\u00edli\u0161 pikantn\u00ed j\u00eddlo,  je to skv\u011bl\u00e1 a speci\u00e1ln\u00ed k\u00e1va. Opravdu ji doporu\u010dujeme.<\/p>\n<p>\u00a0<\/p>\n<p><img decoding=\"async\" src=\"https:\/\/www.zelenydrak.cz\/wp-content\/uploads\/2019\/04\/kenya-ZELEN\u00ddDRAK.CZ_.jpg\" \/><\/p>\n<h4>V\u00edce o k\u00e1v\u011b:<\/h4>\n<table class=\"table table-bordered\" width=\"594\" border=\"1\" cellspacing=\"1\" cellpadding=\"1\">\n<tbody>\n<tr>\n<td width=\"115\"><strong>Oblast<\/strong><\/td>\n<td width=\"72\"> Ke\u0148a Kianyogu Nyeri<\/td>\n<\/tr>\n<tr>\n<td><strong>Nadmo\u0159sk\u00e1 v\u00fd\u0161ka<\/strong><\/td>\n<td>1600 m<\/td>\n<\/tr>\n<tr>\n<td><strong>Zpracov\u00e1n\u00ed<\/strong><\/td>\n<td>promyta<\/td>\n<\/tr>\n<tr>\n<td><strong>P\u016fda<\/strong><\/td>\n<td>\u017eelezit\u00e1 j\u00edlov\u00e1 p\u016fda<\/td>\n<\/tr>\n<tr>\n<td><strong>Detail kultivaru<\/strong><\/td>\n<td>SL 28 \/ SL 34<\/td>\n<\/tr>\n<tr>\n<td><strong>St\u00edn strom\u016f<\/strong><\/td>\n<td>Ano<\/td>\n<\/tr>\n<tr>\n<td><strong>Kvalita<\/strong><\/td>\n<td>PB &#8211; PearlBohne<\/td>\n<\/tr>\n<\/tbody>\n<\/table>\n<h4>Chu\u0165ov\u00fd profil:<\/h4>\n<table class=\"table table-bordered\" width=\"596\" border=\"2\" cellspacing=\"2\" cellpadding=\"2\">\n<tbody>\n<tr>\n<th width=\"100\" scope=\"row\">Stupe\u0148 pra\u017een\u00ed<\/th>\n<td width=\"100\" bgcolor=\"#4B1211\"><\/td>\n<td width=\"100\" bgcolor=\"#4B1211\"><\/td>\n<td width=\"100\"><\/td>\n<td width=\"100\"><\/td>\n<td width=\"100\"><\/td>\n<\/tr>\n<tr>\n<th scope=\"row\">Aroma<\/th>\n<td bgcolor=\"#4B1211\"><\/td>\n<td bgcolor=\"#4B1211\"><\/td>\n<td bgcolor=\"#4B1211\"><\/td>\n<td bgcolor=\"#4B1211\"><\/td>\n<td bgcolor=\"#4B1211\"><\/td>\n<\/tr>\n<tr>\n<th scope=\"row\">Komplexnost<\/th>\n<td bgcolor=\"#4B1211\"><\/td>\n<td bgcolor=\"#4B1211\"><\/td>\n<td bgcolor=\"#4B1211\"><\/td>\n<td bgcolor=\"#4B1211\"><\/td>\n<td bgcolor=\"#4B1211\"><\/td>\n<\/tr>\n<tr>\n<th scope=\"row\">T\u011blo<\/th>\n<td bgcolor=\"#4B1211\"><\/td>\n<td bgcolor=\"#4B1211\"><\/td>\n<td bgcolor=\"#4B1211\"><\/td>\n<td bgcolor=\"#4B1211\"><\/td>\n<td><\/td>\n<\/tr>\n<tr>\n<th scope=\"row\">Charakter<\/th>\n<td bgcolor=\"#4B1211\"><\/td>\n<td bgcolor=\"#4B1211\"><\/td>\n<td bgcolor=\"#4B1211\"><\/td>\n<td><\/td>\n<td><\/td>\n<\/tr>\n<tr>\n<th scope=\"row\">Ovocnost<\/th>\n<td bgcolor=\"#4B1211\"><\/td>\n<td bgcolor=\"#4B1211\"><\/td>\n<td bgcolor=\"#4B1211\"><\/td>\n<td bgcolor=\"#4B1211\"><\/td>\n<td><\/td>\n<\/tr>\n<tr>\n<th scope=\"row\">Vyv\u00e1\u017eenost<\/th>\n<td bgcolor=\"#4B1211\"><\/td>\n<td bgcolor=\"#4B1211\"><\/td>\n<td><\/td>\n<td><\/td>\n<td><\/td>\n<\/tr>\n<tr>\n<th scope=\"row\">Kr\u00e9ma<\/th>\n<td bgcolor=\"#4B1211\"><\/td>\n<td><\/td>\n<td><\/td>\n<td><\/td>\n<td><\/td>\n<\/tr>\n<\/tbody>\n<\/table>\n<p>\u00a0<\/p>\n<p>\u00a0\u010caj je mi l\u00e1skou, k\u00e1va v\u00e1\u0161n\u00ed<\/p>\n<p>(LEA)<\/p>\n<p><img decoding=\"async\" src=\"https:\/\/caj-a-kava.cz\/obrazky\/uvod\/dobalouhovani\/kava.jpg\" alt=\"Prodej prav\u00e9 zrnkov\u00e9 k\u00e1vy. P\u0159\u00edprava k\u00e1vy od Zelen\u00fd Drak\"><\/p>\n","protected":false},"excerpt":{"rendered":"<p>U t\u00e9to africk\u00e9 k\u00e1vy se nach\u00e1z\u00ed v k\u00e1vov\u00e9m plodu pouze jedno zrn\u00ed\u010dko, nam\u00edsto obvykl\u00fdch dvou.Toto zrnko v plodu se naz\u00fdv\u00e1 perlou, tedy Perlou Afriky. Vzhledem k t\u00e9to vz\u00e1cnosti, je k\u00e1va obvykle dra\u017e\u0161\u00ed. Jej\u00ed jemn\u00e9 ovocn\u00e9 p\u0159\u00edchut\u011b jsou dopln\u011bny elegantn\u00ed ko\u0159en\u011bnou plnost\u00ed. Ke\u0148sk\u00e1 k\u00e1vov\u00e1 zrna maj\u00ed velmi pevnou strukturu a b\u011bhem pra\u017een\u00ed pot\u0159ebuj\u00ed v\u00edce tepla ne\u017e jin\u00e9 druhy k\u00e1vy.\u00a0D\u016fvodem je, \u017ee k\u00e1vov\u00e9 rostliny v Keni se p\u011bstuj\u00ed ve vysok\u00fdch nadmo\u0159sk\u00fdch v\u00fd\u0161k\u00e1ch a\u017e do v\u00fd\u0161e 2100 m, kde k\u00e1vov\u00e9 rostliny rostou velmi pomalu.<\/p>\n","protected":false},"featured_media":91611,"comment_status":"open","ping_status":"closed","template":"","meta":[],"product_brand":[],"product_cat":[327],"product_tag":[],"class_list":{"0":"post-91571","1":"product","2":"type-product","3":"status-publish","4":"has-post-thumbnail","6":"product_cat-kava-cista","8":"first","9":"instock","10":"product-type-variable","11":"has-default-attributes"},"_links":{"self":[{"href":"https:\/\/zelenydrak.cz\/velkoobchod\/wp-json\/wp\/v2\/product\/91571","targetHints":{"allow":["GET"]}}],"collection":[{"href":"https:\/\/zelenydrak.cz\/velkoobchod\/wp-json\/wp\/v2\/product"}],"about":[{"href":"https:\/\/zelenydrak.cz\/velkoobchod\/wp-json\/wp\/v2\/types\/product"}],"replies":[{"embeddable":true,"href":"https:\/\/zelenydrak.cz\/velkoobchod\/wp-json\/wp\/v2\/comments?post=91571"}],"wp:featuredmedia":[{"embeddable":true,"href":"https:\/\/zelenydrak.cz\/velkoobchod\/wp-json\/wp\/v2\/media\/91611"}],"wp:attachment":[{"href":"https:\/\/zelenydrak.cz\/velkoobchod\/wp-json\/wp\/v2\/media?parent=91571"}],"wp:term":[{"taxonomy":"product_brand","embeddable":true,"href":"https:\/\/zelenydrak.cz\/velkoobchod\/wp-json\/wp\/v2\/product_brand?post=91571"},{"taxonomy":"product_cat","embeddable":true,"href":"https:\/\/zelenydrak.cz\/velkoobchod\/wp-json\/wp\/v2\/product_cat?post=91571"},{"taxonomy":"product_tag","embeddable":true,"href":"https:\/\/zelenydrak.cz\/velkoobchod\/wp-json\/wp\/v2\/product_tag?post=91571"}],"curies":[{"name":"wp","href":"https:\/\/api.w.org\/{rel}","templated":true}]}}