{"id":91569,"date":"2025-03-05T08:07:53","date_gmt":"2025-03-05T08:07:53","guid":{"rendered":"https:\/\/zelenydrak.cz\/velkoobchod\/?post_type=product&#038;p=91569"},"modified":"2025-03-05T08:08:04","modified_gmt":"2025-03-05T08:08:04","slug":"kava-kuba-serrano-superior-zrnkova-kava","status":"publish","type":"product","link":"https:\/\/zelenydrak.cz\/velkoobchod\/produkt\/kava-kuba-serrano-superior-zrnkova-kava\/","title":{"rendered":"K\u00c1VA KUBA SERRANO SUPERIOR &#8211; zrnkov\u00e1 k\u00e1va"},"content":{"rendered":"<h2>KUBA SERRANO SUPERIOR \u2013 kub\u00e1nsk\u00e1 k\u00e1va <\/h2>\n<p>Slo\u017een\u00ed: \u010dern\u00e1  k\u00e1va 100% Arabika.<\/p>\n<p> K\u00e1va V\u00e1s ihned po otev\u0159en\u00ed s\u00e1\u010dku nadchne  \u00fa\u017easnou chut\u00ed v kter\u00e9 m\u016f\u017eete c\u00edtit bohatstv\u00ed ko\u0159en\u00ed, o\u0159ech\u016f, karamelu a delik\u00e1tn\u00ed pikantnost v kombinaci s <strong>v\u016fn\u00ed kub\u00e1nsk\u00fdch doutn\u00edk\u016f<\/strong>, \u010dokol\u00e1dy a kakaa. Tato v\u016fn\u011b se zn\u00e1sob\u00ed jakmile k\u00e1vu zalijeme horkou vodou. Po spr\u00e1vn\u00e9 p\u0159\u00edprav\u011b   V\u00e1s k\u00e1va odm\u011bn\u00ed podmanivou v\u016fn\u00ed a delik\u00e1tn\u00ed chut\u00ed.<\/p>\n<p>Historie k\u00e1vy na Kub\u011b je  star\u00e1 ji\u017e 200 let. Prvn\u00ed k\u00e1vov\u00e1 plant\u00e1\u017e zde byla zalo\u017eena v roce 1748, ale masov\u00e1 kultivace k\u00e1vy za\u010dala v roce 1789.\u00a0Velk\u00e9 plant\u00e1\u017ee na Kub\u011b byly zalo\u017eeny francouzsk\u00fdmi farm\u00e1\u0159i, kte\u0159\u00ed m\u011bli rozs\u00e1hl\u00e9 znalosti o p\u011bstov\u00e1n\u00ed k\u00e1vy.\u00a0Kub\u00e1nsk\u00e1 k\u00e1va je pova\u017eov\u00e1na za symbol kulturn\u00edho d\u011bdictv\u00ed Kuby. <\/p>\n<p>Pokud hled\u00e1te kub\u00e1nskou k\u00e1vu, m\u011bli byste se pod\u00edvat na k\u00e1vu z Kuby Serrano Superior.\u00a0Charakteristick\u00fdm znakem t\u00e9to 100% Arabiky je jej\u00ed jemn\u00fd ko\u0159en\u011bn\u00fd a lehce kou\u0159ov\u00fd charakter.\u00a0To je jist\u011b k\u00e1va pro lidi, kte\u0159\u00ed si cen\u00ed z\u00e1bavy v rytmu salsy.<\/p>\n<p>Kuba Serrano Superior vd\u011b\u010d\u00ed sv\u00e9 ohniv\u00e9 chuti d\u00edky p\u011bstov\u00e1n\u00ed v pom\u011brn\u011b n\u00edzk\u00e9 nadmo\u0159sk\u00e9 v\u00fd\u0161ce a okoln\u00edm rostlink\u00e1m od kter\u00fdch z\u00edsk\u00e1v\u00e1 sv\u00e9 aroma.\u00a0Vysok\u00e1 tvrdost zrna spolu s metodou zpracov\u00e1n\u00ed za mokra a st\u0159edn\u00ed stupe\u0148 pra\u017een\u00ed poskytuj\u00ed k\u00e1v\u011b Kuba Serrano Superior  n\u00edzkou kyselost a sladkou plnou chu\u0165.<\/p>\n<p>\u00a0<\/p>\n<p><img decoding=\"async\" src=\"https:\/\/www.zelenydrak.cz\/wp-content\/uploads\/2019\/04\/kuba-zelen\u00fddrak.cz_.jpg\" alt=\"Prodej prav\u00e9 zrnkov\u00e9 k\u00e1vy.\" \/><\/p>\n<h4>V\u00edce o k\u00e1v\u011b:<\/h4>\n<table class=\"table table-bordered\" width=\"594\" border=\"1\" cellspacing=\"1\" cellpadding=\"1\">\n<tbody>\n<tr>\n<td width=\"115\"><strong>Oblast<\/strong><\/td>\n<td width=\"72\">La Sierra Maestra<\/td>\n<\/tr>\n<tr>\n<td><strong>Nadmo\u0159sk\u00e1 v\u00fd\u0161ka<\/strong><\/td>\n<td>900m<\/td>\n<\/tr>\n<tr>\n<td><strong>Zpracov\u00e1n\u00ed<\/strong><\/td>\n<td>promyta<\/td>\n<\/tr>\n<tr>\n<td><strong>P\u016fda<\/strong><\/td>\n<td>p\u00eds\u010dit\u00e1 j\u00edlov\u00e1 p\u016fda<\/td>\n<\/tr>\n<tr>\n<td><strong>Detail kultivaru<\/strong><\/td>\n<td>Villalobos<\/td>\n<\/tr>\n<tr>\n<td><strong>St\u00edn strom\u016f<\/strong><\/td>\n<td>Ano<\/td>\n<\/tr>\n<tr>\n<td><strong>Kvalita<\/strong><\/td>\n<td>Superior<\/td>\n<\/tr>\n<\/tbody>\n<\/table>\n<h4>Chu\u0165ov\u00fd profil:<\/h4>\n<table class=\"table table-bordered\" width=\"596\" border=\"2\" cellspacing=\"2\" cellpadding=\"2\">\n<tbody>\n<tr>\n<th width=\"100\" scope=\"row\">Stupe\u0148 pra\u017een\u00ed<\/th>\n<td width=\"100\" bgcolor=\"#4B1211\"><\/td>\n<td width=\"100\" bgcolor=\"#4B1211\"><\/td>\n<td width=\"100\"><\/td>\n<td width=\"100\"><\/td>\n<td width=\"100\"><\/td>\n<\/tr>\n<tr>\n<th scope=\"row\">Aroma<\/th>\n<td bgcolor=\"#4B1211\"><\/td>\n<td bgcolor=\"#4B1211\"><\/td>\n<td bgcolor=\"#4B1211\"><\/td>\n<td><\/td>\n<td><\/td>\n<\/tr>\n<tr>\n<th scope=\"row\">Komplexnost<\/th>\n<td bgcolor=\"#4B1211\"><\/td>\n<td bgcolor=\"#4B1211\"><\/td>\n<td bgcolor=\"#4B1211\"><\/td>\n<td><\/td>\n<td><\/td>\n<\/tr>\n<tr>\n<th scope=\"row\">T\u011blo<\/th>\n<td bgcolor=\"#4B1211\"><\/td>\n<td bgcolor=\"#4B1211\"><\/td>\n<td><\/td>\n<td><\/td>\n<td><\/td>\n<\/tr>\n<tr>\n<th scope=\"row\">Charakter<\/th>\n<td bgcolor=\"#4B1211\"><\/td>\n<td bgcolor=\"#4B1211\"><\/td>\n<td bgcolor=\"#4B1211\"><\/td>\n<td bgcolor=\"#4B1211\"><\/td>\n<td bgcolor=\"#4B1211\"><\/td>\n<\/tr>\n<tr>\n<th scope=\"row\">Ovocnost<\/th>\n<td bgcolor=\"#4B1211\"><\/td>\n<td bgcolor=\"#4B1211\"><\/td>\n<td bgcolor=\"#4B1211\"><\/td>\n<td><\/td>\n<td><\/td>\n<\/tr>\n<tr>\n<th scope=\"row\">Vyv\u00e1\u017eenost<\/th>\n<td bgcolor=\"#4B1211\"><\/td>\n<td bgcolor=\"#4B1211\"><\/td>\n<td bgcolor=\"#4B1211\"><\/td>\n<td bgcolor=\"#4B1211\"><\/td>\n<td><\/td>\n<\/tr>\n<tr>\n<th scope=\"row\">Kr\u00e9ma<\/th>\n<td bgcolor=\"#4B1211\"><\/td>\n<td><\/td>\n<td><\/td>\n<td><\/td>\n<td><\/td>\n<\/tr>\n<\/tbody>\n<\/table>\n<p>\u00a0<\/p>\n<p>\u00a0\u010caj je mi l\u00e1skou, k\u00e1va v\u00e1\u0161n\u00ed<\/p>\n<p>(LEA)<\/p>\n<p><img decoding=\"async\" src=\"https:\/\/caj-a-kava.cz\/obrazky\/uvod\/dobalouhovani\/kava.jpg\" alt=\"Prodej prav\u00e9 zrnkov\u00e9 k\u00e1vy. P\u0159\u00edprava k\u00e1vy od Zelen\u00fd Drak\"><\/p>\n","protected":false},"excerpt":{"rendered":"<p><strong>Kuba Serrano Superior<\/strong>\u00a0\u00a0je dokonal\u00e1 kub\u00e1nsk\u00e1 k\u00e1va.\u00a0V chuti m\u016f\u017eete c\u00edtit bohatstv\u00ed ko\u0159en\u00ed, o\u0159ech\u016f, karamelu a delik\u00e1tn\u00ed pikantnost v kombinaci s v\u016fn\u00ed kub\u00e1nsk\u00fdch doutn\u00edk\u016f, \u010dokol\u00e1dy a kakaa.\u00a0K\u00e1va s n\u00edzkou kyselost\u00ed a pln\u00fdm t\u011blem.\u00a0\u0158\u00edk\u00e1 se, \u017ee\u00a0\u00a0<strong>Cuba Serrano Superior<\/strong>\u00a0je typ k\u00e1vy, kter\u00e1 se stala skute\u010dnou kub\u00e1nskou raritou. Dobrou chu\u0165.<\/p>\n","protected":false},"featured_media":91603,"comment_status":"open","ping_status":"closed","template":"","meta":[],"product_brand":[],"product_cat":[327],"product_tag":[],"class_list":{"0":"post-91569","1":"product","2":"type-product","3":"status-publish","4":"has-post-thumbnail","6":"product_cat-kava-cista","8":"first","9":"instock","10":"product-type-variable","11":"has-default-attributes"},"_links":{"self":[{"href":"https:\/\/zelenydrak.cz\/velkoobchod\/wp-json\/wp\/v2\/product\/91569","targetHints":{"allow":["GET"]}}],"collection":[{"href":"https:\/\/zelenydrak.cz\/velkoobchod\/wp-json\/wp\/v2\/product"}],"about":[{"href":"https:\/\/zelenydrak.cz\/velkoobchod\/wp-json\/wp\/v2\/types\/product"}],"replies":[{"embeddable":true,"href":"https:\/\/zelenydrak.cz\/velkoobchod\/wp-json\/wp\/v2\/comments?post=91569"}],"wp:featuredmedia":[{"embeddable":true,"href":"https:\/\/zelenydrak.cz\/velkoobchod\/wp-json\/wp\/v2\/media\/91603"}],"wp:attachment":[{"href":"https:\/\/zelenydrak.cz\/velkoobchod\/wp-json\/wp\/v2\/media?parent=91569"}],"wp:term":[{"taxonomy":"product_brand","embeddable":true,"href":"https:\/\/zelenydrak.cz\/velkoobchod\/wp-json\/wp\/v2\/product_brand?post=91569"},{"taxonomy":"product_cat","embeddable":true,"href":"https:\/\/zelenydrak.cz\/velkoobchod\/wp-json\/wp\/v2\/product_cat?post=91569"},{"taxonomy":"product_tag","embeddable":true,"href":"https:\/\/zelenydrak.cz\/velkoobchod\/wp-json\/wp\/v2\/product_tag?post=91569"}],"curies":[{"name":"wp","href":"https:\/\/api.w.org\/{rel}","templated":true}]}}