{"id":91563,"date":"2025-03-05T08:07:51","date_gmt":"2025-03-05T08:07:51","guid":{"rendered":"https:\/\/zelenydrak.cz\/velkoobchod\/produkt\/jitrenka-bio-zeleny-caj-krasny-jako-sama-venuse\/"},"modified":"2025-03-05T08:08:04","modified_gmt":"2025-03-05T08:08:04","slug":"jitrenka-bio-zeleny-caj-krasny-jako-sama-venuse","status":"publish","type":"product","link":"https:\/\/zelenydrak.cz\/velkoobchod\/produkt\/jitrenka-bio-zeleny-caj-krasny-jako-sama-venuse\/","title":{"rendered":"JIT\u0158ENKA BIO &#8211; zelen\u00fd \u010daj kr\u00e1sn\u00fd jako sama Venu\u0161e"},"content":{"rendered":"<h2>JIT\u0158ENKA BIO &#8211; zelen\u00fd \u010daj<\/h2>\n<p>Slo\u017een\u00ed: zelen\u00fd \u010daj \u010c\u00edna Sencha (min.50%) *, kousky z\u00e1zvoru *, citronov\u00e1 tr\u00e1va *, p\u0159\u00edrodn\u00ed aroma, cel\u00e9 brusinky *,  l\u00edstky m\u011bs\u00ed\u010dku *. * Produkt ekologick\u00e9ho zem\u011bd\u011blstv\u00ed. * ozna\u010den\u00e9 p\u0159\u00edsady poch\u00e1z\u00ed z kontrolovan\u00e9ho ekologick\u00e9ho zem\u011bd\u011blstv\u00ed. <\/p>\n<p><strong>JIT\u0158ENKA BIO \u2013 Zelen\u00fd \u010daj kr\u00e1sn\u00fd jako sama Venu\u0161e<\/strong><\/p>\n<p>V dne\u0161n\u00edm usp\u011bchan\u00e9m sv\u011bt\u011b, kde m\u00e1me na dosah ruky \u0161irokou \u0161k\u00e1lu \u010dajov\u00fdch n\u00e1poj\u016f, se JIT\u0158ENKA BIO zelen\u00fd \u010daj rozhodn\u011b vyj\u00edm\u00e1. Je to nejen n\u00e1poj, ale i z\u00e1\u017eitek pro v\u0161echny smysly. Inspirac\u00ed k jeho vzniku se stala bo\u017esk\u00e1 kr\u00e1ska Venu\u0161e, kter\u00e1 v sob\u011b spojuje eleganci a harmonii p\u0159\u00edrody.<\/p>\n<h3>Slo\u017een\u00ed na m\u00edru<\/h3>\n<p>Hlavn\u00ed slo\u017ekou JIT\u0158ENKA BIO je zelen\u00fd \u010daj \u010c\u00edna Sencha, kter\u00fd se vyzna\u010duje jemnou a vyv\u00e1\u017eenou chut\u00ed. Sencha je jedn\u00edm z nejuzn\u00e1van\u011bj\u0161\u00edch zelen\u00fdch \u010daj\u016f na sv\u011bt\u011b, a to nejen pro sv\u016fj chu\u0165ov\u00fd profil, ale i pro svou barvu a aroma. V kombinaci s kousky z\u00e1zvoru a citronovou tr\u00e1vou se JIT\u0158ENKA BIO prom\u011b\u0148uje v n\u00e1poj, kter\u00fd okouzl\u00ed i ty nejn\u00e1ro\u010dn\u011bj\u0161\u00ed \u010dajov\u00e9 znalce.<\/p>\n<p>Z\u00e1zvor dod\u00e1v\u00e1 \u010daji p\u0159\u00edjemnou pikantnost a citronov\u00e1 tr\u00e1va osv\u011b\u017euj\u00edc\u00ed citrusov\u00fd n\u00e1dech, kter\u00fd p\u0159\u00edmo vyb\u00edz\u00ed k relaxaci a odpo\u010dinku. Cel\u00e9 brusinky pak p\u0159in\u00e1\u0161ej\u00ed do sm\u011bsi n\u00e1dhernou barvu a jemnou sladkou chu\u0165, kter\u00e1 dokonale dopl\u0148uje jednotliv\u00e9 ingredience.<\/p>\n<h3>Vizu\u00e1ln\u00ed a chu\u0165ov\u00fd z\u00e1\u017eitek<\/h3>\n<p>P\u0159i p\u0159\u00edprav\u011b JIT\u0158ENKY BIO se nejen radujete z jeho lahodn\u00e9 chuti, ale tak\u00e9 z kr\u00e1sn\u00e9ho vzhledu. Barvy, kter\u00e9 v \u0161\u00e1lku o\u017e\u00edvaj\u00ed, p\u0159ipom\u00ednaj\u00ed slune\u010dn\u00ed r\u00e1no &#8211; sv\u011b\u017e\u00ed zelen\u00e9 listy \u010daje, sv\u011btl\u00e9 kousky z\u00e1zvoru a \u010derven\u00e9 brusinky vytv\u00e1\u0159ej\u00ed harmonick\u00fd obraz, kter\u00fd si zaslou\u017e\u00ed b\u00fdt vychutn\u00e1v\u00e1n s \u00factou.<\/p>\n<p>Ka\u017ed\u00fd dou\u0161ek je jako mal\u00fd ob\u0159ad, p\u0159i kter\u00e9m se m\u016f\u017eete na chv\u00edli zastavit, vybavit si obrazy klidn\u00e9 p\u0159\u00edrody a p\u0159\u00edjemn\u00e9 atmosf\u00e9ry, kterou JIT\u0158ENKA BIO p\u0159in\u00e1\u0161\u00ed. Je to mo\u017enost uniknout od ka\u017edodenn\u00edho shonu a v\u011bnovat \u010das pouze sob\u011b.<\/p>\n<h3>Z\u00e1v\u011br<\/h3>\n<p>JIT\u0158ENKA BIO nen\u00ed jen oby\u010dejn\u00fdm zelen\u00fdm \u010dajem, je to pocta samotn\u00e9 Venu\u0161i \u2013 symbolu kr\u00e1sy a elegance. S \u010dist\u00fdm slo\u017een\u00edm a promy\u0161lenou kombinac\u00ed chut\u00ed nab\u00edz\u00ed jedine\u010dn\u00fd z\u00e1\u017eitek, kter\u00fd pot\u011b\u0161\u00ed v\u0161echny milovn\u00edky \u010daje. A\u0165 u\u017e si ho p\u0159iprav\u00edte r\u00e1no na povzbuzen\u00ed nebo ve\u010der pro relaxaci, JIT\u0158ENKA BIO je skv\u00e9l\u00e9 volba, kterou si zaslou\u017e\u00edte. Ov\u011b\u0159te si sami, jak moc m\u016f\u017ee b\u00fdt jeden \u0161\u00e1lek \u010daje inspirac\u00ed a osv\u011b\u017een\u00edm pro va\u0161i du\u0161i!<\/p>\n<p><img decoding=\"async\" src=\"https:\/\/caj-a-kava.cz\/obrazky\/uvod\/dobalouhovani\/zeleny_caj_ochuceny.jpg\" alt=\"Prodej zelen\u00e9ho, sypan\u00e9ho \u010daje. P\u0159\u00edprava \u010daje od Zelen\u00fd Drak \u010daj a k\u00e1va\" \/>\u00a0<\/p>\n","protected":false},"excerpt":{"rendered":"<p><img loading=\"lazy\" decoding=\"async\" class=\"size-full wp-image-2970 alignleft\" src=\"https:\/\/zelenydrak.cz\/wp-content\/uploads\/2024\/08\/konvice-caj.png\" alt=\"\" width=\"48\" height=\"48\" \/>   V\u016fn\u011b a chu\u0165: brusinka \u2013 z\u00e1zvor. <\/p>\n<p><strong>JIT\u0158ENKA BIO \u2013 Zelen\u00fd \u010daj kr\u00e1sn\u00fd jako sama Venu\u0161e<\/strong><\/p>\n<p>P\u0159edstavujeme v\u00e1m JIT\u0158ENKA BIO, zelen\u00fd \u010daj, kter\u00fd v\u00e1s okouzl\u00ed sv\u00fdm jedine\u010dn\u00fdm slo\u017een\u00edm a geny p\u0159\u00edrody. Tento n\u00e1dhern\u00fd \u010daj, jeho\u017e p\u0159\u00edprava je jako mal\u00fd ritu\u00e1l, v\u00e1s p\u0159enese do sv\u011bta klidu a pohody.<\/p>\n<p>JIT\u0158ENKA BIO obsahuje vysoce kvalitn\u00ed zelen\u00fd \u010daj \u010c\u00edna Sencha*, kter\u00fd se m\u00eds\u00ed s osv\u011b\u017euj\u00edc\u00edmi kousky z\u00e1zvoru*, vo\u0148avou citronovou tr\u00e1vou* a p\u0159\u00edrodn\u00edm aroma, kter\u00e9 dod\u00e1vaj\u00ed n\u00e1poji lehkou, ale p\u0159esto hypnotickou v\u016fni. Cel\u00e9 brusinky* p\u0159in\u00e1\u0161ej\u00ed n\u00e1dech sladkosti, zat\u00edmco l\u00edstky m\u011bs\u00ed\u010dku* p\u0159isp\u00edvaj\u00ed k \u00fa\u017easn\u00e9mu vzhledu a t\u011blesn\u00e9 regeneraci&#8230;<\/p>\n<p>Ka\u017ed\u00fd \u0161\u00e1lek JIT\u0158ENKA BIO je pozv\u00e1n\u00edm k relaxaci a odpo\u010dinku. Je to dokonal\u00fd spole\u010dn\u00edk pro va\u0161e chvilky pohody, a\u0165 u\u017e vyraz\u00edte na proch\u00e1zku do p\u0159\u00edrody nebo si chcete u\u017e\u00edt klidn\u00fd ve\u010der doma s dobrou knihou. Tak nev\u00e1hejte a nechte se un\u00e9st kouzlem JIT\u0158ENKA BIO, kde se ka\u017ed\u00fd dou\u0161ek st\u00e1v\u00e1 mal\u00fdm po\u017eitkem pro du\u0161i!<\/p>\n","protected":false},"featured_media":91562,"comment_status":"open","ping_status":"closed","template":"","meta":[],"product_brand":[],"product_cat":[297,364],"product_tag":[],"class_list":{"0":"post-91563","1":"product","2":"type-product","3":"status-publish","4":"has-post-thumbnail","6":"product_cat-zeleny-caj-ochuceny","7":"product_cat-zeleny-caj-ochuceny-bio","9":"first","10":"instock","11":"product-type-variable","12":"has-default-attributes"},"_links":{"self":[{"href":"https:\/\/zelenydrak.cz\/velkoobchod\/wp-json\/wp\/v2\/product\/91563","targetHints":{"allow":["GET"]}}],"collection":[{"href":"https:\/\/zelenydrak.cz\/velkoobchod\/wp-json\/wp\/v2\/product"}],"about":[{"href":"https:\/\/zelenydrak.cz\/velkoobchod\/wp-json\/wp\/v2\/types\/product"}],"replies":[{"embeddable":true,"href":"https:\/\/zelenydrak.cz\/velkoobchod\/wp-json\/wp\/v2\/comments?post=91563"}],"wp:featuredmedia":[{"embeddable":true,"href":"https:\/\/zelenydrak.cz\/velkoobchod\/wp-json\/wp\/v2\/media\/91562"}],"wp:attachment":[{"href":"https:\/\/zelenydrak.cz\/velkoobchod\/wp-json\/wp\/v2\/media?parent=91563"}],"wp:term":[{"taxonomy":"product_brand","embeddable":true,"href":"https:\/\/zelenydrak.cz\/velkoobchod\/wp-json\/wp\/v2\/product_brand?post=91563"},{"taxonomy":"product_cat","embeddable":true,"href":"https:\/\/zelenydrak.cz\/velkoobchod\/wp-json\/wp\/v2\/product_cat?post=91563"},{"taxonomy":"product_tag","embeddable":true,"href":"https:\/\/zelenydrak.cz\/velkoobchod\/wp-json\/wp\/v2\/product_tag?post=91563"}],"curies":[{"name":"wp","href":"https:\/\/api.w.org\/{rel}","templated":true}]}}