{"id":91530,"date":"2025-03-05T08:07:45","date_gmt":"2025-03-05T08:07:45","guid":{"rendered":"https:\/\/zelenydrak.cz\/velkoobchod\/?post_type=product&#038;p=91530"},"modified":"2025-03-05T08:07:52","modified_gmt":"2025-03-05T08:07:52","slug":"draci-ohen-bio-zeleny-caj-s-ohnivou-silou-draka","status":"publish","type":"product","link":"https:\/\/zelenydrak.cz\/velkoobchod\/produkt\/draci-ohen-bio-zeleny-caj-s-ohnivou-silou-draka\/","title":{"rendered":"DRA\u010c\u00cd OHE\u0147 BIO &#8211; zelen\u00fd \u010daj s ohnivou silou draka"},"content":{"rendered":"<h2>DRA\u010c\u00cd OHE\u0147 BIO &#8211; zelen\u00fd \u010daj<\/h2>\n<p>Slo\u017een\u00ed: zelen\u00fd \u010daj \u010c\u00edna Sencha *,  okv\u011btn\u00ed l\u00edstky ibi\u0161ku, p\u0159\u00edrodn\u00ed aroma, b\u00edl\u00fd \u010daj White Monkey (B\u00edl\u00e1 opice) (min.30%) *, kousky jablek *, citronov\u00e1 k\u016fra *, r\u016f\u017eov\u00fd pep\u0159 *, \u010derven\u00fd ryb\u00edz *. * ozna\u010den\u00e9 p\u0159\u00edsady poch\u00e1z\u00ed z kontrolovan\u00e9ho ekologick\u00e9ho zem\u011bd\u011blstv\u00ed. <\/p>\n<p><p><img decoding=\"async\" src=\"https:\/\/caj-a-kava.cz\/obrazky\/uvod\/dobalouhovani\/zeleny_caj_ochuceny.jpg\" alt=\"Prodej zelen\u00e9ho, sypan\u00e9ho \u010daje. P\u0159\u00edprava \u010daje od Zelen\u00fd Drak \u010daj a k\u00e1va\" \/>\u00a0<\/p>\n","protected":false},"excerpt":{"rendered":"<p><img loading=\"lazy\" decoding=\"async\" class=\"size-full wp-image-2970 alignleft\" src=\"https:\/\/zelenydrak.cz\/wp-content\/uploads\/2024\/08\/konvice-caj.png\" alt=\"\" width=\"48\" height=\"48\" \/>   V\u016fn\u011b a chu\u0165: jablko a ryb\u00edz. \u010c\u00ednsk\u00fd drak se vyskytuje v \u010d\u00ednsk\u00e9 kultu\u0159e u\u017e po tis\u00edce let. Jeho existence je pova\u017eov\u00e1na za m\u00fdtus, p\u0159esto je dodnes ned\u00edlnou sou\u010d\u00e1st\u00ed v\u00fdchodn\u00ed a jihov\u00fdchodn\u00ed Asie. \u010c\u00ednsk\u00fd drak je slu\u017eebn\u00edkem boh\u016f nebo b\u016fh samotn\u00fd. Symbolizuje moc a s\u00edlu a v\u011b\u0159\u00ed se v jeho ochranu. \u010c\u00edn\u0161t\u00ed draci maj\u00ed podle mnoha legend l\u00e9\u010div\u00fd dech s o\u017eivuj\u00edc\u00edmi \u00fa\u010dinky. Lid\u00e9 jej maj\u00ed za symbol dobra. Co\u017e je opakem toho co n\u00e1s u\u010d\u00ed na\u0161e z\u00e1padn\u00ed kultura???<\/p>\n","protected":false},"featured_media":91560,"comment_status":"open","ping_status":"closed","template":"","meta":[],"product_brand":[],"product_cat":[297,364],"product_tag":[],"class_list":{"0":"post-91530","1":"product","2":"type-product","3":"status-publish","4":"has-post-thumbnail","6":"product_cat-zeleny-caj-ochuceny","7":"product_cat-zeleny-caj-ochuceny-bio","9":"first","10":"instock","11":"product-type-variable","12":"has-default-attributes"},"_links":{"self":[{"href":"https:\/\/zelenydrak.cz\/velkoobchod\/wp-json\/wp\/v2\/product\/91530","targetHints":{"allow":["GET"]}}],"collection":[{"href":"https:\/\/zelenydrak.cz\/velkoobchod\/wp-json\/wp\/v2\/product"}],"about":[{"href":"https:\/\/zelenydrak.cz\/velkoobchod\/wp-json\/wp\/v2\/types\/product"}],"replies":[{"embeddable":true,"href":"https:\/\/zelenydrak.cz\/velkoobchod\/wp-json\/wp\/v2\/comments?post=91530"}],"wp:featuredmedia":[{"embeddable":true,"href":"https:\/\/zelenydrak.cz\/velkoobchod\/wp-json\/wp\/v2\/media\/91560"}],"wp:attachment":[{"href":"https:\/\/zelenydrak.cz\/velkoobchod\/wp-json\/wp\/v2\/media?parent=91530"}],"wp:term":[{"taxonomy":"product_brand","embeddable":true,"href":"https:\/\/zelenydrak.cz\/velkoobchod\/wp-json\/wp\/v2\/product_brand?post=91530"},{"taxonomy":"product_cat","embeddable":true,"href":"https:\/\/zelenydrak.cz\/velkoobchod\/wp-json\/wp\/v2\/product_cat?post=91530"},{"taxonomy":"product_tag","embeddable":true,"href":"https:\/\/zelenydrak.cz\/velkoobchod\/wp-json\/wp\/v2\/product_tag?post=91530"}],"curies":[{"name":"wp","href":"https:\/\/api.w.org\/{rel}","templated":true}]}}