{"id":91527,"date":"2025-03-05T08:07:44","date_gmt":"2025-03-05T08:07:44","guid":{"rendered":"https:\/\/zelenydrak.cz\/velkoobchod\/?post_type=product&#038;p=91527"},"modified":"2025-03-05T08:07:52","modified_gmt":"2025-03-05T08:07:52","slug":"medunka-lekarska-bylinny-caj","status":"publish","type":"product","link":"https:\/\/zelenydrak.cz\/velkoobchod\/produkt\/medunka-lekarska-bylinny-caj\/","title":{"rendered":"MEDU\u0147KA L\u00c9KA\u0158SK\u00c1 &#8211; bylinn\u00fd \u010daj"},"content":{"rendered":"<h2>MEDU\u0147KA L\u00c9KA\u0158SK\u00c1 &#8211; bylinn\u00fd \u010daj<\/h2>\n<p>Slo\u017een\u00ed \u010daje: medu\u0148ka l\u00e9ka\u0159sk\u00e1 100%. Lidov\u00fdm n\u00e1zvem t\u00e9\u017e v\u010deln\u00edk, dou\u0161n\u00edk, mate\u010dn\u00edk, rojovn\u00edk, medlinka. <\/p>\n<p> U medu\u0148ky l\u00e9k\u0159sk\u00e9 se pou\u017e\u00edv\u00e1 jako rostlinn\u00e9 drogy listy nebo nat\u011b, sb\u00edran\u00e9 t\u011bsn\u011b p\u0159ed pln\u00fdm kv\u011btem. Hlavn\u00ed \u00fa\u010dinnou l\u00e1tkou medu\u0148ce jsou silice s vysok\u00fdm obsahem citronellalu a citralu, d\u00e1le pak medu\u0148ka obsahuje ho\u0159\u010diny a t\u0159\u00edsloviny.<\/p>\n<p> L\u00e9\u010div\u00e9 \u00fa\u010dinky medu\u0148ky<\/p>\n<p> Silice medu\u0148ky p\u016fsob\u00ed jako spazmolytikum a m\u00e1 antibakteri\u00e1ln\u00ed \u00fa\u010dinky. T\u0159\u00edsloviny p\u016fsob\u00ed protiz\u00e1n\u011btliv\u011b a antibioticky. Ho\u0159\u010diny n\u00e1m pom\u00e1haj\u00ed z\u00edskat ztracenou chu\u0165 k j\u00eddlu.<\/p>\n<p>P\u0159i pravideln\u00e9m pit\u00ed medu\u0148kov\u00e9ho \u010daje pom\u00e1h\u00e1me t\u011blu vyrovnat se z nervozitou, srde\u010dn\u00edma pot\u00ed\u017e\u00edma neurotick\u00e9ho p\u016fvodu, bolest\u00ed hlavy zp\u016fsobenou stresem. Medu\u0148kov\u00e1 koupel m\u00e1 uklid\u0148uj\u00edc\u00ed \u00fa\u010dinky a pom\u00e1h\u00e1 p\u0159i nespavosti.<\/p>\n<p>Vite, \u017ee listy \u010derstv\u011b sklizen\u00e9 medu\u0148ky v letn\u00edm horku p\u0159\u00edjemn\u011b osv\u011b\u017e\u00ed a za\u017eenou \u017e\u00edze\u0148? Medu\u0148ku lze t\u00e9\u017e sm\u00edchat s \u010dern\u00fdm \u010dajem, kousky ledu a p\u0159ipravit tak ledov\u00fd \u010daj.<\/p>\n<h2>Bylinn\u00fd \u010daj. Bylinky.<\/h2>\n<p>Navzdory v\u0161emu vyrostla bylinka. A\u0165 ji\u017e vyu\u017eijeme jako na\u0161e babi\u010dky he\u0159m\u00e1nek nebo fenykl p\u0159i \u017ealude\u010dn\u00edch obt\u00ed\u017e\u00edch, ryb\u00edz nebo m\u00e1tu peprnou p\u0159i nachlazen\u00ed, v\u017edy spoj\u00edme mo\u017en\u00fd blahod\u00e1rn\u00fd \u00fa\u010dinek s p\u0159irozen\u00fdm po\u017eitkem. Bylinn\u00e9 \u010daje jsou ide\u00e1ln\u00ed proti \u017e\u00edzni a obstaraj\u00ed svou rozmanitost\u00ed lahodnou zm\u011bnu chut\u00ed \u0161\u00e1lek za \u0161\u00e1lkem.<\/p>\n<h2>P\u0159\u00edchu\u0165 bylinn\u00fdch \u010daj\u016f nezn\u00e1 mez\u00ed.<\/h2>\n<p>Um\u011bt vyu\u017e\u00edt s\u00edlu bylinek je prad\u00e1vn\u00e1 tradice. Zelen\u00fd Drak\u00ae V\u00e1m nab\u00edz\u00ed nejen z\u00e1kladn\u00ed byliny vysok\u00e9 kvality, ale i star\u00e9 a obnoven\u00e9 \u010dajov\u00e9 sm\u011bsi. Pou\u017e\u00edvaj\u00ed se listy, kv\u011bty, ovoce a aroma, v kombinaci s m\u00e1tu peprnou, z\u00e1zvorem, ananasem, kop\u0159ivou, citr\u00f3novou tr\u00e1vou a mnoha dal\u0161\u00edmi. Jednou vznikne ovocn\u00e9 osv\u011b\u017een\u00ed, jednou ko\u0159en\u011bn\u00fd plnohodnotn\u00fd \u010daj. Ale poka\u017ed\u00e9 vznikne opravdov\u00fd chu\u0165ov\u00fd z\u00e1\u017eitek. Mimochodem: bylinkov\u00e9 \u010daje neobsahuj\u00ed (a\u017e na m\u00e1tu) \u017e\u00e1dn\u00fd kofein a jsou obl\u00edben\u00e9 u v\u0161ech v\u011bkov\u00fdch skupin.<\/p>\n<h2>P\u0159\u00edprava bylinn\u00e9ho \u010daje:<\/h2>\n<p>p\u0159elijte bylinky vrouc\u00ed vodou a nechte luhovat nejm\u00e9n\u011b 5 minut.<\/p>\n<p>V\u0161echny louky a hou\u0161t\u00ed, v\u0161echny hory a kopce jsou l\u00e9k\u00e1rnou.<\/p>\n<p>(Paracelsus)<\/p>\n<p><img decoding=\"async\" src=\"https:\/\/caj-a-kava.cz\/obrazky\/uvod\/dobalouhovani\/bylinny_caj.jpg\" alt=\"Prodej kvalitn\u00edch bylinek. P\u0159\u00edprava \u010daje od Zelen\u00fd Drak \u010daj a k\u00e1va\" \/>\u00a0<\/p>\n","protected":false},"excerpt":{"rendered":"<p><img loading=\"lazy\" decoding=\"async\" class=\"size-full wp-image-2970 alignleft\" src=\"https:\/\/zelenydrak.cz\/wp-content\/uploads\/2024\/08\/konvice-caj.png\" alt=\"\" width=\"48\" height=\"48\" \/>   V\u016fn\u011b a chu\u0165: sv\u011b\u017e\u00ed jemn\u00e1.<\/p>\n","protected":false},"featured_media":91553,"comment_status":"open","ping_status":"closed","template":"","meta":[],"product_brand":[],"product_cat":[304],"product_tag":[],"class_list":{"0":"post-91527","1":"product","2":"type-product","3":"status-publish","4":"has-post-thumbnail","6":"product_cat-bylinny-caj-a-smesi","8":"first","9":"instock","10":"product-type-variable","11":"has-default-attributes"},"_links":{"self":[{"href":"https:\/\/zelenydrak.cz\/velkoobchod\/wp-json\/wp\/v2\/product\/91527","targetHints":{"allow":["GET"]}}],"collection":[{"href":"https:\/\/zelenydrak.cz\/velkoobchod\/wp-json\/wp\/v2\/product"}],"about":[{"href":"https:\/\/zelenydrak.cz\/velkoobchod\/wp-json\/wp\/v2\/types\/product"}],"replies":[{"embeddable":true,"href":"https:\/\/zelenydrak.cz\/velkoobchod\/wp-json\/wp\/v2\/comments?post=91527"}],"wp:featuredmedia":[{"embeddable":true,"href":"https:\/\/zelenydrak.cz\/velkoobchod\/wp-json\/wp\/v2\/media\/91553"}],"wp:attachment":[{"href":"https:\/\/zelenydrak.cz\/velkoobchod\/wp-json\/wp\/v2\/media?parent=91527"}],"wp:term":[{"taxonomy":"product_brand","embeddable":true,"href":"https:\/\/zelenydrak.cz\/velkoobchod\/wp-json\/wp\/v2\/product_brand?post=91527"},{"taxonomy":"product_cat","embeddable":true,"href":"https:\/\/zelenydrak.cz\/velkoobchod\/wp-json\/wp\/v2\/product_cat?post=91527"},{"taxonomy":"product_tag","embeddable":true,"href":"https:\/\/zelenydrak.cz\/velkoobchod\/wp-json\/wp\/v2\/product_tag?post=91527"}],"curies":[{"name":"wp","href":"https:\/\/api.w.org\/{rel}","templated":true}]}}