{"id":91526,"date":"2025-03-05T08:07:44","date_gmt":"2025-03-05T08:07:44","guid":{"rendered":"https:\/\/zelenydrak.cz\/velkoobchod\/?post_type=product&#038;p=91526"},"modified":"2025-03-05T08:07:52","modified_gmt":"2025-03-05T08:07:52","slug":"vietnam-green-thai-nguyen-special-quality-zeleny-caj","status":"publish","type":"product","link":"https:\/\/zelenydrak.cz\/velkoobchod\/produkt\/vietnam-green-thai-nguyen-special-quality-zeleny-caj\/","title":{"rendered":"VIETNAM GREEN THAI NGUYEN SPECIAL QUALITY &#8211; zelen\u00fd \u010daj"},"content":{"rendered":"<h2>VIETNAM GREEN THAI NGUYEN SPECIAL QUALITY  \u2013 prav\u00fd zelen\u00fd \u010daj<\/h2>\n<p>Slo\u017een\u00ed: prav\u00fd zelen\u00fd vietnamsk\u00fd \u010daj 100%.<\/p>\n<p><img loading=\"lazy\" decoding=\"async\" style=\"float: left;\" title=\"konvice \u010caj-a-K\u00e1va.cz\" src=\"https:\/\/caj-a-kava.cz\/img\/cms\/konvice_zelenydrak.png\" alt=\"konvice \u010caj-a-K\u00e1va.cz\" width=\"100\" height=\"100\" \/><\/p>\n<p>\u010caj V\u00e1s hned p\u0159i otev\u0159en\u00ed s\u00e1\u010dku nadchne bylinkovo ko\u0159en\u011bnou v\u016fn\u00ed. Tato v\u016fn\u011b se zn\u00e1sob\u00ed jakmile \u010daj zalijeme teplou kvalitn\u00ed vodou a nech\u00e1me vylouhovat. Po dvou a\u017e t\u0159ech minut\u00e1ch louhov\u00e1n\u00ed V\u00e1s \u010daj odm\u011bn\u00ed podmanivou v\u016fn\u00ed a n\u00e1dhernou a n\u00e1dhernou sv\u011btle zelenou barvou n\u00e1levu.<\/p>\n<p> Kvalitn\u00ed, stejnom\u011brn\u011b svinut\u00fd, st\u0159\u00edb\u0159it\u00fd list d\u00e1v\u00e1 tr\u00e1vovou a\u017e bylinkovo ko\u0159en\u011bnou chu\u0165. Je nadm\u00edru povzbudiv\u00fd a p\u0159i p\u0159eluhov\u00e1n\u00ed t\u00e9m\u011b\u0159 nepiteln\u00fd. Vietnamci jej zal\u00edvaj\u00ed t\u00e9m\u011b\u0159 100\u00b0C vodou aby pr\u00e1v\u011b t\u00e9to nepitelnosti dos\u00e1hli. Vietnamsk\u00e9 \u010daje jsou v\u00fdrazn\u011bji m\u00e9n\u011b n\u00e1chyln\u00e9 p\u0159i \u0161patn\u00e9m nebo dlouhodob\u00e9m skladov\u00e1n\u00ed k znehodnocen\u00ed. St\u00e1rnou pomaleji. Chcete-li b\u00fdt v\u011b\u010dn\u011b mlad\u00ed, pijte tedy vietnamsk\u00fd \u010daj.<\/p>\n<p>Tento typ zelen\u00e9ho \u010daje se vyr\u00e1b\u00ed z rostliny Camellia sinensis, stejn\u00e9 rostliny, ze kter\u00e9 se vyr\u00e1b\u011bj\u00ed v\u0161echny druhy \u010daje.\u00a0Tento \u010daj \u010dasto vypad\u00e1 jako ohnut\u00fd h\u00e1\u010dek na ryby, proto si z\u00edskal p\u0159ezd\u00edvku ryb\u00ed h\u00e1\u010dek.\u00a0Listy zelen\u00e9ho \u010daje se skl\u00edzej\u00ed ka\u017ed\u00fd rok na konci zimy, co\u017e je ide\u00e1ln\u00ed obdob\u00ed pro v\u00fdrobu zelen\u00e9ho \u010daje.\u00a0Rostlinky rostou v chladn\u011bj\u0161\u00edm po\u010das\u00ed pomaleji, a proto jsou jejich listy men\u0161\u00ed.\u00a0Tradi\u010dn\u00ed vietnamsk\u00fd zelen\u00fd \u010daj je velmi vonn\u00fd, m\u00edrn\u011b ho\u0159k\u00fd, kdy\u017e jej pijete, ale poskytuje jemn\u011b sladkou dochu\u0165.\u00a0<\/p>\n<p>Kdy\u017e mluv\u00edme o vietnamsk\u00e9m \u010daji tak v\u011bt\u0161ina Vietnamc\u016f uv\u00e1d\u00ed jako nejlep\u0161\u00ed \u010daj thajsk\u00fd Nguyen.\u00a0Je to jednodu\u0161e proto, \u017ee tato horsk\u00e1 \u010dtvr\u0165  ve Vietnamu je zn\u00e1ma ji\u017e sto let jako blast pro p\u011bstov\u00e1n\u00ed aromatick\u00fdch \u010daj\u016f.\u00a0Nikdo p\u0159esn\u011b nev\u00ed, co d\u011bl\u00e1 \u010dajov\u00e9 produkty z t\u00e9to zem\u011b tak okouzluj\u00edc\u00ed. N\u011bkte\u0159\u00ed to p\u0159ipisuj\u00ed klima, jin\u00ed p\u0159edpokl\u00e1daj\u00ed, \u017ee d\u016fvodem je p\u016fda a jin\u00ed tak\u00e9 \u0159\u00edkaj\u00ed, \u017ee specialitou je zku\u0161en\u00e1 ruka farm\u00e1\u0159\u016f.\u00a0Kdo v\u00ed? N\u00e1s zaj\u00edm\u00e1 p\u0159edev\u0161\u00edm fakt, \u017ee prav\u00fd thajsk\u00fd \u010daj Nguyen si m\u016f\u017eeme u\u017e\u00edt s ka\u017edou kapkou tohoto vo\u0148av\u00e9ho n\u00e1poje.<\/p>\n<p>\u010caj je mi l\u00e1skou, k\u00e1va v\u00e1\u0161n\u00ed<\/p>\n<p>LEA<\/p>\n<p><p><img decoding=\"async\" src=\"https:\/\/caj-a-kava.cz\/obrazky\/uvod\/dobalouhovani\/zeleny_caj.jpg\" alt=\"Prodej zelen\u00e9ho, sypan\u00e9ho BIO \u010daje. P\u0159\u00edprava \u010daje od Zelen\u00fd Drak \u010daj a k\u00e1va\" \/><\/p>\n","protected":false},"excerpt":{"rendered":"<p><img loading=\"lazy\" decoding=\"async\" class=\"size-full wp-image-2970 alignleft\" src=\"https:\/\/zelenydrak.cz\/wp-content\/uploads\/2024\/08\/konvice-caj.png\" alt=\"\" width=\"48\" height=\"48\" \/>   V\u016fn\u011b a chu\u0165: jemn\u00e1 sladk\u00e1 s t\u00f3ny ko\u0159en\u00ed.  Vietnamsk\u00e9 \u010daje jsou v\u00fdrazn\u011bji m\u00e9n\u011b n\u00e1chyln\u00e9 p\u0159i \u0161patn\u00e9m nebo dlouhodob\u00e9m skladov\u00e1n\u00ed k znehodnocen\u00ed. St\u00e1rnou pomaleji. Chcete-li b\u00fdt v\u011b\u010dn\u011b mlad\u00ed, pijte tedy vietnamsk\u00fd \u010daj.<\/p>\n","protected":false},"featured_media":91551,"comment_status":"open","ping_status":"closed","template":"","meta":[],"product_brand":[],"product_cat":[295],"product_tag":[],"class_list":{"0":"post-91526","1":"product","2":"type-product","3":"status-publish","4":"has-post-thumbnail","6":"product_cat-zeleny-caj-cisty","8":"first","9":"instock","10":"product-type-variable","11":"has-default-attributes"},"_links":{"self":[{"href":"https:\/\/zelenydrak.cz\/velkoobchod\/wp-json\/wp\/v2\/product\/91526","targetHints":{"allow":["GET"]}}],"collection":[{"href":"https:\/\/zelenydrak.cz\/velkoobchod\/wp-json\/wp\/v2\/product"}],"about":[{"href":"https:\/\/zelenydrak.cz\/velkoobchod\/wp-json\/wp\/v2\/types\/product"}],"replies":[{"embeddable":true,"href":"https:\/\/zelenydrak.cz\/velkoobchod\/wp-json\/wp\/v2\/comments?post=91526"}],"wp:featuredmedia":[{"embeddable":true,"href":"https:\/\/zelenydrak.cz\/velkoobchod\/wp-json\/wp\/v2\/media\/91551"}],"wp:attachment":[{"href":"https:\/\/zelenydrak.cz\/velkoobchod\/wp-json\/wp\/v2\/media?parent=91526"}],"wp:term":[{"taxonomy":"product_brand","embeddable":true,"href":"https:\/\/zelenydrak.cz\/velkoobchod\/wp-json\/wp\/v2\/product_brand?post=91526"},{"taxonomy":"product_cat","embeddable":true,"href":"https:\/\/zelenydrak.cz\/velkoobchod\/wp-json\/wp\/v2\/product_cat?post=91526"},{"taxonomy":"product_tag","embeddable":true,"href":"https:\/\/zelenydrak.cz\/velkoobchod\/wp-json\/wp\/v2\/product_tag?post=91526"}],"curies":[{"name":"wp","href":"https:\/\/api.w.org\/{rel}","templated":true}]}}