{"id":91524,"date":"2025-03-05T08:07:44","date_gmt":"2025-03-05T08:07:44","guid":{"rendered":"https:\/\/zelenydrak.cz\/velkoobchod\/?post_type=product&#038;p=91524"},"modified":"2025-03-05T08:07:52","modified_gmt":"2025-03-05T08:07:52","slug":"cachticka-pani-bio-rooibos-caj","status":"publish","type":"product","link":"https:\/\/zelenydrak.cz\/velkoobchod\/produkt\/cachticka-pani-bio-rooibos-caj\/","title":{"rendered":"\u010cACHTICK\u00c1 PAN\u00cd BIO &#8211; rooibos \u010daj"},"content":{"rendered":"<h2>\u010cACHTICK\u00c1 PAN\u00cd BIO &#8211; rooibos \u010daj<\/h2>\n<p>Slo\u017een\u00ed: rooibos * (min.70%), \u010dern\u00fd bez *, korintky * (druh hrozinek), aroma, \u010dern\u00fd ryb\u00edz *, \u010derven\u00fd ryb\u00edz *, kousky malin *, kousky jahod *. Obsahuje velk\u00e9 mno\u017estv\u00ed p\u0159\u00edrodn\u00edho vitam\u00ednu C. * ozna\u010den\u00e9 produkty poch\u00e1zej\u00ed z ekologicky kontrolovan\u00e9 oblasti.<\/p>\n<p><p><img decoding=\"async\" src=\"https:\/\/caj-a-kava.cz\/obrazky\/uvod\/dobalouhovani\/rooibos.jpg\" alt=\"Prodej rooibos \u010daj\u016f. P\u0159\u00edprava \u010daje od Zelen\u00fd Drak \u010daj a k\u00e1va\" \/>\u00a0<\/p>\n","protected":false},"excerpt":{"rendered":"<p><img loading=\"lazy\" decoding=\"async\" class=\"size-full wp-image-2970 alignleft\" src=\"https:\/\/zelenydrak.cz\/wp-content\/uploads\/2024\/08\/konvice-caj.png\" alt=\"\" width=\"48\" height=\"48\" \/>   V\u016fn\u011b a chu\u0165: lesn\u00ed ovoce.<\/p>\n","protected":false},"featured_media":91546,"comment_status":"open","ping_status":"closed","template":"","meta":[],"product_brand":[],"product_cat":[313,312],"product_tag":[],"class_list":{"0":"post-91524","1":"product","2":"type-product","3":"status-publish","4":"has-post-thumbnail","6":"product_cat-rooibos","7":"product_cat-rooibos-bio","9":"first","10":"instock","11":"product-type-variable","12":"has-default-attributes"},"_links":{"self":[{"href":"https:\/\/zelenydrak.cz\/velkoobchod\/wp-json\/wp\/v2\/product\/91524","targetHints":{"allow":["GET"]}}],"collection":[{"href":"https:\/\/zelenydrak.cz\/velkoobchod\/wp-json\/wp\/v2\/product"}],"about":[{"href":"https:\/\/zelenydrak.cz\/velkoobchod\/wp-json\/wp\/v2\/types\/product"}],"replies":[{"embeddable":true,"href":"https:\/\/zelenydrak.cz\/velkoobchod\/wp-json\/wp\/v2\/comments?post=91524"}],"wp:featuredmedia":[{"embeddable":true,"href":"https:\/\/zelenydrak.cz\/velkoobchod\/wp-json\/wp\/v2\/media\/91546"}],"wp:attachment":[{"href":"https:\/\/zelenydrak.cz\/velkoobchod\/wp-json\/wp\/v2\/media?parent=91524"}],"wp:term":[{"taxonomy":"product_brand","embeddable":true,"href":"https:\/\/zelenydrak.cz\/velkoobchod\/wp-json\/wp\/v2\/product_brand?post=91524"},{"taxonomy":"product_cat","embeddable":true,"href":"https:\/\/zelenydrak.cz\/velkoobchod\/wp-json\/wp\/v2\/product_cat?post=91524"},{"taxonomy":"product_tag","embeddable":true,"href":"https:\/\/zelenydrak.cz\/velkoobchod\/wp-json\/wp\/v2\/product_tag?post=91524"}],"curies":[{"name":"wp","href":"https:\/\/api.w.org\/{rel}","templated":true}]}}