{"id":91523,"date":"2025-03-05T08:07:44","date_gmt":"2025-03-05T08:07:44","guid":{"rendered":"https:\/\/zelenydrak.cz\/velkoobchod\/?post_type=product&#038;p=91523"},"modified":"2025-03-05T08:07:52","modified_gmt":"2025-03-05T08:07:52","slug":"frisky-caj-golden-tips-cerny-caj","status":"publish","type":"product","link":"https:\/\/zelenydrak.cz\/velkoobchod\/produkt\/frisky-caj-golden-tips-cerny-caj\/","title":{"rendered":"FR\u00cdSK\u00dd \u010cAJ GOLDEN TIPS &#8211; \u010dern\u00fd \u010daj"},"content":{"rendered":"<h2>FR\u00cdSK\u00dd \u010cAJ GOLDEN TIPS &#8211; prav\u00fd \u010dern\u00fd \u010daj<\/h2>\n<p>Slo\u017een\u00ed: prav\u00fd \u010dern\u00fd \u010daj 100% z V\u00fdchodn\u00edho Fr\u00edska. Sm\u011bs excelentn\u00ed kvality.<\/p>\n<p> Fr\u00edsk\u00fd \u010daj V\u00e1s ihned po otev\u0159en\u00ed s\u00e1\u010dku nadchne aromatickou silnou sladovou v\u016fn\u00ed \u010dern\u00e9ho \u010daje. Tato v\u016fn\u011b se zn\u00e1sob\u00ed jakmile \u010daj zalijeme horkou vodou a nech\u00e1me vylouhovat. Po t\u0159ech a\u017e p\u011bti minut\u00e1ch louhov\u00e1n\u00ed V\u00e1s \u010daj odm\u011bn\u00ed podmanivou v\u016fn\u00ed a atraktivn\u00ed m\u011bd\u011bno \u010dervenou barvou n\u00e1levu. <\/p>\n<p> O Fr\u00edsk\u00e9m \u010daji<\/p>\n<p>  P\u0159\u00edprava \u010daje: kandovan\u00fd cukr v misce p\u0159elijeme siln\u00fdm Fr\u00edsk\u00fdm \u010dajem, p\u0159id\u00e1me smetanu a nem\u00edch\u00e1me. Smetana vystoup\u00e1 vzh\u016fru a m\u016f\u017eeme pop\u00edjet.  To v\u0161e opakujeme minim\u00e1ln\u011b t\u0159ikr\u00e1t. Zapome\u0148te na l\u017ei\u010dku. Z \u010daje nejd\u0159\u00edv vychutn\u00e1v\u00e1me smet\u00e1nku, pot\u00e9 siln\u00fd \u010daj a nakonec \u010daj s cukrem a to je Fr\u00edsk\u00e9. Zj\u00edmavost o Fr\u00edsku: bez jak\u00fdchkoliv pochybnost\u00ed V\u00fdchodn\u00ed Fr\u00edsko a \u010daj pat\u0159\u00ed k sob\u011b.\u00a0 Toti\u017e ve Fr\u00edsku je pr\u016fm\u011brn\u00e1 spot\u0159eba \u010daje za rok sedm kilo na osobu. Za cel\u00fd sv\u016fj \u017eivot t\u00e9m\u011b\u0159 ka\u017ed\u00fd Fr\u00edsian vypije asi 300 tis\u00edc \u0161\u00e1lk\u016f \u010daje.<\/p>\n<h4>\u010caj je mi l\u00e1skou, k\u00e1va v\u00e1\u0161n\u00ed<\/h4>\n<p>(LEA)<\/p>\n<p><p><img decoding=\"async\" src=\"https:\/\/caj-a-kava.cz\/obrazky\/uvod\/dobalouhovani\/cerny_caj.jpg\" alt=\"Prodej \u010dern\u00e9ho \u010daje. P\u0159\u00edprava \u010dern\u00e9ho \u010daje od Zelen\u00fd Drak \u010daj a k\u00e1va\" \/><\/p>\n","protected":false},"excerpt":{"rendered":"<p><img loading=\"lazy\" decoding=\"async\" class=\"size-full wp-image-2970 alignleft\" src=\"https:\/\/zelenydrak.cz\/wp-content\/uploads\/2024\/08\/konvice-caj.png\" alt=\"\" width=\"48\" height=\"48\" \/>   V\u016fn\u011b a chu\u0165:velmi intenzivn\u00ed, siln\u00e1 \u010dern\u00e9ho \u010daje.  Ve Fr\u00edsku je pr\u016fm\u011brn\u00e1 spot\u0159eba \u010daje za rok sedm kilo na osobu. Za cel\u00fd sv\u016fj \u017eivot t\u00e9m\u011b\u0159 ka\u017ed\u00fd Fr\u00edsian vypije asi 300 tis\u00edc \u0161\u00e1lk\u016f \u010daje.<\/p>\n","protected":false},"featured_media":91544,"comment_status":"open","ping_status":"closed","template":"","meta":[],"product_brand":[],"product_cat":[292],"product_tag":[],"class_list":{"0":"post-91523","1":"product","2":"type-product","3":"status-publish","4":"has-post-thumbnail","6":"product_cat-cerny-caj-cisty","8":"first","9":"instock","10":"product-type-variable","11":"has-default-attributes"},"_links":{"self":[{"href":"https:\/\/zelenydrak.cz\/velkoobchod\/wp-json\/wp\/v2\/product\/91523","targetHints":{"allow":["GET"]}}],"collection":[{"href":"https:\/\/zelenydrak.cz\/velkoobchod\/wp-json\/wp\/v2\/product"}],"about":[{"href":"https:\/\/zelenydrak.cz\/velkoobchod\/wp-json\/wp\/v2\/types\/product"}],"replies":[{"embeddable":true,"href":"https:\/\/zelenydrak.cz\/velkoobchod\/wp-json\/wp\/v2\/comments?post=91523"}],"wp:featuredmedia":[{"embeddable":true,"href":"https:\/\/zelenydrak.cz\/velkoobchod\/wp-json\/wp\/v2\/media\/91544"}],"wp:attachment":[{"href":"https:\/\/zelenydrak.cz\/velkoobchod\/wp-json\/wp\/v2\/media?parent=91523"}],"wp:term":[{"taxonomy":"product_brand","embeddable":true,"href":"https:\/\/zelenydrak.cz\/velkoobchod\/wp-json\/wp\/v2\/product_brand?post=91523"},{"taxonomy":"product_cat","embeddable":true,"href":"https:\/\/zelenydrak.cz\/velkoobchod\/wp-json\/wp\/v2\/product_cat?post=91523"},{"taxonomy":"product_tag","embeddable":true,"href":"https:\/\/zelenydrak.cz\/velkoobchod\/wp-json\/wp\/v2\/product_tag?post=91523"}],"curies":[{"name":"wp","href":"https:\/\/api.w.org\/{rel}","templated":true}]}}