{"id":91522,"date":"2025-03-05T08:07:44","date_gmt":"2025-03-05T08:07:44","guid":{"rendered":"https:\/\/zelenydrak.cz\/velkoobchod\/?post_type=product&#038;p=91522"},"modified":"2025-03-05T08:07:52","modified_gmt":"2025-03-05T08:07:52","slug":"irsky-caj-cerny-caj","status":"publish","type":"product","link":"https:\/\/zelenydrak.cz\/velkoobchod\/produkt\/irsky-caj-cerny-caj\/","title":{"rendered":"IRSK\u00dd \u010cAJ &#8211; \u010dern\u00fd \u010daj"},"content":{"rendered":"<h2>IRSK\u00dd \u010cAJ &#8211; \u010dern\u00fd \u010daj<\/h2>\n<p>Slo\u017een\u00ed: prav\u00fd \u010dern\u00fd \u010daj 100%. Sypan\u00fd \u010daj je slo\u017een z n\u011bkolika druh\u016f \u010daje Assam.<\/p>\n<p> \u010caj V\u00e1s ihned po otev\u0159en\u00ed s\u00e1\u010dku nadchne aromatickou silnou v\u016fn\u00ed \u010dern\u00e9ho \u010daje. Tato v\u016fn\u011b se zn\u00e1sob\u00ed jakmile \u010daj zalijeme horkou vodou a nech\u00e1me vylouhovat. Po t\u0159ech a\u017e p\u011bti minut\u00e1ch louhov\u00e1n\u00ed V\u00e1s \u010daj odm\u011bn\u00ed podmanivou v\u016fn\u00ed a atraktivn\u00ed temn\u011b jantarovou barvou n\u00e1levu. <\/p>\n<p> O Irsk\u00e9m \u010daji<\/p>\n<p>   Vzhledem k  s\u00edle irsk\u00e9ho \u010daje se irsk\u00fd \u010daj obvykle pod\u00e1v\u00e1 s ml\u00e9kem, ale m\u016f\u017ee b\u00fdt tak\u00e9 konzumov\u00e1n jako \u010dern\u00fd, s cukrem nebo dokonce s medem.\u00a0Proto\u017ee ml\u00e9\u010dn\u00e9 v\u00fdrobky jsou hlavn\u00ed sou\u010d\u00e1st\u00ed irsk\u00e9 stravy, v\u011bt\u0161ina lid\u00ed v Irsku pije \u010daj s ml\u00e9kem.\u00a0Jako \u010dern\u00fd \u010daj m\u00e1 silnou chu\u0165 a vy\u0161\u0161\u00ed\u00a0obsah kofeinu ne\u017e \u010daje zelen\u00e9, b\u00edl\u00e9 nebo oolongy.\u00a0Irsk\u00fd \u010daj se vyzna\u010duje robustn\u00ed, slanou chut\u00ed a na\u010dervenal\u00fdm n\u00e1dechem.\u00a0Je robustn\u011bj\u0161\u00ed ne\u017e anglick\u00fd sn\u00edda\u0148ov\u00fd \u010daj, ale ne tak siln\u00fd jako skotsk\u00fd sn\u00edda\u0148ov\u00fd \u010daj.\u00a0Jeho jedine\u010dn\u00e1 slan\u00e1 chu\u0165 je p\u0159i\u010d\u00edt\u00e1na obsahu Assamu.\u00a0Assam ozna\u010duje tropickou oblast, z n\u00ed\u017e tento v\u00fdrazn\u00fd \u010dern\u00fd \u010daj poch\u00e1z\u00ed.\u00a0\u00dadol\u00ed Assam je zasazeno na \u00fapat\u00ed him\u00e1lajsk\u00fdch hor, v\u011bt\u0161inou na \u00farovni Indie nebo v jej\u00ed bl\u00edzkosti.<\/p>\n<p>P\u0159ekvapiv\u011b byl tento vydatn\u00fd \u010dern\u00fd \u010daj objeven ve t\u0159ic\u00e1t\u00fdch letech minul\u00e9ho stolet\u00ed, ne Irem, ale slavn\u00fdm Skotem Robertem Brucem.\u00a0Je zn\u00e1mo, \u017ee na\u0161el tento p\u016fvodn\u00ed \u010dajovn\u00edk (\u00a0<em>Camellia sinensis assamica<\/em>\u00a0) rostouc\u00ed divoce v indick\u00e9m okrese Assam.\u00a0\u00a0\u00a0Britsk\u00e1 v\u00fdchodoindick\u00e1 spole\u010dnost n\u00e1sledn\u011b za\u010dala vyr\u00e1b\u011bt \u010daj v Assamu a vyv\u00e1\u017eela jej do Irska.\u00a0Nejprve byl p\u0159edstaven ve vy\u0161\u0161\u00edch kruz\u00edch kolem roku 1835, ale v polovin\u011b 19. stolet\u00ed se stal \u010daj dostupn\u00fdm pro v\u0161echny.\u00a0\u010caj si z\u00edskal obrovskou popularitu a udr\u017eel si sv\u016fj status obl\u00edben\u00e9ho n\u00e1poje v Irsku.<\/p>\n<p>Irov\u00e9 jsou zn\u00e1m\u00ed t\u00edm, \u017ee pij\u00ed sv\u016fj \u010daj siln\u00fd a se spoustou ml\u00e9ka.\u00a0Tradi\u010dn\u011b bylo ml\u00e9ko nalito do \u010dajov\u00fdch \u0161\u00e1lk\u016f, aby se zabr\u00e1nilo v prask\u00e1n\u00ed jemn\u00fdch porcel\u00e1nov\u00fdch \u0161\u00e1lk\u016f p\u0159i lit\u00ed hork\u00e9ho \u010daje.\u00a0To, co za\u010dalo jako praktick\u00e1 metoda \u0161et\u0159en\u00ed k\u0159ehk\u00fdch \u0161\u00e1lk\u016f, se nad\u00e1le uk\u00e1zalo jako super pro v\u00fdslednou chu\u0165 \u010daje.\u00a0\u010cajov\u00ed nad\u0161enci st\u00e1le zachov\u00e1vaj\u00ed tradici nal\u00e9v\u00e1n\u00ed ml\u00e9ka do \u0161\u00e1lku jako prvn\u00ed pro kvalitu chuti.\u00a0V gael\u0161tin\u011b, tradi\u010dn\u00edm irsk\u00e9m jazyce, se \u0161\u00e1lek \u010daje naz\u00fdv\u00e1 cupan tae nebo cuppa tay.<\/p>\n<p>\u010caj je mi l\u00e1skou, k\u00e1va v\u00e1\u0161n\u00ed<\/p>\n<p>(LEA)<\/p>\n<p><p><img decoding=\"async\" src=\"https:\/\/caj-a-kava.cz\/obrazky\/uvod\/dobalouhovani\/cerny_caj.jpg\" alt=\"Prodej \u010dern\u00e9ho \u010daje. P\u0159\u00edprava \u010dern\u00e9ho \u010daje od Zelen\u00fd Drak \u010daj a k\u00e1va\" \/><\/p>\n","protected":false},"excerpt":{"rendered":"<p><img loading=\"lazy\" decoding=\"async\" class=\"size-full wp-image-2970 alignleft\" src=\"https:\/\/zelenydrak.cz\/wp-content\/uploads\/2024\/08\/konvice-caj.png\" alt=\"\" width=\"48\" height=\"48\" \/>   V\u016fn\u011b a chu\u0165:velmi intenzivn\u00ed, siln\u00e1 \u010dern\u00e9ho \u010daje. Irov\u00e9 pij\u00ed \u0161\u00e1lek \u010daje r\u00e1no a kdykoli b\u011bhem dne. Pit\u00ed \u010daje je v Irsku obvykl\u00e9 a je to skv\u011bl\u00fd zp\u016fsob, jak si odpo\u010dinout s rodinou a p\u0159\u00e1teli. Tradi\u010dn\u00ed irsk\u00e9 \u010daje se pij\u00ed v 11 hod. a pod\u00e1vaj\u00ed se s kol\u00e1\u010dky. Odpoledn\u00ed \u010daj se obvykle pod\u00e1v\u00e1 mezi 15 a\u017e 17 hod. s ne p\u0159\u00edli\u0161 sladk\u00fdma su\u0161enkama a ve\u010dern\u00ed \u010daj se obvykle pod\u00e1v\u00e1 v 18 hod. Jsou to hold \u010dajomilci ti Irov\u00e9.<\/p>\n","protected":false},"featured_media":91542,"comment_status":"open","ping_status":"closed","template":"","meta":[],"product_brand":[],"product_cat":[292],"product_tag":[],"class_list":{"0":"post-91522","1":"product","2":"type-product","3":"status-publish","4":"has-post-thumbnail","6":"product_cat-cerny-caj-cisty","8":"first","9":"instock","10":"product-type-variable","11":"has-default-attributes"},"_links":{"self":[{"href":"https:\/\/zelenydrak.cz\/velkoobchod\/wp-json\/wp\/v2\/product\/91522","targetHints":{"allow":["GET"]}}],"collection":[{"href":"https:\/\/zelenydrak.cz\/velkoobchod\/wp-json\/wp\/v2\/product"}],"about":[{"href":"https:\/\/zelenydrak.cz\/velkoobchod\/wp-json\/wp\/v2\/types\/product"}],"replies":[{"embeddable":true,"href":"https:\/\/zelenydrak.cz\/velkoobchod\/wp-json\/wp\/v2\/comments?post=91522"}],"wp:featuredmedia":[{"embeddable":true,"href":"https:\/\/zelenydrak.cz\/velkoobchod\/wp-json\/wp\/v2\/media\/91542"}],"wp:attachment":[{"href":"https:\/\/zelenydrak.cz\/velkoobchod\/wp-json\/wp\/v2\/media?parent=91522"}],"wp:term":[{"taxonomy":"product_brand","embeddable":true,"href":"https:\/\/zelenydrak.cz\/velkoobchod\/wp-json\/wp\/v2\/product_brand?post=91522"},{"taxonomy":"product_cat","embeddable":true,"href":"https:\/\/zelenydrak.cz\/velkoobchod\/wp-json\/wp\/v2\/product_cat?post=91522"},{"taxonomy":"product_tag","embeddable":true,"href":"https:\/\/zelenydrak.cz\/velkoobchod\/wp-json\/wp\/v2\/product_tag?post=91522"}],"curies":[{"name":"wp","href":"https:\/\/api.w.org\/{rel}","templated":true}]}}