{"id":91518,"date":"2025-03-05T08:07:44","date_gmt":"2025-03-05T08:07:44","guid":{"rendered":"https:\/\/zelenydrak.cz\/velkoobchod\/?post_type=product&#038;p=91518"},"modified":"2025-03-05T08:07:52","modified_gmt":"2025-03-05T08:07:52","slug":"alpske-kvety-wellness-caj-bio","status":"publish","type":"product","link":"https:\/\/zelenydrak.cz\/velkoobchod\/produkt\/alpske-kvety-wellness-caj-bio\/","title":{"rendered":"ALPSK\u00c9 KV\u011aTY &#8211; wellness \u010daj BIO"},"content":{"rendered":"<h2>ALPSK\u00c9 KV\u011aTY &#8211; wellness \u010daj<\/h2>\n<p>Slo\u017een\u00ed: kousky mrkve*, pomeran\u010dov\u00e1 k\u016fra *, kousky z\u00e1zvoru *, ostru\u017einov\u00e9 listy *, rooibos *, kousky jablek *, m\u00e1ta peprn\u00e1 *, verbena listy *, mu\u010denka listy *, l\u00edstky chrpy *, p\u0159\u00edrodn\u00ed p\u0159\u00edchu\u0165. Produkty ozna\u010den\u00e9 * poch\u00e1zej\u00ed z kontrolovan\u00e9ho ekologick\u00e9ho zem\u011bd\u011blstv\u00ed.<\/p>\n<h2>Popis \u010daje:<\/h2>\n<p><p>Alpsk\u00e9 kv\u011bty je wellness BIO \u010daj s hubnouc\u00edm charakterem, vhodn\u00fd p\u0159ed cvi\u010den\u00edm. Zaru\u010d\u00ed rychlej\u0161\u00ed spalov\u00e1n\u00ed tuk\u016f. Po cvi\u010den\u00ed dod\u00e1 vitam\u00edny a miner\u00e1ly. V jeho slo\u017een\u00ed se nach\u00e1z\u00ed kousky mrkve*, pomeran\u010dov\u00e1 k\u016fra *, kousky z\u00e1zvoru *, ostru\u017einov\u00e9 listy *, rooibos *, kousky jablek *, m\u00e1ta peprn\u00e1 *, verbena listy *, mu\u010denka listy *, l\u00edstky chrpy *. Produkty ozna\u010den\u00e9 * poch\u00e1zej\u00ed z kontrolovan\u00e9ho ekologick\u00e9ho zem\u011bd\u011blstv\u00ed.<\/p>\n<p><img loading=\"lazy\" decoding=\"async\" style=\"float: left;\" title=\"konvice \u010caj-a-K\u00e1va.cz\" src=\"https:\/\/caj-a-kava.cz\/img\/cms\/konvice_zelenydrak.png\" alt=\"konvice \u010caj-a-K\u00e1va.cz\" width=\"100\" height=\"100\" \/><\/p>\n<h2>N\u00e1poj:<\/h2>\n<p>N\u00e1lev z Alpsk\u00fdch kv\u011bt\u016f je dosti v\u00fdrazn\u00fd s p\u0159evl\u00e1daj\u00edc\u00ed chut\u00ed pomeran\u010de a marock\u00e9 m\u00e1ty. Po zalit\u00ed a vyluhov\u00e1n\u00ed m\u00e1 kr\u00e1snou \u017elutozelenou barvu. V chuti \u010daje je zastoupena mrkev o kter\u00e9 si bl\u00ed\u017ee n\u011bco pov\u00edme.<\/p>\n<p>\u00a0<\/p>\n<h2>Mrkev a jej\u00ed p\u016fsoben\u00ed na lidsk\u00fd organismus<\/h2>\n<p>P\u011bstov\u00e1n\u00ed mrkve m\u00e1 v\u00edce ne\u017e 2000 letou tradici. Je to d\u016fle\u017eit\u00e1 ko\u0159enov\u00e1 zelenina na sv\u011bt\u011b. U\u017e ve starov\u011bk\u00e9m \u0159ecku bylo mrkve pou\u017e\u00edv\u00e1no jako l\u00e9\u010diva nikoli jako potraviny. Lid\u00e9 v\u011b\u0159\u00ed, \u017ee tato sladk\u00e1 a chutn\u00e1 zelenina je pln\u00e1 vl\u00e1kniny, vitam\u00edn\u016f, miner\u00e1l\u016f a fytochemik\u00e1li\u00ed (l\u00e1tky p\u0159\u00edzniv\u011b ovliv\u0148uj\u00edc\u00ed zdrav\u00ed \u010dlov\u011bka), kter\u00e9 d\u00e1vaj\u00ed mrkvi \u0159adu potenci\u00e1ln\u00edch zdravotn\u00edch p\u0159\u00ednos\u016f.<\/p>\n<p>\u00a0<\/p>\n<h2>Mrkev je fantastick\u00fdm zdrojem vl\u00e1kniny<\/h2>\n<p>V\u011bt\u0161ina lid\u00ed s kter\u00fdmi jsme hovo\u0159ili, nekonzumuje dostatek vl\u00e1kniny. P\u0159id\u00e1n\u00ed mrkve do Va\u0161eho j\u00eddeln\u00ed\u010dku V\u00e1m m\u016f\u017ee pomoci splnit denn\u00ed hodnoty pro vl\u00e1kninu 25g, proto\u017ee se uv\u00e1d\u00ed, \u017ee miska syrov\u00e9 mrkve o hmotnosti 100g v\u00e1m poskytuje 2,9-3,4g, neboli cca 14 procent z DDD vl\u00e1kniny. N\u011bkte\u0159\u00ed lid\u00e9 v\u011b\u0159\u00ed, \u017ee z\u00edsk\u00e1n\u00edm dostatku vl\u00e1kniny stravou m\u016f\u017eou pomoci sn\u00ed\u017eit riziko cukrovky, vysok\u00e9 hladiny cholesterolu, diabetu druh\u00e9ho typu, onemocn\u011bn\u00ed srdce a za\u017e\u00edvac\u00edch probl\u00e9m\u016f, jako je z\u00e1cpa a divertikul\u00f3zy. Lid\u00e9 v\u011b\u0159\u00ed, \u017ee spr\u00e1vn\u00fd pom\u011br vl\u00e1kniny m\u016f\u017ee tak\u00e9 pomoci zhubnout nebo si udr\u017eet zdravou v\u00e1hu.<\/p>\n<p>\u00a0<\/p>\n<h2>Mrkev a vitam\u00edny<\/h2>\n<p>Uv\u00e1d\u00ed se, \u017ee miska syrov\u00e9 na pl\u00e1tky kr\u00e1jen\u00e9 mrkve n\u00e1m poskytuje cca 408 procent DDD vitaminu A, 12 procent z DDD vitamin C a 11\u00a0procent z DDD vitaminu K. Lid\u00e9 v\u011b\u0159\u00ed, \u017ee vitam\u00edn A mus\u00ed m\u00edt pro udr\u017een\u00ed si zdrav\u00e9ho zraku, imunitn\u00edch funkc\u00ed a pro spr\u00e1vn\u00e9 d\u011blen\u00ed bun\u011bk, \u017ee vitamin C je antioxidant, kter\u00fd pom\u00e1h\u00e1 p\u0159edch\u00e1zet po\u0161kozen\u00ed bun\u011bk ze slou\u010denin zvan\u00fdch voln\u00e9 radik\u00e1ly, a \u017ee tak\u00e9 pom\u00e1h\u00e1 tvo\u0159it kolagen, kter\u00fd pot\u0159ebujeme pro hojen\u00ed ran. Lid\u00e9 tak\u00e9 v\u011b\u0159\u00ed, \u017ee siln\u00e9\u00a0kosti vy\u017eaduj\u00ed dostatek vitaminu K.<\/p>\n<p>\u00a0<\/p>\n<h2>Mrkev a vitam\u00edn K<\/h2>\n<p>Uv\u00e1d\u00ed se, \u017ee sn\u011bzen\u00e1 miska syrov\u00e9 mrkve o hmotnosti 100g n\u00e1m poskytne cca 11 procent z DDD drasl\u00edku. Lid\u00e9 v\u011b\u0159\u00ed, \u017ee Drasl\u00edk pom\u00e1h\u00e1 proti \u00fa\u010dink\u016fm Sod\u00edku, co\u017e m\u016f\u017ee sn\u00ed\u017eit krevn\u00ed tlak a riziko srde\u010dn\u00edch onemocn\u011bn\u00ed, pokud jej budou konzumovat dostate\u010dn\u011b. \u00a0Obecn\u011b lid\u00e9 t\u00e9\u017e v\u011b\u0159\u00ed, \u017ee Drasl\u00edk je tak\u00e9 velmi d\u016fle\u017eit\u00fd pro nervov\u00e9 a svalov\u00e9 funkce.<\/p>\n<p>\u00a0<\/p>\n<h2>Mrkev jako potencion\u00e1ln\u00ed rakovinov\u00fd zabij\u00e1k<\/h2>\n<p>A\u010dkoli v\u00fdzkum je st\u00e1le je\u0161t\u011b v p\u0159edb\u011b\u017en\u00fdch f\u00e1z\u00edch, zd\u00e1 se, \u017ee mrkev obsahuje l\u00e1tky, kter\u00e9 mohou pomoci zab\u00edt rakovinn\u00e9 bu\u0148ky. Polyacetylenes v mrkvi se zd\u00e1 b\u00fdt nejv\u00edce zodpov\u011bdn\u00fd za schopnost rakovinov\u00e9 bu\u0148ky ni\u010dit. Je ale zapot\u0159eb\u00ed prov\u00e1d\u011bt dal\u0161\u00ed v\u00fdzkumy p\u0159edt\u00edm, ne\u017e bude mrkev doporu\u010dena na prevenci rakoviny, nebo na jej\u00ed l\u00e9\u010dbu.<\/p>\n<p>Pro zdrav\u00ed je nejl\u00e9pe konzumovat mrkev v Bio kvalit\u011b<\/p>\n<p>Chcete-li z\u00edskat co nejv\u00edce zdravotn\u00edch v\u00fdhod z mrkve, zvolte bio mrkev. Studie publikovan\u00e1 v roce 2009, zjistila, \u017ee bio mrkev obsahovala v\u00edce prosp\u011b\u0161n\u00fdch karotenoid\u016f, polyfenol\u016f a vitaminu C ne\u017e konven\u010dn\u00ed mrkev.<\/p>\n<p>Je nutno podotknout, \u017ee \u00fa\u010dinky n\u00e1mi nab\u00edzen\u00fdch \u010daj\u016f (tedy ani tohoto), nebyly v\u011bdecky testov\u00e1ny.<\/p>\n<p>\u00a0<\/p>\n<h2>ALPSK\u00c9 KV\u011aTY &#8211; BIO wellness \u010daj &#8211; vzhled<\/h2>\n<p><span style=\"line-height: 1.5em;\"><img loading=\"lazy\" decoding=\"async\" title=\"ALPSK\u00c9 KV\u011aTY - BIO wellness \u010daj\" src=\"https:\/\/www.zelenydrak.cz\/img\/cms\/alpske_kvety_vzhled.jpg\" alt=\"ALPSK\u00c9 KV\u011aTY - BIO wellness \u010daj\" width=\"850\" height=\"504\" \/><\/span><\/p>\n<h2 style=\"text-align: right;\"><span style=\"background-color: #99cc00;\"><strong><br \/><\/strong><\/span><\/h2>\n<p>\u00a0<\/p>\n<p>\u00a0<\/p>\n<p>\u00a0<\/p>\n<p>\u00a0<\/p>\n<p>\u00a0<\/p>\n<h2><span style=\"line-height: 1.5em;\">ALPSK\u00c9 KV\u011aTY &#8211; BIO wellness \u010daj &#8211; p\u0159\u00edprava<\/span><\/h2>\n<p><span style=\"line-height: 1.5em;\"><img loading=\"lazy\" decoding=\"async\" title=\"ALPSK\u00c9 KV\u011aTY - BIO wellness \u010daj \u2013 p\u0159\u00edprava\" src=\"https:\/\/www.zelenydrak.cz\/img\/cms\/alpsk\u00e9_kv\u011bty.jpg\" alt=\"ALPSK\u00c9 KV\u011aTY - BIO wellness \u010dajj - p\u0159\u00edprava\" width=\"850\" height=\"504\" \/><\/span><\/p>\n<p>\u00a0<\/p>\n<p>\u00a0<\/p>\n<p>\u00a0<\/p>\n<p>\u00a0<\/p>\n<p>\u00a0<\/p>\n<h2><span style=\"line-height: 1.5em;\">ALPSK\u00c9 KV\u011aTY &#8211; BIO wellness \u010daj &#8211; n\u00e1lev<\/span><\/h2>\n<p><span style=\"line-height: 1.5em;\"><img loading=\"lazy\" decoding=\"async\" title=\"ALPSK\u00c9 KV\u011aTY - BIO wellness \u010daj - n\u00e1lev\" src=\"https:\/\/www.zelenydrak.cz\/img\/cms\/alpske_kvety_nalev.jpg\" alt=\"ALPSK\u00c9 KV\u011aTY - BIO wellness \u010daj - n\u00e1lev\" width=\"850\" height=\"504\" \/><\/span><\/p>\n","protected":false},"excerpt":{"rendered":"<p><img loading=\"lazy\" decoding=\"async\" class=\"size-full wp-image-2970 alignleft\" src=\"https:\/\/zelenydrak.cz\/wp-content\/uploads\/2024\/08\/konvice-caj.png\" alt=\"\" width=\"48\" height=\"48\" \/>   V\u016fn\u011b a chu\u0165: pomeran\u010dov\u00e1.<\/p>\n","protected":false},"featured_media":91534,"comment_status":"open","ping_status":"closed","template":"","meta":[],"product_brand":[],"product_cat":[304,307,309],"product_tag":[],"class_list":{"0":"post-91518","1":"product","2":"type-product","3":"status-publish","4":"has-post-thumbnail","6":"product_cat-bylinny-caj-a-smesi","7":"product_cat-wellness-caj-stihla-linie","8":"product_cat-wellness-caj-stihla-linie-bio","10":"first","11":"instock","12":"product-type-variable","13":"has-default-attributes"},"_links":{"self":[{"href":"https:\/\/zelenydrak.cz\/velkoobchod\/wp-json\/wp\/v2\/product\/91518","targetHints":{"allow":["GET"]}}],"collection":[{"href":"https:\/\/zelenydrak.cz\/velkoobchod\/wp-json\/wp\/v2\/product"}],"about":[{"href":"https:\/\/zelenydrak.cz\/velkoobchod\/wp-json\/wp\/v2\/types\/product"}],"replies":[{"embeddable":true,"href":"https:\/\/zelenydrak.cz\/velkoobchod\/wp-json\/wp\/v2\/comments?post=91518"}],"wp:featuredmedia":[{"embeddable":true,"href":"https:\/\/zelenydrak.cz\/velkoobchod\/wp-json\/wp\/v2\/media\/91534"}],"wp:attachment":[{"href":"https:\/\/zelenydrak.cz\/velkoobchod\/wp-json\/wp\/v2\/media?parent=91518"}],"wp:term":[{"taxonomy":"product_brand","embeddable":true,"href":"https:\/\/zelenydrak.cz\/velkoobchod\/wp-json\/wp\/v2\/product_brand?post=91518"},{"taxonomy":"product_cat","embeddable":true,"href":"https:\/\/zelenydrak.cz\/velkoobchod\/wp-json\/wp\/v2\/product_cat?post=91518"},{"taxonomy":"product_tag","embeddable":true,"href":"https:\/\/zelenydrak.cz\/velkoobchod\/wp-json\/wp\/v2\/product_tag?post=91518"}],"curies":[{"name":"wp","href":"https:\/\/api.w.org\/{rel}","templated":true}]}}