{"id":91481,"date":"2025-03-05T08:07:27","date_gmt":"2025-03-05T08:07:27","guid":{"rendered":"https:\/\/zelenydrak.cz\/velkoobchod\/?post_type=product&#038;p=91481"},"modified":"2025-03-05T08:07:43","modified_gmt":"2025-03-05T08:07:43","slug":"vietnam-mao-feng-bily-caj","status":"publish","type":"product","link":"https:\/\/zelenydrak.cz\/velkoobchod\/produkt\/vietnam-mao-feng-bily-caj\/","title":{"rendered":"VIETNAM MAO FENG &#8211; b\u00edl\u00fd \u010daj"},"content":{"rendered":"<h2>VIETNAM MAO FENG &#8211; b\u00edl\u00fd \u010daj<\/h2>\n<p>Slo\u017een\u00ed: prav\u00fd b\u00edl\u00fd \u010daj 100%.<\/p>\n<p><img loading=\"lazy\" decoding=\"async\" style=\"float: left;\" title=\"konvice \u010caj-a-K\u00e1va.cz\" src=\"https:\/\/caj-a-kava.cz\/img\/cms\/konvice_zelenydrak.png\" alt=\"konvice \u010caj-a-K\u00e1va.cz\" width=\"100\" height=\"100\" \/><\/p>\n<p>\u010caj V\u00e1s hned p\u0159i otev\u0159en\u00ed s\u00e1\u010dku nadchne omamuj\u00edc\u00ed v\u016fn\u00ed kv\u011btin. Tato v\u016fn\u011b se zn\u00e1sob\u00ed jakmile \u010daj zalijeme teplou kvalitn\u00ed vodou a nech\u00e1me vylouhovat. Po dvou a\u017e t\u0159ech minut\u00e1ch louhov\u00e1n\u00ed V\u00e1s \u010daj odm\u011bn\u00ed podmanivou v\u016fn\u00ed a n\u00e1dhernou jasn\u011b \u017elutou barvou n\u00e1levu. S ka\u017ed\u00fdm dal\u0161\u00edm n\u00e1levem se \u010daj st\u00e1v\u00e1 lahodn\u011b jemn\u00fdm. Doporu\u010dujeme t\u0159i a\u017e \u010dty\u0159i n\u00e1levy. Vzhledem k jasn\u011b \u017elutozelen\u00e9 barv\u011b n\u00e1levu, delik\u00e1tn\u00ed kv\u011btov\u00e9 chuti a jemn\u00e9 decentn\u00ed v\u016fni se tento \u010daj p\u0159i pop\u00edjen\u00ed st\u00e1v\u00e1 opravdu zvl\u00e1\u0161tn\u00edm pot\u011b\u0161en\u00edm.<\/p>\n<p><p>\u010caj je mi l\u00e1skou, k\u00e1va v\u00e1\u0161n\u00ed<\/p>\n<p><em>(LEA<\/em>)<\/p>\n<p><p><img decoding=\"async\" src=\"https:\/\/caj-a-kava.cz\/obrazky\/uvod\/dobalouhovani\/bily_caj.jpg\" alt=\"Prodej b\u00edl\u00e9ho, c\u00edsa\u0159sk\u00e9ho, exkluzivn\u00edho \u010daje. P\u0159\u00edprava \u010daje od Zelen\u00fd Drak \u010daj a k\u00e1va\"><\/p>\n","protected":false},"excerpt":{"rendered":"<p><img loading=\"lazy\" decoding=\"async\" class=\"size-full wp-image-2970 alignleft\" src=\"https:\/\/zelenydrak.cz\/wp-content\/uploads\/2024\/08\/konvice-caj.png\" alt=\"\" width=\"48\" height=\"48\" \/>   V\u016fn\u011b a chu\u0165: omamuj\u00edc\u00ed kv\u011btinov\u00e1. Vietnamsk\u00e9 \u010daje i p\u0159i \u0161patn\u00e9m uskladn\u011bn\u00ed st\u00e1rnou velmi pomalu. Chcete-li tedy b\u00fdt v\u011b\u010dn\u011b mlad\u00ed, pijte vietnamsk\u00e9 \u010daje.<\/p>\n","protected":false},"featured_media":91510,"comment_status":"open","ping_status":"closed","template":"","meta":[],"product_brand":[],"product_cat":[362],"product_tag":[],"class_list":{"0":"post-91481","1":"product","2":"type-product","3":"status-publish","4":"has-post-thumbnail","6":"product_cat-bily-caj-cisty","8":"first","9":"instock","10":"product-type-variable","11":"has-default-attributes"},"_links":{"self":[{"href":"https:\/\/zelenydrak.cz\/velkoobchod\/wp-json\/wp\/v2\/product\/91481","targetHints":{"allow":["GET"]}}],"collection":[{"href":"https:\/\/zelenydrak.cz\/velkoobchod\/wp-json\/wp\/v2\/product"}],"about":[{"href":"https:\/\/zelenydrak.cz\/velkoobchod\/wp-json\/wp\/v2\/types\/product"}],"replies":[{"embeddable":true,"href":"https:\/\/zelenydrak.cz\/velkoobchod\/wp-json\/wp\/v2\/comments?post=91481"}],"wp:featuredmedia":[{"embeddable":true,"href":"https:\/\/zelenydrak.cz\/velkoobchod\/wp-json\/wp\/v2\/media\/91510"}],"wp:attachment":[{"href":"https:\/\/zelenydrak.cz\/velkoobchod\/wp-json\/wp\/v2\/media?parent=91481"}],"wp:term":[{"taxonomy":"product_brand","embeddable":true,"href":"https:\/\/zelenydrak.cz\/velkoobchod\/wp-json\/wp\/v2\/product_brand?post=91481"},{"taxonomy":"product_cat","embeddable":true,"href":"https:\/\/zelenydrak.cz\/velkoobchod\/wp-json\/wp\/v2\/product_cat?post=91481"},{"taxonomy":"product_tag","embeddable":true,"href":"https:\/\/zelenydrak.cz\/velkoobchod\/wp-json\/wp\/v2\/product_tag?post=91481"}],"curies":[{"name":"wp","href":"https:\/\/api.w.org\/{rel}","templated":true}]}}