{"id":91478,"date":"2025-03-05T08:07:27","date_gmt":"2025-03-05T08:07:27","guid":{"rendered":"https:\/\/zelenydrak.cz\/velkoobchod\/?post_type=product&#038;p=91478"},"modified":"2025-03-05T08:07:34","modified_gmt":"2025-03-05T08:07:34","slug":"japan-beginners-matcha-bio-30g-zeleny-caj","status":"publish","type":"product","link":"https:\/\/zelenydrak.cz\/velkoobchod\/produkt\/japan-beginners-matcha-bio-30g-zeleny-caj\/","title":{"rendered":"JAPAN BEGINNER\u2018S MATCHA BIO 30g &#8211; zelen\u00fd \u010daj"},"content":{"rendered":"<h2>Japan Beginner&#8217;s Matcha Tea \u2013 Zelen\u00fd \u010daj v \u00fapln\u011b nov\u00e9m pojet\u00ed<\/h2>\n<h3>Benefity Matcha Tea: Zelen\u00fd \u010daj v pr\u00e1\u0161ku s neomezen\u00fdm potenci\u00e1lem<\/h3>\n<p>V posledn\u00edch letech se Matcha tea, druh zelen\u00e9ho sypan\u00e9ho \u010daje ve form\u011b jemn\u00e9ho pr\u00e1\u0161ku, stala sv\u011btozn\u00e1m\u00fdm fenom\u00e9nem. Nejen\u017ee okouzlila n\u00e1ro\u010dn\u00e9 chu\u0165ov\u00e9 poh\u00e1rky p\u0159\u00edznivc\u016f sypan\u00e9ho \u010daje, ale jej\u00ed p\u0159\u00ednosy p\u0159itahuj\u00ed pozornost v\u011bdc\u016f i b\u011b\u017en\u00fdch u\u017eivatel\u016f. Pokud uva\u017eujete o za\u0159azen\u00ed Matcha do sv\u00e9 ka\u017edodenn\u00ed rutiny, m\u00e1me pro v\u00e1s <a href=\"\/matcha-caj-7-duvodu-proc-pit-matcha-caj\/\">n\u011bkolik d\u016fvod\u016f<\/a>, pro\u010d byste m\u011bli u\u010dinit tento krok.<\/p>\n<h3>Co je to Matcha Tea?<\/h3>\n<p>Matcha je speci\u00e1ln\u00ed typ zelen\u00e9ho sypan\u00e9ho \u010daje, kter\u00fd poch\u00e1z\u00ed z Japonska. Na rozd\u00edl od tradi\u010dn\u00edho zelen\u00e9ho \u010daje, kter\u00fd se p\u0159ipravuje louhov\u00e1n\u00edm list\u016f ve vod\u011b, se matcha n\u00e1poj vyr\u00e1b\u00ed z jemn\u011b mlet\u00fdch su\u0161en\u00fdch \u010dajov\u00fdch list\u016f. P\u011bstov\u00e1n\u00ed matchy zahrnuje st\u00edn\u011bn\u00ed rostlin p\u0159ed p\u0159\u00edm\u00fdm slune\u010dn\u00edm sv\u011btlem n\u011bkolik t\u00fddn\u016f p\u0159ed sklizn\u00ed, co\u017e zvy\u0161uje hladinu chlorofylu a aminokyselin, a t\u00edm p\u0159isp\u00edv\u00e1 k unik\u00e1tn\u00ed chuti a barv\u011b matchy.<\/p>\n<p>P\u0159i p\u0159\u00edprav\u011b matchy se pr\u00e1\u0161ek rozm\u00edch\u00e1 s teplou vodou, co\u017e d\u00e1v\u00e1 vzniknout bohat\u00e9mu n\u00e1poji, kter\u00fd je nejen chutn\u00fd, ale tak\u00e9 v\u00fd\u017eivn\u00fd. Na rozd\u00edl od b\u011b\u017en\u00e9ho zelen\u00e9ho sypan\u00e9ho \u010daje, kdy se listy louhuj\u00ed a pot\u00e9 vyhazuj\u00ed, s matchou konzumujete cel\u00e9 \u010dajov\u00e9 listy. To znamen\u00e1, \u017ee v\u0161echny t\u011blu prosp\u011b\u0161n\u00e9 l\u00e1tky, miner\u00e1ly a antioxidanty, kter\u00e9 zelen\u00fd \u010daj nab\u00edz\u00ed, se dost\u00e1vaj\u00ed p\u0159\u00edmo do va\u0161eho t\u011bla v mnohem vy\u0161\u0161\u00ed koncentraci.<\/p>\n<h3>Odkud Matcha Tea poch\u00e1z\u00ed?<\/h3>\n<p>Japan Beginner&#8217;s Matcha je vyroben v nejexkluzivn\u011bj\u0161\u00edch \u010dajov\u00fdch oblast\u00ed Japonska, kde se tradi\u010dn\u00ed metody p\u011bstov\u00e1n\u00ed a zpracov\u00e1n\u00ed \u010daje dodr\u017euj\u00ed po stalet\u00ed. T\u00edm se zaji\u0161\u0165uje nejen vysok\u00e1 kvalita, ale i jedine\u010dn\u00e1 chu\u0165, kter\u00e1 \u010din\u00ed tento \u010daj tak v\u00fdjime\u010dn\u00fdm.<\/p>\n<h3>V\u0161estrannost Matcha \u010daje<\/h3>\n<p>Jednou z nejv\u011bt\u0161\u00edch v\u00fdhod Japan Beginner&#8217;s Matcha Tea je jeho univerz\u00e1lnost. M\u016f\u017eete jej p\u0159ipravovat r\u016fzn\u00fdmi zp\u016fsoby \u2013 tradi\u010dn\u011b va\u0159en\u00edm, \u0161leh\u00e1n\u00edm s ml\u00e9kem nebo sojov\u00fdm ml\u00e9kem, co\u017e otev\u00edr\u00e1 cestu pro kreativitu a experimentov\u00e1n\u00ed. A\u0165 u\u017e preferujete klasick\u00e9 pod\u00e1n\u00ed s vodou, nebo modern\u00ed varianty spojen\u00e9 s ml\u00e9\u010dn\u00fdmi alternativami, Matcha Tea v\u00e1s nikdy nezklame.<\/p>\n<p>Za\u0159azen\u00ed Matcha Tea do ka\u017edodenn\u00ed rutiny je snadn\u00e9. R\u00e1no si m\u00edsto k\u00e1vy p\u0159ipravte \u0161\u00e1lek Matcha latte, p\u0159idejte ho do smoothie, nebo pou\u017eijte jako p\u0159\u00edsadu do pe\u010den\u00ed. Existuje mnoho recept\u016f, kter\u00e9 touto formou obohacuj\u00ed va\u0161e j\u00eddlo o d\u016fle\u017eit\u00e9 \u017eiviny a chu\u0165.<\/p>\n<p>Pozor na kvalitu! Kvalita matchy se m\u016f\u017ee li\u0161it, je d\u016fle\u017eit\u00e9 vyb\u00edrat kvalitn\u00ed, organickou matchu, abyste maximalizovali jej\u00ed p\u0159\u00ednosy.<\/p>\n<h3>P\u0159\u00edprava Japan Beginner&#8217;s Matcha Tea<\/h3>\n<p>P\u0159\u00edprava Matcha \u010daje m\u016f\u017ee p\u016fsobit jako um\u011bn\u00ed, ale s Japan Beginner&#8217;s Matcha je to snadn\u00e9 a dostupn\u00e9 pro ka\u017ed\u00e9ho. Tento \u010daj je upraven\u00fd tak, aby byl skv\u011bl\u00fdm v\u00fdchoz\u00edm bodem pro za\u010d\u00e1te\u010dn\u00edky. Chu\u0165 Matcha je travnat\u00e1 a siln\u011bj\u0161\u00ed, co\u017e dod\u00e1v\u00e1 va\u0161im z\u00e1\u017eitk\u016fm hloubku a charakter. Postup p\u0159\u00edpravy je jednoduch\u00fd:<\/p>\n<ol>\n<li><strong>P\u0159ipravte si pot\u0159ebn\u00e9 pom\u016fcky<\/strong>: Budete pot\u0159ebovat \u010dajovou misku, Matcha metli\u010dku (chasen) a malou l\u017ei\u010dku (chashaku). Pokud m\u00e1te, m\u016f\u017eete tak\u00e9 vyu\u017e\u00edt s\u00edtko pro jemn\u011bj\u0161\u00ed texturu.<\/li>\n<li><strong>Porce \u010daje<\/strong>: Do \u010dajov\u00e9 misky dejte p\u0159ibli\u017en\u011b 1 gram Matcha \u010daje. Tato porce sta\u010d\u00ed pro jeden \u0161\u00e1lek a je ide\u00e1ln\u00ed pro za\u010d\u00e1te\u010dn\u00edky.<\/li>\n<li><strong>Zalijte vodou<\/strong>: P\u0159ilijte teplou vodu (ne vrouc\u00ed, optim\u00e1ln\u011b kolem 70-80\u00b0C), aby se zachoval bohat\u00fd profil chuti.<\/li>\n<li><strong>\u0160lehejte<\/strong>: Pomoc\u00ed metli\u010dky za\u010dn\u011bte \u0161lehat matchu energetick\u00fdmi pohyby, hodn\u011b rychle a v pohybech -W-. C\u00edlem je vytvo\u0159it p\u011bnu na povrchu \u010daje.<\/li>\n<li><strong>U\u017eijte si ho<\/strong>: Jakmile dos\u00e1hnete dobr\u00e9 p\u011bny, \u010daj Matcha tea je p\u0159ipraven k pit\u00ed. M\u016f\u017eete si ho vychutnat samotn\u00fd nebo s p\u0159id\u00e1n\u00edm ml\u00e9ka \u010di alternativy, jako je s\u00f3jov\u00e9 ml\u00e9ko, co\u017e vytv\u00e1\u0159\u00ed lahodn\u00e9 latte.<\/li>\n<\/ol>\n<h4>Z\u00e1v\u011br<\/h4>\n<p>Japan Beginner&#8217;s Matcha je skv\u011bl\u00fdm zp\u016fsobem, jak za\u010d\u00edt svou cestu do sv\u011bta matchy. Jej\u00ed siln\u00e1 chu\u0165, mno\u017estv\u00ed t\u011blu peosp\u011b\u0161n\u00fdch v\u00fdhod a snadn\u00e1 p\u0159\u00edprava z n\u00ed \u010din\u00ed ide\u00e1ln\u00edho spole\u010dn\u00edka na cesty ke zdrav\u011bj\u0161\u00edmu \u017eivotn\u00edmu stylu. A\u0165 u\u017e se rozhodnete matchu vychutn\u00e1vat samotnou, nebo ji za\u0159ad\u00edte do sv\u00e9ho kulin\u00e1\u0159sk\u00e9ho reperto\u00e1ru, jedno je jist\u00e9 \u2013 za\u017eijete s n\u00ed skv\u011blou chu\u0165 a povzbud\u00edte sv\u00e9 t\u011blo i mysl. Tak nev\u00e1hejte a dejte si \u0161anci vychutnat si kouzlo Japonska prost\u0159ednictv\u00edm jedine\u010dn\u00e9ho Matcha \u010daje. Dejte \u0161anci tomuto \u00fa\u017easn\u00e9mu \u010daji a nechte ho, aby v\u00e1s p\u0159ivedl na cestu k lep\u0161\u00edmu a \u0161\u0165astn\u011bj\u0161\u00edmu \u017eivotu!<\/p>\n<p>Hmotnost: 30g<\/p>\n<p><img loading=\"lazy\" decoding=\"async\" src=\"https:\/\/caj-a-kava.cz\/img\/cms\/Matcha \u010daj.png\" alt=\"Matcha Tea\" width=\"1920\" height=\"200\" \/><\/p>\n","protected":false},"excerpt":{"rendered":"<p><small>Cena za 100g: 1967 K\u010d<\/small> <\/p>\n<p><p><img loading=\"lazy\" decoding=\"async\" class=\"size-full wp-image-2970 alignleft\" src=\"https:\/\/zelenydrak.cz\/wp-content\/uploads\/2024\/08\/konvice-caj.png\" alt=\"\" width=\"48\" height=\"48\" \/>Zelen\u00fd \u010daj, a p\u0159edev\u0161\u00edm jeho japonsk\u00e1 varianta zn\u00e1m\u00e1 jako Matcha tea, za\u017e\u00edv\u00e1 v posledn\u00edch letech doslova renesanci. Tento n\u00e1poj se nejen stal obl\u00edben\u00fdm prost\u0159edkem k povzbuzen\u00ed a relaxaci, ale tak\u00e9 symbolem zdrav\u00e9ho \u017eivotn\u00edho stylu. Pokud jste se s Matcha \u010dajem dosud nesetkali, Japan Beginner&#8217;s Matcha je ide\u00e1ln\u00ed volbou pro ty, kte\u0159\u00ed cht\u011bj\u00ed experimentovat s t\u00edmto tradi\u010dn\u00edm japonsk\u00fdm \u010dajem poprv\u00e9. Pokud uva\u017eujete o za\u0159azen\u00ed Matcha tea do sv\u00e9 ka\u017edodenn\u00ed rutiny, zde je <a href=\"\/matcha-caj-7-duvodu-proc-pit-matcha-caj\/\"><strong>7 d\u016fvod\u016f<\/strong><\/a>, pro\u010d byste to m\u011bli zv\u00e1\u017eit.<\/p>\n","protected":false},"featured_media":91505,"comment_status":"open","ping_status":"closed","template":"","meta":[],"product_brand":[],"product_cat":[295,311],"product_tag":[],"class_list":{"0":"post-91478","1":"product","2":"type-product","3":"status-publish","4":"has-post-thumbnail","6":"product_cat-zeleny-caj-cisty","7":"product_cat-zeleny-caj-cisty-bio","9":"first","10":"instock","11":"product-type-simple"},"_links":{"self":[{"href":"https:\/\/zelenydrak.cz\/velkoobchod\/wp-json\/wp\/v2\/product\/91478","targetHints":{"allow":["GET"]}}],"collection":[{"href":"https:\/\/zelenydrak.cz\/velkoobchod\/wp-json\/wp\/v2\/product"}],"about":[{"href":"https:\/\/zelenydrak.cz\/velkoobchod\/wp-json\/wp\/v2\/types\/product"}],"replies":[{"embeddable":true,"href":"https:\/\/zelenydrak.cz\/velkoobchod\/wp-json\/wp\/v2\/comments?post=91478"}],"wp:featuredmedia":[{"embeddable":true,"href":"https:\/\/zelenydrak.cz\/velkoobchod\/wp-json\/wp\/v2\/media\/91505"}],"wp:attachment":[{"href":"https:\/\/zelenydrak.cz\/velkoobchod\/wp-json\/wp\/v2\/media?parent=91478"}],"wp:term":[{"taxonomy":"product_brand","embeddable":true,"href":"https:\/\/zelenydrak.cz\/velkoobchod\/wp-json\/wp\/v2\/product_brand?post=91478"},{"taxonomy":"product_cat","embeddable":true,"href":"https:\/\/zelenydrak.cz\/velkoobchod\/wp-json\/wp\/v2\/product_cat?post=91478"},{"taxonomy":"product_tag","embeddable":true,"href":"https:\/\/zelenydrak.cz\/velkoobchod\/wp-json\/wp\/v2\/product_tag?post=91478"}],"curies":[{"name":"wp","href":"https:\/\/api.w.org\/{rel}","templated":true}]}}