{"id":91475,"date":"2025-03-05T08:07:26","date_gmt":"2025-03-05T08:07:26","guid":{"rendered":"https:\/\/zelenydrak.cz\/velkoobchod\/?post_type=product&#038;p=91475"},"modified":"2025-03-05T08:07:43","modified_gmt":"2025-03-05T08:07:43","slug":"lvi-srdce-rooibos-bio-caj","status":"publish","type":"product","link":"https:\/\/zelenydrak.cz\/velkoobchod\/produkt\/lvi-srdce-rooibos-bio-caj\/","title":{"rendered":"LV\u00cd SRDCE &#8211; rooibos BIO \u010daj"},"content":{"rendered":"<h2>LV\u00cd SRDCE &#8211;  BIO &#8211; rooibos \u010daj<\/h2>\n<p>Slo\u017een\u00ed \u010daje: rooibos (min.80%) *, pomeran\u010dov\u00e1 k\u016fra *, kousky z\u00e1zvoru *, p\u0159\u00edrodn\u00ed aroma, kv\u011bty m\u011bs\u00ed\u010dku *, cel\u00e9 brusinky *. * ozna\u010den\u00e9 suroviny poch\u00e1z\u00ed z kontrolovan\u00e9ho ekologick\u00e9ho zem\u011bd\u011blstv\u00ed.<\/p>\n<p><p><img decoding=\"async\" src=\"https:\/\/caj-a-kava.cz\/obrazky\/uvod\/dobalouhovani\/rooibos.jpg\" alt=\"Prodej rooibos \u010daj\u016f. P\u0159\u00edprava \u010daje od Zelen\u00fd Drak \u010daj a k\u00e1va\" \/>\u00a0<\/p>\n","protected":false},"excerpt":{"rendered":"<p><img loading=\"lazy\" decoding=\"async\" class=\"size-full wp-image-2970 alignleft\" src=\"https:\/\/zelenydrak.cz\/wp-content\/uploads\/2024\/08\/konvice-caj.png\" alt=\"\" width=\"48\" height=\"48\" \/>   V\u016fn\u011b a chu\u0165: jahoda a malina.<\/p>\n","protected":false},"featured_media":91499,"comment_status":"open","ping_status":"closed","template":"","meta":[],"product_brand":[],"product_cat":[313,312],"product_tag":[],"class_list":{"0":"post-91475","1":"product","2":"type-product","3":"status-publish","4":"has-post-thumbnail","6":"product_cat-rooibos","7":"product_cat-rooibos-bio","9":"first","10":"instock","11":"product-type-variable","12":"has-default-attributes"},"_links":{"self":[{"href":"https:\/\/zelenydrak.cz\/velkoobchod\/wp-json\/wp\/v2\/product\/91475","targetHints":{"allow":["GET"]}}],"collection":[{"href":"https:\/\/zelenydrak.cz\/velkoobchod\/wp-json\/wp\/v2\/product"}],"about":[{"href":"https:\/\/zelenydrak.cz\/velkoobchod\/wp-json\/wp\/v2\/types\/product"}],"replies":[{"embeddable":true,"href":"https:\/\/zelenydrak.cz\/velkoobchod\/wp-json\/wp\/v2\/comments?post=91475"}],"wp:featuredmedia":[{"embeddable":true,"href":"https:\/\/zelenydrak.cz\/velkoobchod\/wp-json\/wp\/v2\/media\/91499"}],"wp:attachment":[{"href":"https:\/\/zelenydrak.cz\/velkoobchod\/wp-json\/wp\/v2\/media?parent=91475"}],"wp:term":[{"taxonomy":"product_brand","embeddable":true,"href":"https:\/\/zelenydrak.cz\/velkoobchod\/wp-json\/wp\/v2\/product_brand?post=91475"},{"taxonomy":"product_cat","embeddable":true,"href":"https:\/\/zelenydrak.cz\/velkoobchod\/wp-json\/wp\/v2\/product_cat?post=91475"},{"taxonomy":"product_tag","embeddable":true,"href":"https:\/\/zelenydrak.cz\/velkoobchod\/wp-json\/wp\/v2\/product_tag?post=91475"}],"curies":[{"name":"wp","href":"https:\/\/api.w.org\/{rel}","templated":true}]}}