{"id":91471,"date":"2025-03-05T08:07:26","date_gmt":"2025-03-05T08:07:26","guid":{"rendered":"https:\/\/zelenydrak.cz\/velkoobchod\/?post_type=product&#038;p=91471"},"modified":"2025-03-05T08:07:43","modified_gmt":"2025-03-05T08:07:43","slug":"assam-gentleman-ftgfop-1-cerny-caj","status":"publish","type":"product","link":"https:\/\/zelenydrak.cz\/velkoobchod\/produkt\/assam-gentleman-ftgfop-1-cerny-caj\/","title":{"rendered":"ASSAM GENTLEMAN FTGFOP 1 &#8211; \u010dern\u00fd \u010daj"},"content":{"rendered":"<h2>ASSAM FTGFOP 1 GENTLEMAN SECOND FLUSH \u2013 prav\u00fd \u010dern\u00fd \u010daj pro povzneseni t\u011bla mysli i ducha<\/h2>\n<p><h2>Slo\u017een\u00ed \u010daje:<\/h2>\n<p>severoindick\u00fd \u010dern\u00fd \u010daj 100%.<\/p>\n<h2>Popis \u010daje:<\/h2>\n<p>Assam Genleman je severoindick\u00fd \u010dern\u00fd \u010daj s kvalitn\u011b zpracovan\u00fdm listem s men\u0161\u00edm pod\u00edlem \u010dajov\u00fdch tips\u016f. \u010cern\u00fd \u010daj Assam Gentleman je ur\u010den pro ty, kte\u0159\u00ed miluj\u00ed dobr\u00e9 siln\u00e9 \u010dern\u00e9 \u010daje s bohat\u00fdm sladov\u00fdm charakterem a pot\u0159ebuj\u00ed po r\u00e1nu tzv. nakopnout!!! FTGFOP 1 p\u0159edstavuje Finest Tippy Golden Flowery Orange Pekoe 1 &#8211; v kr\u00e1tkosti se jedn\u00e1 o synonymum pro mimo\u0159\u00e1dn\u011b vysoce kvalitn\u00ed \u010daje, kter\u00e9 se skl\u00e1daj\u00ed z jemn\u00fdch list\u016f s jemnou chut\u00ed. Jedni\u010dka zna\u010d\u00ed t\u0159\u00eddu jedna, tedy v\u00fdb\u011brovou. A Second Flush znamen\u00e1, \u017ee \u010daj\u00edk poch\u00e1z\u00ed z druh\u00e9 sklizn\u011b, kter\u00e1 prob\u00edh\u00e1 zpravidla od konce kv\u011btna do poloviny \u010dervna.<\/p>\n<p>Je to obdob\u00ed ze kter\u00e9ho se \u010dajov\u00e9 l\u00edstky pova\u017euj\u00ed za jakostn\u011b nejlep\u0161\u00ed. Na v\u011bt\u0161in\u011b plant\u00e1\u017e\u00ed sb\u00edraj\u00ed \u010dajov\u00e9 l\u00edstky v\u00fdhradn\u011b \u017eeny . \u010cajov\u00e9 v\u00fdhonky otrh\u00e1vaj\u00ed ob\u011bma rukama do ko\u0161\u016f, kter\u00e9 maj\u00ed p\u0159ipevn\u011bny na boku, z\u00e1dech a dokonce hlav\u011b. U modern\u00edho p\u011bstov\u00e1n\u00ed \u010dajovn\u00edku se kladou velk\u00e9 n\u00e1roky na spr\u00e1vn\u00e9 ulamov\u00e1n\u00ed \u010dajov\u00fdch v\u00fdhonk\u016f, hygienu \u010des\u00e1n\u00ed a zpracov\u00e1n\u00ed \u010daje. P\u0159i \u010des\u00e1n\u00ed \u010daje b\u00fdv\u00e1 zpravidla p\u0159\u00edsn\u00fd z\u00e1kaz kou\u0159en\u00ed, pou\u017e\u00edv\u00e1n\u00ed vo\u0148avek a dokonce by se nem\u011bli j\u00edst aromatick\u00e9 pokrmy.<\/p>\n<p>\u010cesa\u010dka p\u0159i sb\u00edr\u00e1n\u00ed od\u0161tipuje palcem a ukazov\u00e1kem mlad\u00e9 koncov\u00e9 v\u00fdhonky \u010dajovn\u00edku tzv. fle\u0161. Fle\u0161 se skl\u00e1d\u00e1 z vrcholov\u00e9ho listov\u00e9ho pupenu a ze dvou a\u017e p\u011bti mlad\u00fdch l\u00edstk\u016f. Fle\u0161 m\u016f\u017ee m\u00edt r\u016fznou jakost z\u00e1vislou na po\u010dtu l\u00edstk\u016f. Opravdu za jemnou fle\u0161 se pova\u017euje \u010dajov\u00fd v\u00fdhonek z listov\u00e9ho pupenu a dva l\u00edstky. K z\u00edsk\u00e1n\u00ed vysoce kvalitn\u00edch \u010daj\u016f se skl\u00edz\u00ed pouze jemn\u00e1 fle\u0161. Listov\u00e9 pupeny jsou cel\u00e9 st\u0159\u00edb\u0159it\u011b b\u00edl\u00e9 a porostl\u00e9 b\u00edl\u00fdmi chloupky. P\u0159i fermenta\u010dn\u00edm p\u016fsoben\u00ed z\u00edsk\u00e1vaj\u00ed tyto st\u0159\u00edb\u0159it\u00e9 pupeny zlat\u00e9 zabarven\u00ed a jsou naz\u00fdv\u00e1ny zlatav\u00fdmi tipsy. Jednotliv\u00e9 listy na v\u00fdhonku v\u011btvi\u010dky \u010dajovn\u00edku jsou pro obchodn\u00ed styk speci\u00e1ln\u011b ozna\u010dov\u00e1ny a to od nejvy\u0161\u0161\u00edho bodu \u010dajovn\u00edku.<\/p>\n<p><img loading=\"lazy\" decoding=\"async\" style=\"float: left;\" title=\"konvice \u010caj-a-K\u00e1va.cz\" src=\"https:\/\/www.caj-a-kava.cz\/img\/cms\/konvice_zelenydrak.png\" alt=\"konvice \u010caj-a-K\u00e1va.cz\" width=\"100\" height=\"100\" \/><\/p>\n<h2>N\u00e1poj z \u010dern\u00e9ho \u010daje Assam Gentleman<\/h2>\n<p>P\u0159ipraven\u00fd \u0161\u00e1lek \u010dern\u00e9ho \u010daje Assam Gentleman d\u00e1v\u00e1 jantarov\u011b zbarven\u00fd n\u00e1poj s vynikaj\u00edc\u00edm kv\u011btinov\u00fdm aroma. V \u010daji d\u00e1le m\u016f\u017eeme zaznamenat sladk\u00e9 t\u00f3ny peckovin a lehkou trpkost.<\/p>\n<p>\u00a0<\/p>\n<h2>\u010cern\u00fd \u010daj Assam &#8211; \u010daj mnoha tv\u00e1\u0159\u00ed<\/h2>\n<p>S ass\u00e1msk\u00fdm \u010dern\u00fdm \u010dajem jste se mohli setkat, ani\u017e byste v\u011bd\u011bli, \u017ee se v\u016fbec jedn\u00e1 o ass\u00e1msk\u00fd \u010daj. Vzhledem k jeho povaze se toti\u017e st\u00e1v\u00e1 sou\u010d\u00e1st\u00ed mnoha sn\u00edda\u0148ov\u00fdch anglick\u00fdch nebo irsk\u00fdch \u010daj\u016f. V t\u011bchto zem\u00edch je do n\u011bj zpravidla p\u0159id\u00e1v\u00e1no ml\u00e9ko a cukr ke zjemn\u011bn\u00ed chuti.<\/p>\n<h2>&nbsp;<\/h2>\n<h2>P\u0159\u00edprava Assam Gentleman<\/h2>\n<p>Do p\u0159edem vyh\u0159\u00e1t\u00e9 jednolitrov\u00e9 konvice vlo\u017ete cca 12-15g \u010dern\u00e9ho \u010daje Assam Gentleman. Zalejte jej pr\u00e1v\u011b vrouc\u00ed vodou a nechejte luhovat t\u0159i a\u017e p\u011bt minut. Pot\u00e9 n\u00e1poj zce\u010fte. Jantarov\u00e1 barva \u010daje se vyj\u00edm\u00e1 obzvl\u00e1\u0161t ve sklen\u011bn\u00e9m nebo celob\u00edl\u00e9m \u0161\u00e1lku. Nebojte se proces v\u00fdluhu zopakovat. I druh\u00fd a dokonce t\u0159et\u00ed n\u00e1lev p\u0159ekvap\u00ed.<\/p>\n<p>\u00a0<\/p>\n<p>\u00a0<\/p>\n<h2>ASSAM FTGFOP 1 GENTLEMAN &#8211; pro povznesen\u00ed t\u011bla, mysli i ducha<\/h2>\n<p><span style=\"line-height: 1.5em;\"><img decoding=\"async\" title=\"ASSAM FTGFOP 1 GENTLEMAN - pro povznesen\u00ed t\u011bla, mysli i ducha\" src=\"https:\/\/zelenydrak.cz\/img\/cms\/assam_gentleman.jpg\" alt=\"ASSAM FTGFOP 1 GENTLEMAN - pro povznesen\u00ed t\u011bla, mysli i ducha\" \/><\/span><\/p>\n<\/p>\n<p>\u00a0<\/p>\n<p>\u00a0<\/p>\n<p>\u00a0<\/p>\n<p>\u00a0<\/p>\n<p>\u00a0<\/p>\n<h2><span style=\"line-height: 1.5em;\">ASSAM FTGFOP 1 GENTLEMAN &#8211; pro povznesen\u00ed t\u011bla, mysli i ducha<\/span><\/h2>\n<p><span style=\"line-height: 1.5em;\"><img decoding=\"async\" title=\"ASSAM FTGFOP 1 GENTLEMAN - pro povznesen\u00ed t\u011bla, mysli i ducha - p\u0159\u00edprava\" src=\"https:\/\/zelenydrak.cz\/img\/cms\/assam_gentleman_priprava.jpg\" alt=\"ASSAM FTGFOP 1 GENTLEMAN - pro povznesen\u00ed t\u011bla, mysli i ducha - p\u0159\u00edprava\" \/><\/span><\/p>\n<p>\u00a0<\/p>\n<p>\u00a0<\/p>\n<p>\u00a0<\/p>\n<p>\u00a0<\/p>\n<p>\u00a0<\/p>\n<h2><span style=\"line-height: 1.5em;\">ASSAM FTGFOP 1 GENTLEMAN &#8211; pro povznesen\u00ed t\u011bla, mysli i ducha<\/span><\/h2>\n<p><span style=\"line-height: 1.5em;\"><img decoding=\"async\" title=\"ASSAM\" src=\"https:\/\/zelenydrak.cz\/img\/cms\/assam_gentleman_nalev.jpg\" alt=\"ASSAM FTGFOP 1 GENTLEMAN - pro povznesen\u00ed t\u011bla, mysli i ducha - n\u00e1lev\" \/><\/span><\/p>\n","protected":false},"excerpt":{"rendered":"\n<p><img loading=\"lazy\" decoding=\"async\" class=\"size-full wp-image-2970 alignleft\" src=\"https:\/\/zelenydrak.cz\/wp-content\/uploads\/2024\/08\/konvice-caj.png\" alt=\"\" width=\"48\" height=\"48\" \/>Assam Genleman je severoindick\u00fd \u010dern\u00fd \u010daj s kvalitn\u011b zpracovan\u00fdm listem s men\u0161\u00edm pod\u00edlem \u010dajov\u00fdch tips\u016f. \u010cern\u00fd \u010daj Assam Gentleman je ur\u010den pro ty, kte\u0159\u00ed miluj\u00ed dobr\u00e9 siln\u00e9 \u010dern\u00e9 \u010daje s bohat\u00fdm sladov\u00fdm charakterem a pot\u0159ebuj\u00ed po r\u00e1nu tzv. nakopnout!!! Vyzkou\u0161ejte jej.<\/p>\n","protected":false},"featured_media":91490,"comment_status":"open","ping_status":"closed","template":"","meta":[],"product_brand":[],"product_cat":[292],"product_tag":[],"class_list":{"0":"post-91471","1":"product","2":"type-product","3":"status-publish","4":"has-post-thumbnail","6":"product_cat-cerny-caj-cisty","8":"first","9":"instock","10":"product-type-variable","11":"has-default-attributes"},"_links":{"self":[{"href":"https:\/\/zelenydrak.cz\/velkoobchod\/wp-json\/wp\/v2\/product\/91471","targetHints":{"allow":["GET"]}}],"collection":[{"href":"https:\/\/zelenydrak.cz\/velkoobchod\/wp-json\/wp\/v2\/product"}],"about":[{"href":"https:\/\/zelenydrak.cz\/velkoobchod\/wp-json\/wp\/v2\/types\/product"}],"replies":[{"embeddable":true,"href":"https:\/\/zelenydrak.cz\/velkoobchod\/wp-json\/wp\/v2\/comments?post=91471"}],"wp:featuredmedia":[{"embeddable":true,"href":"https:\/\/zelenydrak.cz\/velkoobchod\/wp-json\/wp\/v2\/media\/91490"}],"wp:attachment":[{"href":"https:\/\/zelenydrak.cz\/velkoobchod\/wp-json\/wp\/v2\/media?parent=91471"}],"wp:term":[{"taxonomy":"product_brand","embeddable":true,"href":"https:\/\/zelenydrak.cz\/velkoobchod\/wp-json\/wp\/v2\/product_brand?post=91471"},{"taxonomy":"product_cat","embeddable":true,"href":"https:\/\/zelenydrak.cz\/velkoobchod\/wp-json\/wp\/v2\/product_cat?post=91471"},{"taxonomy":"product_tag","embeddable":true,"href":"https:\/\/zelenydrak.cz\/velkoobchod\/wp-json\/wp\/v2\/product_tag?post=91471"}],"curies":[{"name":"wp","href":"https:\/\/api.w.org\/{rel}","templated":true}]}}