{"id":91470,"date":"2025-03-05T08:07:26","date_gmt":"2025-03-05T08:07:26","guid":{"rendered":"https:\/\/zelenydrak.cz\/velkoobchod\/?post_type=product&#038;p=91470"},"modified":"2025-03-05T08:07:43","modified_gmt":"2025-03-05T08:07:43","slug":"kouzelna-fletna-bily-caj","status":"publish","type":"product","link":"https:\/\/zelenydrak.cz\/velkoobchod\/produkt\/kouzelna-fletna-bily-caj\/","title":{"rendered":"KOUZELN\u00c1 FL\u00c9TNA &#8211; b\u00edl\u00fd \u010daj"},"content":{"rendered":"<h2>KOUZELN\u00c1 FL\u00c9TNA  &#8211; b\u00edl\u00fd \u010daj<\/h2>\n<p>Slo\u017een\u00ed: Pai Mu Tan b\u00edl\u00fd \u010daj (min.60%), zelen\u00fd \u010daj China Sencha, oolong \u010daj, f\u00edkov\u00e9 pl\u00e1tky, p\u0159\u00edrodn\u00ed aroma, pl\u00e1tky jahod (3%), kv\u011bty fialek<\/p>\n<p><img decoding=\"async\" src=\"https:\/\/caj-a-kava.cz\/obrazky\/uvod\/dobalouhovani\/bily_caj.jpg\" alt=\"Prodej b\u00edl\u00e9ho, exkluzivn\u00edho \u010daje. P\u0159\u00edprava \u010daje od Zelen\u00fd Drak \u010daj a k\u00e1va\" \/>\u00a0<\/p>\n","protected":false},"excerpt":{"rendered":"\n<p><img loading=\"lazy\" decoding=\"async\" class=\"size-full wp-image-2970 alignleft\" src=\"https:\/\/zelenydrak.cz\/wp-content\/uploads\/2024\/08\/konvice-caj.png\" alt=\"\" width=\"48\" height=\"48\" \/>\u00da\u017easn\u00fd b\u00edl\u00fd \u010daj s p\u0159ekr\u00e1snou v\u016fn\u00ed jahody a chut\u00ed \u0161ampa\u0148sk\u00e9ho v\u00edna. Vyzkou\u0161ejte jej.<\/p>\n","protected":false},"featured_media":91488,"comment_status":"open","ping_status":"closed","template":"","meta":[],"product_brand":[],"product_cat":[361],"product_tag":[],"class_list":{"0":"post-91470","1":"product","2":"type-product","3":"status-publish","4":"has-post-thumbnail","6":"product_cat-bily-caj-ochuceny","8":"first","9":"instock","10":"product-type-variable","11":"has-default-attributes"},"_links":{"self":[{"href":"https:\/\/zelenydrak.cz\/velkoobchod\/wp-json\/wp\/v2\/product\/91470","targetHints":{"allow":["GET"]}}],"collection":[{"href":"https:\/\/zelenydrak.cz\/velkoobchod\/wp-json\/wp\/v2\/product"}],"about":[{"href":"https:\/\/zelenydrak.cz\/velkoobchod\/wp-json\/wp\/v2\/types\/product"}],"replies":[{"embeddable":true,"href":"https:\/\/zelenydrak.cz\/velkoobchod\/wp-json\/wp\/v2\/comments?post=91470"}],"wp:featuredmedia":[{"embeddable":true,"href":"https:\/\/zelenydrak.cz\/velkoobchod\/wp-json\/wp\/v2\/media\/91488"}],"wp:attachment":[{"href":"https:\/\/zelenydrak.cz\/velkoobchod\/wp-json\/wp\/v2\/media?parent=91470"}],"wp:term":[{"taxonomy":"product_brand","embeddable":true,"href":"https:\/\/zelenydrak.cz\/velkoobchod\/wp-json\/wp\/v2\/product_brand?post=91470"},{"taxonomy":"product_cat","embeddable":true,"href":"https:\/\/zelenydrak.cz\/velkoobchod\/wp-json\/wp\/v2\/product_cat?post=91470"},{"taxonomy":"product_tag","embeddable":true,"href":"https:\/\/zelenydrak.cz\/velkoobchod\/wp-json\/wp\/v2\/product_tag?post=91470"}],"curies":[{"name":"wp","href":"https:\/\/api.w.org\/{rel}","templated":true}]}}