{"id":91468,"date":"2025-03-05T08:07:26","date_gmt":"2025-03-05T08:07:26","guid":{"rendered":"https:\/\/zelenydrak.cz\/velkoobchod\/?post_type=product&#038;p=91468"},"modified":"2025-03-05T08:07:36","modified_gmt":"2025-03-05T08:07:36","slug":"caj-bohatstvi-zeleny-sypany-caj","status":"publish","type":"product","link":"https:\/\/zelenydrak.cz\/velkoobchod\/produkt\/caj-bohatstvi-zeleny-sypany-caj\/","title":{"rendered":"\u010cAJ BOHATSTV\u00cd &#8211; zelen\u00fd sypan\u00fd \u010daj"},"content":{"rendered":"<h2>\u010cAJ BOHATSTV\u00cd &#8211; zelen\u00fd sypan\u00fd \u010daj<\/h2>\n<p>\u010cina Sencha zelen\u00fd \u010daj, b\u00edl\u00fd \u010daj Pai Mu Tan, kokosov\u00e9 kousky (kokos, kokosov\u00fd olej, cukr), kousky broskv\u00ed, (broskve, r\u00fd\u017eov\u00e1 mouka), pomeran\u010dov\u00e1 k\u016fra, kousky pomeran\u010de, p\u0159\u00edrodn\u00ed p\u0159\u00edchu\u0165 marula (slon\u00ed strom &#8211; podle vypr\u00e1v\u011bn\u00ed m\u00edstn\u00edch lid\u00ed se sloni v ji\u017en\u00ed Africe op\u00edjej\u00ed nakva\u0161en\u00fdmi plody, kter\u00e9 nach\u00e1zej\u00ed pod stromem marula. Strom marula je pova\u017eov\u00e1n za posv\u00e1tn\u00fd strom jeho\u017e s\u00edla pr\u00fd dok\u00e1\u017ee ovlivnit i pohlav\u00ed nenarozen\u00e9ho d\u00edt\u011bte.), kousky f\u00edk\u016f, poupata r\u016f\u017e\u00ed<\/p>\n<p><h2>Vychutnejte si d\u011bjiny pit\u00ed zelen\u00e9ho \u010daje.<\/h2>\n<\/p>\n<p>Zelen\u00fd \u010daj je n\u00e1poj pro v\u00fdbornou kondici a pot\u011b\u0161en\u00ed z toho, \u017ee jde na chv\u00edli zastavit \u010das. Ale p\u0159edev\u0161\u00edm je zelen\u00fd \u010daj skvostn\u00fdm d\u011bdictv\u00edm starov\u011bk\u00e9 kultury.<\/p>\n<p><h2>Vyroben tradi\u010dn\u011b, pe\u010dliv\u011b a z nejlep\u0161\u00edch zelen\u00fdch \u010dajov\u00fdch rostlin.<\/h2>\n<\/p>\n<p>Zelen\u00fd \u010daj se v \u010c\u00edn\u011b pije ji\u017e p\u0159es 4.500 let. Buddhisti\u010dt\u00ed mnichov\u00e9 ho p\u0159inesli do Japonska. Odsud se dostal v 17. stolet\u00ed do Evropy. Zelen\u00fd a \u010dern\u00fd \u010daj se vyr\u00e1b\u00ed ze stejn\u00e9 rostliny. D\u00edky pe\u010dliv\u00e9mu zpracov\u00e1n\u00ed, si zelen\u00fd \u010daj zachov\u00e1v\u00e1 nejen svou barvu, ale i svou zdravou slo\u017eku.\u00a0<\/p>\n<p><h2>Zelen\u00fd \u010daj p\u0159esv\u011bd\u010d\u00ed i svou vnit\u0159n\u00ed hodnotou.<\/h2>\n<\/p>\n<p>Tradi\u010dn\u00ed medic\u00edna d\u00e1ln\u00e9ho v\u00fdchodu si zelen\u00e9ho \u010daje v\u00e1\u017e\u00ed jako l\u00e9\u010div\u00e9ho prost\u0159edku proti mnoha fyzick\u00fdm a psychick\u00fdm obt\u00ed\u017e\u00edm. <\/p>\n<p><strong>Zelen\u00fd \u010daj<\/strong>, tak\u0159\u00edkaj\u00edc, o\u010di\u0161\u0165uje du\u0161i. D\u016fvodem je kofein. Nebo\u0165 zelen\u00fd \u010daj obsahuje z\u0159eteln\u011b m\u00e9n\u011b kofeinu ne\u017e \u010dern\u00fd \u010daj. Kombinace kofeinu a katechinu se postar\u00e1 o to, \u017ee v prvn\u00ed \u0159ad\u011b povzbuzuj\u00ed du\u0161i a ne krevn\u00ed ob\u011bh. Mimochodem: zelen\u00fd \u010daj obsahuje vitam\u00edny A, B, B12, C a d\u016fle\u017eit\u00e9 miner\u00e1ly jako je drasl\u00edk, v\u00e1pn\u00edk nebo fluor. Prok\u00e1z\u00e1n je i vysok\u00fd obsah antioxidant\u016f. Posiluje imunitn\u00ed syst\u00e9m, prosp\u00edv\u00e1 t\u011blu a odvrac\u00ed infekce.<\/p>\n<p><h2>Doporu\u010den\u00ed Zelen\u00e9ho Draka pro p\u0159\u00edpravu zelen\u00e9ho \u010daje.<\/h2>\n<\/p>\n<p>Vlo\u017e\u00edme zelen\u00fd \u010daj do konvice (cca 10g \u010daje na jeden litr vody). Nejprve na zelen\u00fd \u010daj nalijeme z jedn\u00e9 \u010dtvrtiny studenou vodu a pot\u00e9 dolijeme vrouc\u00ed vodu. Louhujeme dv\u011b a\u017e t\u0159i minuty, podle toho jak chceme siln\u00fd \u010daj. Zelen\u00fd \u010daj m\u016f\u017ee b\u00fdt v\u00edcekr\u00e1t vylouhov\u00e1n. T\u00edmto zp\u016fsobem p\u0159\u00edpravy si ka\u017ed\u00fd typ zelen\u00e9ho \u010daje zachov\u00e1 svoje specifick\u00e9 \u00fa\u010dinky a jedine\u010dnou chu\u0165.<br \/>Lidstvo se neust\u00e1le sch\u00e1z\u00ed u \u0161\u00e1lku \u010daje.<br \/>(Okakuro Kakuzo)<\/p>\n<p><img decoding=\"async\" src=\"http:\/\/caj-a-kava.cz\/obrazky\/uvod\/dobalouhovani\/zeleny_caj_ochuceny.jpg\" alt=\"Prodej zelen\u00e9ho, sypan\u00e9ho \u010daje. P\u0159\u00edprava \u010daje od Zelen\u00fd Drak \u010daj a k\u00e1va\" \/>\u00a0<\/p>\n","protected":false},"excerpt":{"rendered":"<p>V\u016fn\u011b a chu\u0165 \u010daje: pomeran\u010d, broskev a marula. <\/p>\n","protected":false},"featured_media":91483,"comment_status":"open","ping_status":"closed","template":"","meta":[],"product_brand":[],"product_cat":[297],"product_tag":[],"class_list":{"0":"post-91468","1":"product","2":"type-product","3":"status-publish","4":"has-post-thumbnail","6":"product_cat-zeleny-caj-ochuceny","8":"first","9":"instock","10":"product-type-variable","11":"has-default-attributes"},"_links":{"self":[{"href":"https:\/\/zelenydrak.cz\/velkoobchod\/wp-json\/wp\/v2\/product\/91468","targetHints":{"allow":["GET"]}}],"collection":[{"href":"https:\/\/zelenydrak.cz\/velkoobchod\/wp-json\/wp\/v2\/product"}],"about":[{"href":"https:\/\/zelenydrak.cz\/velkoobchod\/wp-json\/wp\/v2\/types\/product"}],"replies":[{"embeddable":true,"href":"https:\/\/zelenydrak.cz\/velkoobchod\/wp-json\/wp\/v2\/comments?post=91468"}],"wp:featuredmedia":[{"embeddable":true,"href":"https:\/\/zelenydrak.cz\/velkoobchod\/wp-json\/wp\/v2\/media\/91483"}],"wp:attachment":[{"href":"https:\/\/zelenydrak.cz\/velkoobchod\/wp-json\/wp\/v2\/media?parent=91468"}],"wp:term":[{"taxonomy":"product_brand","embeddable":true,"href":"https:\/\/zelenydrak.cz\/velkoobchod\/wp-json\/wp\/v2\/product_brand?post=91468"},{"taxonomy":"product_cat","embeddable":true,"href":"https:\/\/zelenydrak.cz\/velkoobchod\/wp-json\/wp\/v2\/product_cat?post=91468"},{"taxonomy":"product_tag","embeddable":true,"href":"https:\/\/zelenydrak.cz\/velkoobchod\/wp-json\/wp\/v2\/product_tag?post=91468"}],"curies":[{"name":"wp","href":"https:\/\/api.w.org\/{rel}","templated":true}]}}