{"id":91456,"date":"2025-03-05T08:07:23","date_gmt":"2025-03-05T08:07:23","guid":{"rendered":"https:\/\/zelenydrak.cz\/velkoobchod\/produkt\/plechova-doza-stribrna\/"},"modified":"2025-03-05T08:07:23","modified_gmt":"2025-03-05T08:07:23","slug":"plechova-doza-stribrna","status":"publish","type":"product","link":"https:\/\/zelenydrak.cz\/velkoobchod\/produkt\/plechova-doza-stribrna\/","title":{"rendered":"PLECHOV\u00c1  D\u00d3ZA ST\u0158\u00cdBRN\u00c1"},"content":{"rendered":"<h2>PLECHOV\u00c1 D\u00d3ZA ST\u0158\u00cdBRN\u00c1 12 KS <\/h2>\n<p>Popis v\u00fdrobku: 150g plechov\u00e1 d\u00f3za na \u010daj nebo k\u00e1vu. Rozm\u011br:  \u00d8 95 x 130 mm. Vhodn\u00e1 i na uskladn\u011bn\u00ed k\u00e1vy. Hermeticky uzav\u00edrateln\u00e1. <\/p>\n","protected":false},"excerpt":{"rendered":"<p>D\u00f3za 150 g. Rozm\u011bry: \u00d8 95 x 130 mm <\/p>\n","protected":false},"featured_media":91455,"comment_status":"open","ping_status":"closed","template":"","meta":[],"product_brand":[],"product_cat":[345],"product_tag":[],"class_list":{"0":"post-91456","1":"product","2":"type-product","3":"status-publish","4":"has-post-thumbnail","6":"product_cat-podpora-prodeje","8":"first","9":"instock","10":"product-type-simple"},"_links":{"self":[{"href":"https:\/\/zelenydrak.cz\/velkoobchod\/wp-json\/wp\/v2\/product\/91456","targetHints":{"allow":["GET"]}}],"collection":[{"href":"https:\/\/zelenydrak.cz\/velkoobchod\/wp-json\/wp\/v2\/product"}],"about":[{"href":"https:\/\/zelenydrak.cz\/velkoobchod\/wp-json\/wp\/v2\/types\/product"}],"replies":[{"embeddable":true,"href":"https:\/\/zelenydrak.cz\/velkoobchod\/wp-json\/wp\/v2\/comments?post=91456"}],"wp:featuredmedia":[{"embeddable":true,"href":"https:\/\/zelenydrak.cz\/velkoobchod\/wp-json\/wp\/v2\/media\/91455"}],"wp:attachment":[{"href":"https:\/\/zelenydrak.cz\/velkoobchod\/wp-json\/wp\/v2\/media?parent=91456"}],"wp:term":[{"taxonomy":"product_brand","embeddable":true,"href":"https:\/\/zelenydrak.cz\/velkoobchod\/wp-json\/wp\/v2\/product_brand?post=91456"},{"taxonomy":"product_cat","embeddable":true,"href":"https:\/\/zelenydrak.cz\/velkoobchod\/wp-json\/wp\/v2\/product_cat?post=91456"},{"taxonomy":"product_tag","embeddable":true,"href":"https:\/\/zelenydrak.cz\/velkoobchod\/wp-json\/wp\/v2\/product_tag?post=91456"}],"curies":[{"name":"wp","href":"https:\/\/api.w.org\/{rel}","templated":true}]}}