{"id":91446,"date":"2025-03-05T08:07:22","date_gmt":"2025-03-05T08:07:22","guid":{"rendered":"https:\/\/zelenydrak.cz\/velkoobchod\/produkt\/plechova-prodejni-doza-zlata-6ks\/"},"modified":"2025-03-05T08:07:22","modified_gmt":"2025-03-05T08:07:22","slug":"plechova-prodejni-doza-zlata-6ks","status":"publish","type":"product","link":"https:\/\/zelenydrak.cz\/velkoobchod\/produkt\/plechova-prodejni-doza-zlata-6ks\/","title":{"rendered":"PLECHOV\u00c1 PRODEJN\u00cd D\u00d3ZA ZLAT\u00c1 6KS"},"content":{"rendered":"<h2>PLECHOV\u00c1 PRODEJN\u00cd D\u00d3ZA NA \u010cAJ ZLAT\u00c1 6 KS<\/h2>\n<p>Popis v\u00fdrobku: plechov\u00e1 hranat\u00e1 d\u00f3za na \u010daj nebo k\u00e1vu. V balen\u00ed 6ks.<\/p>\n","protected":false},"excerpt":{"rendered":"<p>2.500 g. Rozm\u011bry: 169 x 169 x 255 mm<\/p>\n","protected":false},"featured_media":91445,"comment_status":"open","ping_status":"closed","template":"","meta":[],"product_brand":[],"product_cat":[345],"product_tag":[],"class_list":{"0":"post-91446","1":"product","2":"type-product","3":"status-publish","4":"has-post-thumbnail","6":"product_cat-podpora-prodeje","8":"first","9":"instock","10":"product-type-simple"},"_links":{"self":[{"href":"https:\/\/zelenydrak.cz\/velkoobchod\/wp-json\/wp\/v2\/product\/91446","targetHints":{"allow":["GET"]}}],"collection":[{"href":"https:\/\/zelenydrak.cz\/velkoobchod\/wp-json\/wp\/v2\/product"}],"about":[{"href":"https:\/\/zelenydrak.cz\/velkoobchod\/wp-json\/wp\/v2\/types\/product"}],"replies":[{"embeddable":true,"href":"https:\/\/zelenydrak.cz\/velkoobchod\/wp-json\/wp\/v2\/comments?post=91446"}],"wp:featuredmedia":[{"embeddable":true,"href":"https:\/\/zelenydrak.cz\/velkoobchod\/wp-json\/wp\/v2\/media\/91445"}],"wp:attachment":[{"href":"https:\/\/zelenydrak.cz\/velkoobchod\/wp-json\/wp\/v2\/media?parent=91446"}],"wp:term":[{"taxonomy":"product_brand","embeddable":true,"href":"https:\/\/zelenydrak.cz\/velkoobchod\/wp-json\/wp\/v2\/product_brand?post=91446"},{"taxonomy":"product_cat","embeddable":true,"href":"https:\/\/zelenydrak.cz\/velkoobchod\/wp-json\/wp\/v2\/product_cat?post=91446"},{"taxonomy":"product_tag","embeddable":true,"href":"https:\/\/zelenydrak.cz\/velkoobchod\/wp-json\/wp\/v2\/product_tag?post=91446"}],"curies":[{"name":"wp","href":"https:\/\/api.w.org\/{rel}","templated":true}]}}