{"id":91428,"date":"2025-03-05T08:07:20","date_gmt":"2025-03-05T08:07:20","guid":{"rendered":"https:\/\/zelenydrak.cz\/velkoobchod\/?post_type=product&#038;p=91428"},"modified":"2025-03-05T08:07:25","modified_gmt":"2025-03-05T08:07:25","slug":"slunce-a-radost-ovocny-caj","status":"publish","type":"product","link":"https:\/\/zelenydrak.cz\/velkoobchod\/produkt\/slunce-a-radost-ovocny-caj\/","title":{"rendered":"SLUNCE A RADOST &#8211; ovocn\u00fd \u010daj"},"content":{"rendered":"<h2>SLUNCE A RADOST &#8211; ovocn\u00fd \u010daj<\/h2>\n<p>Slo\u017een\u00ed \u010daje: kousky jablek, kv\u011bty ibi\u0161ku, hrozny (hrozny, zeleninov\u00fd olej), kousky mrkve, jogurtov\u00e9 kousky (su\u0161en\u00e9 odst\u0159ed\u011bn\u00e9 ml\u00e9ko, cukr, citronov\u00e1 kyselina), malinov\u00e9 list\u00ed, p\u0159\u00edrodn\u00ed aroma malin, \u010derven\u00e1 \u0159epa, cel\u00e9 maliny, r\u016f\u017eov\u00e9 poupata r\u016f\u017ee, kontryhel bylina<\/p>\n<p><h2>Ovocn\u00fd \u010daj.<\/h2>\n<\/p>\n<p><strong> Ovocn\u00e1 zahrada v \u0161\u00e1lku \u010daje. To je ovocn\u00fd \u010daj.<\/strong><\/p>\n<p>Ovocn\u00fd \u010daj prost\u011b v\u017edy chutn\u00e1 v\u00fdborn\u011b. Nap\u0159\u00edklad v hork\u00fdch letn\u00edch dnech jako osv\u011b\u017een\u00ed na terase nebo v chladn\u00fdch ro\u010dn\u00edch obdob\u00edch jako vo\u0148av\u00fd hork\u00fd n\u00e1poj u praskaj\u00edc\u00edho krbu.<\/p>\n<p><h2>Kreativita neust\u00e1le vytv\u00e1\u0159\u00ed nov\u00fd po\u017eitek.<\/h2>\n<\/p>\n<p>Kdy\u017e se spoj\u00ed pap\u00e1ja, ban\u00e1n, ananas, slupky \u0161\u00edpku, jablka, trnky, ibi\u0161ek, citr\u00f3nov\u00e1 tr\u00e1va a kv\u011bty chrpy, jedn\u00e1 se pravd\u011bpodobn\u011b o na\u0161i rozmanitou ovocnou sm\u011bs.<\/p>\n<p>Z mnoha vybran\u00fdch p\u0159\u00edsad v\u00e1m nab\u00edz\u00edme poka\u017ed\u00e9 novou, pestrobarevnou a \u010derstv\u011b ovocnou kompozici. Ovocn\u00e9 sm\u011bsi jsou zdravou alternativou ovocn\u00fdch \u0161\u0165\u00e1v, maj\u00ed dobrou chu\u0165 a p\u016fsob\u00ed blahod\u00e1rn\u011b.<\/p>\n<p><h2>Vitam\u00edny, skv\u011bl\u00e1 chu\u0165 ale \u017e\u00e1dn\u00fd kofein.<\/h2>\n<\/p>\n<p>Super volba pro maminky a jejich d\u011bti. Ovocn\u00fd \u010daj obsahuje vitam\u00edny, ale \u017e\u00e1dn\u00fd kofein.Neobsahuje kyseliny a prosp\u00edv\u00e1 \u017ealudku.<\/p>\n<p><h2>P\u0159\u00edprava ovocn\u00e9ho \u010daje:<\/h2>\n<\/p>\n<p>Ovocn\u00fd \u010daj se p\u0159elije vrouc\u00ed vodou a nech\u00e1 se luhovat 10 minut.<\/p>\n<p>L\u00edb\u00e1n\u00ed \u2013 to je, jako kdyby \u010dlov\u011bk cht\u011bl p\u00edt ze s\u00edtka: nikdy toho nem\u00e1 dost.<\/p>\n<p>(\u010c\u00ednsk\u00e9 p\u0159\u00edslov\u00ed)<\/p>\n<p><img decoding=\"async\" src=\"http:\/\/caj-a-kava.cz\/obrazky\/uvod\/dobalouhovani\/ovocny_caj.jpg\" alt=\"Prodej ovocn\u00fdch \u010daj\u016f. P\u0159\u00edprava \u010daje od Zelen\u00fd Drak \u010daj a k\u00e1va\" \/>\u00a0<\/p>\n","protected":false},"excerpt":{"rendered":"<p><strong>V\u016fn\u011b a chu\u0165:<\/strong> jogurt a malina<\/p>\n","protected":false},"featured_media":91461,"comment_status":"open","ping_status":"closed","template":"","meta":[],"product_brand":[],"product_cat":[323],"product_tag":[],"class_list":{"0":"post-91428","1":"product","2":"type-product","3":"status-publish","4":"has-post-thumbnail","6":"product_cat-ovocny-caj-s-ibiskem","8":"first","9":"instock","10":"product-type-variable","11":"has-default-attributes"},"_links":{"self":[{"href":"https:\/\/zelenydrak.cz\/velkoobchod\/wp-json\/wp\/v2\/product\/91428","targetHints":{"allow":["GET"]}}],"collection":[{"href":"https:\/\/zelenydrak.cz\/velkoobchod\/wp-json\/wp\/v2\/product"}],"about":[{"href":"https:\/\/zelenydrak.cz\/velkoobchod\/wp-json\/wp\/v2\/types\/product"}],"replies":[{"embeddable":true,"href":"https:\/\/zelenydrak.cz\/velkoobchod\/wp-json\/wp\/v2\/comments?post=91428"}],"wp:featuredmedia":[{"embeddable":true,"href":"https:\/\/zelenydrak.cz\/velkoobchod\/wp-json\/wp\/v2\/media\/91461"}],"wp:attachment":[{"href":"https:\/\/zelenydrak.cz\/velkoobchod\/wp-json\/wp\/v2\/media?parent=91428"}],"wp:term":[{"taxonomy":"product_brand","embeddable":true,"href":"https:\/\/zelenydrak.cz\/velkoobchod\/wp-json\/wp\/v2\/product_brand?post=91428"},{"taxonomy":"product_cat","embeddable":true,"href":"https:\/\/zelenydrak.cz\/velkoobchod\/wp-json\/wp\/v2\/product_cat?post=91428"},{"taxonomy":"product_tag","embeddable":true,"href":"https:\/\/zelenydrak.cz\/velkoobchod\/wp-json\/wp\/v2\/product_tag?post=91428"}],"curies":[{"name":"wp","href":"https:\/\/api.w.org\/{rel}","templated":true}]}}