{"id":91425,"date":"2025-03-05T08:07:19","date_gmt":"2025-03-05T08:07:19","guid":{"rendered":"https:\/\/zelenydrak.cz\/velkoobchod\/?post_type=product&#038;p=91425"},"modified":"2025-03-05T08:07:25","modified_gmt":"2025-03-05T08:07:25","slug":"sacek-na-caj-100g-250g","status":"publish","type":"product","link":"https:\/\/zelenydrak.cz\/velkoobchod\/produkt\/sacek-na-caj-100g-250g\/","title":{"rendered":"S\u00c1\u010cEK NA \u010cAJ 100g, 250g"},"content":{"rendered":"","protected":false},"excerpt":{"rendered":"<p>R\u016fzn\u00e9 barvy, t\u0159\u00edvrstv\u00fd. Rozm\u011br &#8211; 70 x 40 x 205 mm<\/p>\n","protected":false},"featured_media":91432,"comment_status":"open","ping_status":"closed","template":"","meta":[],"product_brand":[],"product_cat":[345],"product_tag":[],"class_list":{"0":"post-91425","1":"product","2":"type-product","3":"status-publish","4":"has-post-thumbnail","6":"product_cat-podpora-prodeje","8":"first","9":"instock","10":"product-type-variable"},"_links":{"self":[{"href":"https:\/\/zelenydrak.cz\/velkoobchod\/wp-json\/wp\/v2\/product\/91425","targetHints":{"allow":["GET"]}}],"collection":[{"href":"https:\/\/zelenydrak.cz\/velkoobchod\/wp-json\/wp\/v2\/product"}],"about":[{"href":"https:\/\/zelenydrak.cz\/velkoobchod\/wp-json\/wp\/v2\/types\/product"}],"replies":[{"embeddable":true,"href":"https:\/\/zelenydrak.cz\/velkoobchod\/wp-json\/wp\/v2\/comments?post=91425"}],"wp:featuredmedia":[{"embeddable":true,"href":"https:\/\/zelenydrak.cz\/velkoobchod\/wp-json\/wp\/v2\/media\/91432"}],"wp:attachment":[{"href":"https:\/\/zelenydrak.cz\/velkoobchod\/wp-json\/wp\/v2\/media?parent=91425"}],"wp:term":[{"taxonomy":"product_brand","embeddable":true,"href":"https:\/\/zelenydrak.cz\/velkoobchod\/wp-json\/wp\/v2\/product_brand?post=91425"},{"taxonomy":"product_cat","embeddable":true,"href":"https:\/\/zelenydrak.cz\/velkoobchod\/wp-json\/wp\/v2\/product_cat?post=91425"},{"taxonomy":"product_tag","embeddable":true,"href":"https:\/\/zelenydrak.cz\/velkoobchod\/wp-json\/wp\/v2\/product_tag?post=91425"}],"curies":[{"name":"wp","href":"https:\/\/api.w.org\/{rel}","templated":true}]}}