{"id":91424,"date":"2025-03-05T08:07:18","date_gmt":"2025-03-05T08:07:18","guid":{"rendered":"https:\/\/zelenydrak.cz\/velkoobchod\/produkt\/andelsky-sepot-zeleny-caj\/"},"modified":"2025-03-05T08:07:25","modified_gmt":"2025-03-05T08:07:25","slug":"andelsky-sepot-zeleny-caj","status":"publish","type":"product","link":"https:\/\/zelenydrak.cz\/velkoobchod\/produkt\/andelsky-sepot-zeleny-caj\/","title":{"rendered":"AND\u011aLSK\u00dd \u0160EPOT &#8211; zelen\u00fd \u010daj"},"content":{"rendered":"<h1><strong>AND\u011aLSK\u00dd  \u0160EPOT &#8211; Zelen\u00fd \u010caj<\/strong><\/h1>\n<p>Slo\u017een\u00ed: Sencha zelen\u00fd \u010daj (min.50%), kandovan\u00e9 kousky ananasu (ananas, cukr), kandovan\u00e9 kousky pap\u00e1ji (pap\u00e1ja, cukr),p\u0159\u00edrodn\u00ed p\u0159\u00edchu\u0165 t\u0159e\u0161n\u00ed, kousky t\u0159e\u0161n\u00ed, Jasminov\u00fd Dragon Pearls (zelen\u00fd \u010daj), jasm\u00ednov\u00e9 kv\u011bty, okv\u011btn\u00ed l\u00edstky r\u016f\u017e\u00ed.<\/p>\n<p> V  dne\u0161n\u00ed usp\u011bchan\u00e9 dob\u011b, kdy se zd\u00e1, \u017ee n\u00e1m ka\u017ed\u00fdm dnem ub\u00fdv\u00e1  \u010dasu na zastaven\u00ed a vychutn\u00e1n\u00ed si mal\u00fdch radost\u00ed, je zelen\u00fd  \u010daj AND\u011aLSK\u00dd \u0160EPOT mal\u00fdm \u00fanikem do sv\u011bta harmonie a klidu.  Tento unik\u00e1tn\u00ed sypan\u00fd \u010daj nen\u00ed jen oby\u010dejn\u00fdm n\u00e1pojem \u2013 je  to esence p\u0159\u00edrody, kter\u00e1 n\u00e1m p\u0159in\u00e1\u0161\u00ed nejen delik\u00e1tn\u00ed chu\u0165,  ale tak\u00e9 \u0159adu pozitivn\u00edch \u00fa\u010dink\u016f.<\/p>\n<h2> <strong>Slo\u017een\u00ed,  kter\u00e9 okouzl\u00ed<\/strong><\/h2>\n<p> AND\u011aLSK\u00dd  \u0160EPOT se py\u0161n\u00ed pe\u010dliv\u011b vybran\u00fdm slo\u017een\u00edm, kter\u00e9 kombinuje  jak tradi\u010dn\u00ed, tak exotick\u00e9 ingredience. Z\u00e1kladem t\u00e9to sm\u011bsi je  sencha zelen\u00fd \u010daj, kter\u00fd tvo\u0159\u00ed minim\u00e1ln\u011b 50 % celkov\u00e9ho  obsahu. Sencha je jedn\u00edm z nej\u010dast\u011bji pop\u00edjen\u00fdch typ\u016f zelen\u00e9ho  \u010daje v Japonsku, zn\u00e1m\u00fd pro svou sv\u011b\u017e\u00ed chu\u0165 a citrusov\u00e9 aroma. <\/p>\n<p> Dal\u0161\u00edmi  podstatn\u00fdmi slo\u017ekami jsou kandovan\u00e9 kousky ananasu a pap\u00e1ji,  kter\u00e9 \u010daji dod\u00e1vaj\u00ed exotick\u00e9 a sladk\u00e9 t\u00f3ny. Ananas, bohat\u00fd na  vitam\u00edny a miner\u00e1ly, p\u0159in\u00e1\u0161\u00ed do n\u00e1poje sv\u011b\u017eest, zat\u00edmco  pap\u00e1ja p\u0159isp\u00edv\u00e1 ke kr\u00e9mov\u00e9 textu\u0159e a ovocn\u00e9 chuti. Spolu s  p\u0159\u00edrodn\u00ed p\u0159\u00edchut\u00ed t\u0159e\u0161n\u00ed a kousky samotn\u00fdch t\u0159e\u0161n\u00ed je  v\u00fdsledn\u00fd n\u00e1poj skute\u010dn\u00fdm po\u017eitkem pro chu\u0165ov\u00e9 poh\u00e1rky.<\/p>\n<p> Pro  milovn\u00edky jasm\u00ednu m\u00e1me skv\u011blou zpr\u00e1vu! K And\u011blovu \u0161epotu se  p\u0159id\u00e1v\u00e1 tak\u00e9 Jasminov\u00fd Dragon Pearls, co\u017e jsou kvalitn\u00ed zelen\u00e9  \u010daje s jasm\u00ednov\u00fdmi kv\u011bty. Tento dra\u010d\u00ed \u010daj dod\u00e1v\u00e1 \u010daji  okouzluj\u00edc\u00ed aroma a jemnou kv\u011btinovou chu\u0165. Dal\u0161\u00edmi slo\u017ekami  jsou okv\u011btn\u00ed l\u00edstky r\u016f\u017e\u00ed, kter\u00e9 p\u0159in\u00e1\u0161ej\u00ed do n\u00e1poje  n\u00e1dech elegance a romantiky.<\/p>\n<h2> <strong>Chu\u0165ov\u00fd  Profil<\/strong><\/h2>\n<p><img loading=\"lazy\" decoding=\"async\" style=\"float: left;\" title=\"konvice \u010caj-a-K\u00e1va.cz\" src=\"https:\/\/caj-a-kava.cz\/img\/cms\/konvice_zelenydrak.png\" alt=\"konvice \u010caj-a-K\u00e1va.cz\" width=\"100\" height=\"100\" \/><\/p>\n<h3>&nbsp;<\/h3>\n<p> And\u011blsk\u00fd  \u0161epot se vyzna\u010duje vyv\u00e1\u017een\u00fdm mixem ovocn\u00fdch a kv\u011btinov\u00fdch  chut\u00ed. Osv\u011b\u017euj\u00edc\u00ed Sencha dopln\u011bn\u00e1 o sladkost t\u0159e\u0161n\u00ed a  exotick\u00fdch plod\u016f vytv\u00e1\u0159\u00ed harmonick\u00fd z\u00e1\u017eitek s jemn\u00fdm aroma  jasm\u00ednu. Prvn\u00ed dou\u0161ky v\u00e1s osv\u011b\u017e\u00ed, zat\u00edmco nasl\u00e1dl\u00e9 t\u00f3ny  ananasu a pap\u00e1ji se pozvolna zjemn\u00ed na pozad\u00ed. Okv\u011btn\u00ed l\u00edstky  r\u016f\u017e\u00ed pak jemn\u011b podtrhuj\u00ed celou chu\u0165ovou paletu, co\u017e d\u011bl\u00e1 z  ka\u017ed\u00e9ho \u0161\u00e1lku And\u011blsk\u00e9ho\u0161epotu skute\u010dn\u00fd ritu\u00e1l.<\/p>\n<h3> <strong>P\u0159\u00edprava  a u\u017e\u00edv\u00e1n\u00ed<\/strong><\/h3>\n<p> P\u0159\u00edprava  \u010daje AND\u011aLSK\u00dd \u0160EPOT je snadn\u00e1 a rychl\u00e1. Doporu\u010duje se pou\u017e\u00edvat  \u010derstvou, filtrovanou vodu, kterou je t\u0159eba p\u0159iv\u00e9st k varu, ale  ne do bodu varu. Ide\u00e1ln\u00ed teplota pro louhov\u00e1n\u00ed zelen\u00e9ho \u010daje se  pohybuje mezi 75 a 85 \u00b0C. \u010caj by m\u011bl b\u00fdt louhov\u00e1n po dobu 2-3  minut, aby se naplno uvolnily v\u0161echny chut\u011b a prosp\u011b\u0161n\u00e9 l\u00e1tky.<\/p>\n<p> Tento  \u010daj si nejv\u00edce vychutn\u00e1te v klidn\u00e9m prost\u0159ed\u00ed, ide\u00e1ln\u011b za  sv\u00edt\u00e1n\u00ed nebo p\u0159i setm\u011bn\u00ed, kdy si m\u016f\u017eete dop\u0159\u00e1t \u010das jen pro  sebe. A\u0165 u\u017e si jej vychutn\u00e1te sami, nebo s p\u0159\u00e1teli, AND\u011aLSK\u00dd  \u0160EPOT p\u0159inese do va\u0161eho dne jisk\u0159ivou energii a pocit harmonie.<\/p>\n<h3> <strong>Z\u00e1v\u011br<\/strong><\/h3>\n<p> Zelen\u00fd  \u010daj AND\u011aLSK\u00dd \u0160EPOT je v\u00edce ne\u017e jen n\u00e1poj \u2013 je to zku\u0161enost,  kter\u00e1 spojuje chu\u0165, v\u016fni a zdravotn\u00ed p\u0159\u00ednosy. Tato bohat\u00e1 a  pestr\u00e1 sm\u011bs vytvo\u0159en\u00e1 z kvalitn\u00edch ingredienc\u00ed p\u0159in\u00e1\u0161\u00ed do  na\u0161eho ka\u017edodenn\u00edho \u017eivota kapku exotiky a elegance. Nechte se  un\u00e9st t\u00edmto and\u011blsk\u00fdm \u0161epotem a dop\u0159ejte si chvilku klidu a  relaxace, kterou si tak zaslou\u017e\u00edte. A\u0165 u\u017e jej p\u0159iprav\u00edte jako  sou\u010d\u00e1st rann\u00ed rutiny nebo jako ve\u010dern\u00ed osv\u011b\u017een\u00ed, AND\u011aLSK\u00dd  \u0160EPOT v\u00e1s okouzl\u00ed svou jemnost\u00ed a chuti napln\u011bnou pozitivn\u00ed energi\u00ed.<\/p>\n<p>V letn\u00edm obdob\u00ed p\u0159ipraven\u00fd \u010daj doporu\u010dujeme vychladit, zak\u00e1pnout limetkou a touto ozdobit, pokud m\u00e1me l\u017e\u00edci r\u016f\u017eov\u00e9ho sirupu je to lep\u0161\u00ed. Nezapomeneme na led a m\u00e1me opravdu super letn\u00ed osv\u011b\u017een\u00ed.<\/p>\n<p>And\u011blsk\u00fd \u0161epot zelen\u00fd \u010daj &#8211; vzhled<\/p>\n<p><img loading=\"lazy\" decoding=\"async\" title=\"And\u011blsk\u00fd \u0161epot zelen\u00fd \u010daj \u2013 vzhled\" src=\"https:\/\/www.zelenydrak.cz\/img\/cms\/and\u011blsk\u00fd_\u0161epot.png\" alt=\"And\u011blsk\u00fd \u0161epot zelen\u00fd \u010daj vzhled\" width=\"850\" height=\"504\" \/><\/p>\n<p>And\u011blsk\u00fd \u0161epot zelen\u00fd \u010daj &#8211; p\u0159\u00edprava<\/p>\n<p><img loading=\"lazy\" decoding=\"async\" title=\"And\u011blsk\u00fd \u0161epot zelen\u00fd \u010daj \u2013 p\u0159\u00edprava\" src=\"https:\/\/www.zelenydrak.cz\/img\/cms\/and\u011blsk\u00fd_\u0161epot_zeleny_caj_zeleny_drak.png\" alt=\"And\u011blsk\u00fd \u0161epot zelen\u00fd \u010daj - p\u0159\u00edprava\" width=\"850\" height=\"504\" \/><\/p>\n<p>And\u011blsk\u00fd \u0161epot zelen\u00fd \u010daj &#8211; n\u00e1lev<\/p>\n<p><img loading=\"lazy\" decoding=\"async\" title=\"And\u011blsk\u00fd \u0161epot zelen\u00fd \u010daj - n\u00e1lev\" src=\"https:\/\/www.zelenydrak.cz\/img\/cms\/andelsky_sepot_zelenydrak.png\" alt=\"And\u011blsk\u00fd \u0161epot zelen\u00fd \u010daj - n\u00e1lev\" width=\"850\" height=\"504\" \/><\/p>\n","protected":false},"excerpt":{"rendered":"<p><img loading=\"lazy\" decoding=\"async\" class=\"size-full wp-image-2970 alignleft\" src=\"https:\/\/zelenydrak.cz\/wp-content\/uploads\/2024\/08\/konvice-caj.png\" alt=\"\" width=\"48\" height=\"48\" \/><\/p>\n<p>And\u011blsk\u00fd \u0161epot je jedine\u010dn\u00fd zelen\u00fd sypan\u00fd \u010daj, jeho\u017e slo\u017een\u00ed je pe\u010dliv\u011b vybr\u00e1no tak, aby pot\u011b\u0161ilo smysly i du\u0161i. Hlavn\u00ed slo\u017ekou tohoto aromatick\u00e9ho n\u00e1poje je Sencha zelen\u00fd \u010daj s minim\u00e1ln\u00edmi 50 %, jeho\u017e jemn\u00e1 chu\u0165 a osv\u011b\u017euj\u00edc\u00ed \u00fa\u010dinky povzbuzuj\u00ed mysl a dod\u00e1vaj\u00ed energii. Kdy\u017e se k t\u011bmto skvostn\u00fdm list\u016fm p\u0159idaj\u00ed kandovan\u00e9 kousky ananasu a pap\u00e1ji, vznik\u00e1 syst\u00e9m p\u0159\u00edchut\u00ed, kter\u00fd p\u0159in\u00e1\u0161\u00ed tropick\u00e9 slunce ka\u017ed\u00e9mu dou\u0161ku.<\/p>\n<p>D\u00edky p\u0159\u00edrodn\u00ed p\u0159\u00edchuti t\u0159e\u0161n\u00ed a skute\u010dn\u00fdm kousk\u016fm t\u0159e\u0161n\u00ed se vytv\u00e1\u0159\u00ed harmonick\u00fd a lahodn\u00fd kontrast, kter\u00fd zve k nov\u00fdm chu\u0165ov\u00fdm zku\u0161enostem. A to nen\u00ed v\u0161echno \u2013 jemn\u00e9 Jasminov\u00e9 Dragon Pearls dod\u00e1vaj\u00ed cel\u00e9mu \u010daji eleganci, zat\u00edmco vo\u0148av\u00e9 jasm\u00ednov\u00e9 kv\u011bty a okv\u011btn\u00ed l\u00edstky r\u016f\u017e\u00ed dod\u00e1vaj\u00ed n\u00e1poji dokonalou floralitu. And\u011blsk\u00fd \u0161epot je tak nejen n\u00e1pojem, ale i z\u00e1\u017eitkem, kter\u00fd v\u00e1s p\u0159en\u00e1\u0161\u00ed do sv\u011bta klidu a pohody. Pono\u0159te se do sv\u011bta tohoto unik\u00e1tn\u00edho zelen\u00e9ho \u010daje a nechte, aby v\u00e1s jeho kouzlo okouzlilo.<\/p>\n","protected":false},"featured_media":91423,"comment_status":"open","ping_status":"closed","template":"","meta":[],"product_brand":[],"product_cat":[297],"product_tag":[],"class_list":{"0":"post-91424","1":"product","2":"type-product","3":"status-publish","4":"has-post-thumbnail","6":"product_cat-zeleny-caj-ochuceny","8":"first","9":"instock","10":"product-type-variable","11":"has-default-attributes"},"_links":{"self":[{"href":"https:\/\/zelenydrak.cz\/velkoobchod\/wp-json\/wp\/v2\/product\/91424","targetHints":{"allow":["GET"]}}],"collection":[{"href":"https:\/\/zelenydrak.cz\/velkoobchod\/wp-json\/wp\/v2\/product"}],"about":[{"href":"https:\/\/zelenydrak.cz\/velkoobchod\/wp-json\/wp\/v2\/types\/product"}],"replies":[{"embeddable":true,"href":"https:\/\/zelenydrak.cz\/velkoobchod\/wp-json\/wp\/v2\/comments?post=91424"}],"wp:featuredmedia":[{"embeddable":true,"href":"https:\/\/zelenydrak.cz\/velkoobchod\/wp-json\/wp\/v2\/media\/91423"}],"wp:attachment":[{"href":"https:\/\/zelenydrak.cz\/velkoobchod\/wp-json\/wp\/v2\/media?parent=91424"}],"wp:term":[{"taxonomy":"product_brand","embeddable":true,"href":"https:\/\/zelenydrak.cz\/velkoobchod\/wp-json\/wp\/v2\/product_brand?post=91424"},{"taxonomy":"product_cat","embeddable":true,"href":"https:\/\/zelenydrak.cz\/velkoobchod\/wp-json\/wp\/v2\/product_cat?post=91424"},{"taxonomy":"product_tag","embeddable":true,"href":"https:\/\/zelenydrak.cz\/velkoobchod\/wp-json\/wp\/v2\/product_tag?post=91424"}],"curies":[{"name":"wp","href":"https:\/\/api.w.org\/{rel}","templated":true}]}}