{"id":91418,"date":"2025-03-05T08:07:17","date_gmt":"2025-03-05T08:07:17","guid":{"rendered":"https:\/\/zelenydrak.cz\/velkoobchod\/produkt\/malban-nougat\/"},"modified":"2025-03-05T08:07:17","modified_gmt":"2025-03-05T08:07:17","slug":"malban-nougat","status":"publish","type":"product","link":"https:\/\/zelenydrak.cz\/velkoobchod\/produkt\/malban-nougat\/","title":{"rendered":"MALBAN  NOUGAT"},"content":{"rendered":"<h2>NOUGAT MALBAN &#8211;  900g<\/h2>\n<p>Slo\u017een\u00ed v\u00fdrobku: cukr, gluk\u00f3za, kuku\u0159i\u010dn\u00e1 mouka, albumin (b\u00edlkov\u00fd protein), o\u0159\u00ed\u0161ky, sezamov\u00e9 sem\u00ednko, kokos, vanilin, su\u0161en\u00e9 meru\u0148ky, p\u0159\u00edrodn\u00ed aroma. Malban je cukrov\u00ed libanonsk\u00e9ho p\u016fvodu. Jedn\u00e1 se o v\u00fdrobek podobn\u00fd nug\u00e1tu, \u010dasto pln\u011bn\u00fd o\u0159echy nebo pist\u00e1ciemi.<\/p>\n","protected":false},"excerpt":{"rendered":"<p>Malban Nougat bonboni\u00e9ra<\/p>\n","protected":false},"featured_media":91417,"comment_status":"open","ping_status":"closed","template":"","meta":[],"product_brand":[],"product_cat":[329],"product_tag":[],"class_list":{"0":"post-91418","1":"product","2":"type-product","3":"status-publish","4":"has-post-thumbnail","6":"product_cat-pochoutky","8":"first","9":"instock","10":"product-type-simple"},"_links":{"self":[{"href":"https:\/\/zelenydrak.cz\/velkoobchod\/wp-json\/wp\/v2\/product\/91418","targetHints":{"allow":["GET"]}}],"collection":[{"href":"https:\/\/zelenydrak.cz\/velkoobchod\/wp-json\/wp\/v2\/product"}],"about":[{"href":"https:\/\/zelenydrak.cz\/velkoobchod\/wp-json\/wp\/v2\/types\/product"}],"replies":[{"embeddable":true,"href":"https:\/\/zelenydrak.cz\/velkoobchod\/wp-json\/wp\/v2\/comments?post=91418"}],"wp:featuredmedia":[{"embeddable":true,"href":"https:\/\/zelenydrak.cz\/velkoobchod\/wp-json\/wp\/v2\/media\/91417"}],"wp:attachment":[{"href":"https:\/\/zelenydrak.cz\/velkoobchod\/wp-json\/wp\/v2\/media?parent=91418"}],"wp:term":[{"taxonomy":"product_brand","embeddable":true,"href":"https:\/\/zelenydrak.cz\/velkoobchod\/wp-json\/wp\/v2\/product_brand?post=91418"},{"taxonomy":"product_cat","embeddable":true,"href":"https:\/\/zelenydrak.cz\/velkoobchod\/wp-json\/wp\/v2\/product_cat?post=91418"},{"taxonomy":"product_tag","embeddable":true,"href":"https:\/\/zelenydrak.cz\/velkoobchod\/wp-json\/wp\/v2\/product_tag?post=91418"}],"curies":[{"name":"wp","href":"https:\/\/api.w.org\/{rel}","templated":true}]}}