{"id":91384,"date":"2025-03-05T08:07:11","date_gmt":"2025-03-05T08:07:11","guid":{"rendered":"https:\/\/zelenydrak.cz\/velkoobchod\/?post_type=product&#038;p=91384"},"modified":"2025-03-05T08:07:19","modified_gmt":"2025-03-05T08:07:19","slug":"mate-green-a-marocka-mata-mate-caj","status":"publish","type":"product","link":"https:\/\/zelenydrak.cz\/velkoobchod\/produkt\/mate-green-a-marocka-mata-mate-caj\/","title":{"rendered":"MATE GREEN  A MAROCK\u00c1 M\u00c1TA &#8211; mat\u00e9 \u010daj"},"content":{"rendered":"<h2>MATE GREEN  A MAROCK\u00c1 M\u00c1TA &#8211; bylinn\u00fd \u010daj<\/h2>\n<p>Slo\u017een\u00ed \u010daje: zelen\u00e9 Mat\u00e9 a Marock\u00e1 m\u00e1ta (min 20%). Mat\u00e9 poch\u00e1z\u00ed z Braz\u00edlie, Argentiny. P\u016fvod Mat\u00e9 nen\u00ed v \u010dajovn\u00edku, n\u00fdbr\u017e v listu Cesm\u00edny paraquajsk\u00e9. Obsahuje 6,5% kofeinu, co\u017e je asi o 1,5% v\u00edce ne\u017e v k\u00e1v\u011b nebo \u010daji. Mat\u00e9 obsahuje \u0159adu vitam\u00edn\u016f, b\u00edlkoviny, magnezium, \u017eelezo, sod\u00edk, fluor a dal\u0161\u00ed, pro lidsk\u00fd organismus d\u016fle\u017eit\u00e9 l\u00e1tky. Mat\u00e9 \u201emagick\u00e1\u201d s\u00edla z Ji\u017en\u00ed Ameriky. V Ji\u017en\u00ed Americe je Mate odjak\u017eiva n\u00e1rodn\u00ed n\u00e1poj, vhodn\u00fd ke ka\u017ed\u00e9 p\u0159\u00edle\u017eitosti. N\u00e1poji z palmov\u00fdch list\u016f a v\u011btv\u00ed jsou dokonce p\u0159ipisov\u00e1ny magick\u00e9 vlastnosti. Kv\u016fli sv\u00e9mu vysok\u00e9mu obsahu kofeinu m\u00e1 pozitivn\u00ed stimula\u010dn\u00ed \u00fa\u010dinky. Proto je bohat\u00fd na vitam\u00edn C, ho\u0159\u010d\u00edk, v\u00e1pn\u00edk a \u017eelezo. Pro sv\u016fj \u00fa\u010dinek tlum\u00edc\u00ed chu\u0165 k j\u00eddlu je zaj\u00edmav\u00fd i jako \u010daj na hubnut\u00ed. P\u0159\u00edprava: 1 pol\u00e9vkovou l\u017e\u00edci Mat\u00e9 p\u0159elijeme 200 ml vody (80? C). Pokud je doba louhov\u00e1n\u00ed do 5 minut p\u016fsob\u00ed stimula\u010dn\u011b. Jestli\u017ee je doba louhov\u00e1n\u00ed del\u0161\u00ed jak 5 minut, nastupuje do pop\u0159ed\u00ed uklid\u0148uj\u00edc\u00ed \u00fa\u010dinek t\u0159\u00edslovin.\u00a0 <\/p>\n<p>Tip: letn\u00ed osv\u011b\u017een\u00ed \u2013 nezapome\u0148te v l\u00e9t\u011b je \u0161\u0165\u00e1va z Mat\u00e9 ide\u00e1ln\u00ed osv\u011b\u017euj\u00edc\u00ed n\u00e1poj, kter\u00fd m\u016f\u017eeme zjemnit m\u00e1tou. \u010cerstv\u00fd citron p\u0159idan\u00fd do Mat\u00e9, dod\u00e1 tomuto skv\u011bl\u00e9mu pit\u00ed vitam\u00edny.<\/p>\n<p> <img loading=\"lazy\" decoding=\"async\" style=\"float: right\" title=\"Ledov\u00fd \u010daj Mat\u00e9 | prodej \u010daje a k\u00e1vy \u010caj-a-K\u00e1va.cz\" src=\"https:\/\/caj-a-kava.cz\/obrazky\/uvod\/dobalouhovani\/ledove_mate_caj.jpg\" alt=\"Ledov\u00fd \u010daj Mat\u00e9 | prodej \u010daje a k\u00e1vy \u010caj-a-K\u00e1va.cz\" width=\"400\" height=\"275\" \/><\/p>\n<p> <img decoding=\"async\" title=\"Prodej Mat\u00e9 \u010daje. P\u0159\u00edprava \u010daje od Zelen\u00fd Drak \u010daj a k\u00e1va\" src=\"https:\/\/caj-a-kava.cz\/obrazky\/uvod\/dobalouhovani\/mate.jpg\" alt=\"Prodej Mat\u00e9 \u010daje. P\u0159\u00edprava \u010daje od Zelen\u00fd Drak \u010daj a k\u00e1va\" \/>\u00a0<\/p>\n","protected":false},"excerpt":{"rendered":"<p><img loading=\"lazy\" decoding=\"async\" class=\"size-full wp-image-2970 alignleft\" src=\"https:\/\/zelenydrak.cz\/wp-content\/uploads\/2024\/08\/konvice-caj.png\" alt=\"\" width=\"48\" height=\"48\" \/>   V\u016fn\u011b a chu\u0165: p\u0159\u00edrodn\u00ed bez p\u0159idan\u00fdch aromatick\u00fdch l\u00e1tek.<\/p>\n","protected":false},"featured_media":91419,"comment_status":"open","ping_status":"closed","template":"","meta":[],"product_brand":[],"product_cat":[304,305],"product_tag":[],"class_list":{"0":"post-91384","1":"product","2":"type-product","3":"status-publish","4":"has-post-thumbnail","6":"product_cat-bylinny-caj-a-smesi","7":"product_cat-mate","9":"first","10":"instock","11":"product-type-variable","12":"has-default-attributes"},"_links":{"self":[{"href":"https:\/\/zelenydrak.cz\/velkoobchod\/wp-json\/wp\/v2\/product\/91384","targetHints":{"allow":["GET"]}}],"collection":[{"href":"https:\/\/zelenydrak.cz\/velkoobchod\/wp-json\/wp\/v2\/product"}],"about":[{"href":"https:\/\/zelenydrak.cz\/velkoobchod\/wp-json\/wp\/v2\/types\/product"}],"replies":[{"embeddable":true,"href":"https:\/\/zelenydrak.cz\/velkoobchod\/wp-json\/wp\/v2\/comments?post=91384"}],"wp:featuredmedia":[{"embeddable":true,"href":"https:\/\/zelenydrak.cz\/velkoobchod\/wp-json\/wp\/v2\/media\/91419"}],"wp:attachment":[{"href":"https:\/\/zelenydrak.cz\/velkoobchod\/wp-json\/wp\/v2\/media?parent=91384"}],"wp:term":[{"taxonomy":"product_brand","embeddable":true,"href":"https:\/\/zelenydrak.cz\/velkoobchod\/wp-json\/wp\/v2\/product_brand?post=91384"},{"taxonomy":"product_cat","embeddable":true,"href":"https:\/\/zelenydrak.cz\/velkoobchod\/wp-json\/wp\/v2\/product_cat?post=91384"},{"taxonomy":"product_tag","embeddable":true,"href":"https:\/\/zelenydrak.cz\/velkoobchod\/wp-json\/wp\/v2\/product_tag?post=91384"}],"curies":[{"name":"wp","href":"https:\/\/api.w.org\/{rel}","templated":true}]}}