{"id":91382,"date":"2025-03-05T08:07:11","date_gmt":"2025-03-05T08:07:11","guid":{"rendered":"https:\/\/zelenydrak.cz\/velkoobchod\/?post_type=product&#038;p=91382"},"modified":"2025-03-05T08:07:19","modified_gmt":"2025-03-05T08:07:19","slug":"kava-kostarika-shb-el-rosario","status":"publish","type":"product","link":"https:\/\/zelenydrak.cz\/velkoobchod\/produkt\/kava-kostarika-shb-el-rosario\/","title":{"rendered":"K\u00c1VA KOSTARIKA SHB EL ROSARIO"},"content":{"rendered":"<h2>K\u00c1VA KOSTARIKA SHB EL ROSARIO<\/h2>\n<p>Slo\u017een\u00ed: \u010dern\u00e1 k\u00e1va 100% Arabika. <\/p>\n<p>Zpracov\u00e1n\u00ed k\u00e1vy  Finca El Rosario prob\u00edh\u00e1 v mal\u00e9 farm\u011b s n\u00e1zvem La Cabana. V\u0161e za\u010dalo p\u0159ed  50 lety, kdy star\u00fd p\u00e1n Moises Meza vysadil prvn\u00ed k\u00e1vovn\u00edky. V t\u00e9 dob\u011b pouze vyr\u00e1b\u011bl a dod\u00e1val sv\u00e9 k\u00e1vov\u00e9 t\u0159e\u0161n\u011b, jak tomu bylo zvykem nejbli\u017e\u0161\u00edm p\u0159ekupn\u00edk\u016fm. Jeho v\u011bdomosti v p\u011bstov\u00e1n\u00ed k\u00e1vy byly velmi omezen\u00e9. Ne\u0159\u00edkal si, \u017ee by jeho k\u00e1va byla tak dobr\u00e1, aby mohla obst\u00e1t na mezin\u00e1rodn\u00edch trz\u00edch. V roce 2007 ov\u0161em za\u010daly jeho d\u011bti pan Javier a pan\u00ed Gabriela produkovat tzv. medovou k\u00e1vu v mikrolotech (mal\u00e9 balen\u00ed). To p\u0159edstavuje cca 30kg k\u00e1vy v jednom mikrolotu s naprosto dohledateln\u00fdm p\u016fvodem.<\/p>\n<p>Cel\u00fd proces je 100% ekologick\u00fd a k\u00e1vovn\u00edky se p\u011bstuj\u00ed ve st\u00ednech strom\u016f. Hnojiva jsou vyr\u00e1b\u011bna pouze z p\u0159\u00edrodn\u00edch produkt\u016f a bez herbicid\u016f. Jedn\u00e1 se o p\u0159\u00edrodn\u00ed polokompost.<\/p>\n<p>Medov\u00e1 k\u00e1va p\u0159ech\u00e1z\u00ed p\u0159\u00edmo na vyv\u00fd\u0161en\u00e1 africk\u00e1 su\u0161\u00edc\u00ed l\u016f\u017eka pot\u00e9, co byla vyloup\u00e1na, nepro\u0161la \u017e\u00e1dn\u00fdm prom\u00fdvac\u00edm procesem a to z toho d\u016fvodu, aby si udr\u017eela sladk\u00fd medovit\u00fd sliz, kter\u00fd j\u00ed d\u00e1v\u00e1 ovocnou chu\u0165. <\/p>\n<p>B\u011bhem procesu su\u0161en\u00ed pot\u0159ebuj\u00ed k\u00e1vov\u00e9 t\u0159e\u0161n\u011b zvl\u00e1\u0161tn\u00ed pozornost a mus\u00ed b\u00fdt ka\u017ed\u00fdch 10 minut oto\u010deny, aby se dos\u00e1hlo perfektn\u00edho vyv\u00e1\u017een\u00ed vlhkosti. Ot\u00e1\u010den\u00ed je velmi d\u016fle\u017eit\u00e9, jinak by mohlo doj\u00edt k plesniv\u011bn\u00ed. To cel\u00e9 se d\u011bje po dobu jednoho t\u00fddne. Tomu \u0159\u00edk\u00e1me pe\u010dlivost. A s takto vysokou pe\u010dlivost\u00ed  v\u011bnovanou detail\u016fm nen\u00ed divu, pro\u010d je tato k\u00e1va tak dobr\u00e1 a jedine\u010dn\u00e1!<\/p>\n<p><h2>V\u00edce o k\u00e1v\u011b:<\/h2>\n<table class=\"table table-bordered\" width=\"594\" border=\"1\" cellspacing=\"1\" cellpadding=\"1\">\n<tbody>\n<tr>\n<td width=\"115\"><strong>Oblast<\/strong><\/td>\n<td width=\"72\">Kostarika<\/td>\n<\/tr>\n<tr>\n<td><strong>Nadmo\u0159sk\u00e1 v\u00fd\u0161ka<\/strong><\/td>\n<td>1600 m<\/td>\n<\/tr>\n<tr>\n<td><strong>Zpracov\u00e1n\u00ed<\/strong><\/td>\n<td>tzv. medov\u00e1n\u00ed \/ such\u00e9<\/td>\n<\/tr>\n<tr>\n<td><strong>P\u016fda<\/strong><\/td>\n<td>vulkanick\u00e1 p\u016fda<\/td>\n<\/tr>\n<tr>\n<td><strong>Detail kultivaru<\/strong><\/td>\n<td>\u017dlut\u00fd Catuai<\/td>\n<\/tr>\n<tr>\n<td><strong>St\u00edn strom\u016f<\/strong><\/td>\n<td>Ano<\/td>\n<\/tr>\n<tr>\n<td><strong>Kvalita<\/strong><\/td>\n<td>SHB EP (ozna\u010duje k\u00e1vu s nejvy\u0161\u0161\u00ed kvalitou a nejtvrd\u0161\u00edm zrnem)<\/td>\n<\/tr>\n<\/tbody>\n<\/table>\n<h2>Chu\u0165ov\u00fd profil:<\/h2>\n<table class=\"table table-bordered\" width=\"596\" border=\"2\" cellspacing=\"2\" cellpadding=\"2\">\n<tbody>\n<tr>\n<th width=\"100\" scope=\"row\">Stupe\u0148 pra\u017een\u00ed<\/th>\n<td width=\"100\" bgcolor=\"#4B1211\"><\/td>\n<td width=\"100\" bgcolor=\"#4B1211\"><\/td>\n<td width=\"100\"><\/td>\n<td width=\"100\"><\/td>\n<td width=\"100\"><\/td>\n<\/tr>\n<tr>\n<th scope=\"row\">Aroma<\/th>\n<td bgcolor=\"#4B1211\"><\/td>\n<td bgcolor=\"#4B1211\"><\/td>\n<td bgcolor=\"#4B1211\"><\/td>\n<td bgcolor=\"#4B1211\"><\/td>\n<td bgcolor=\"#4B1211\"><\/td>\n<\/tr>\n<tr>\n<th scope=\"row\">Komplexnost<\/th>\n<td bgcolor=\"#4B1211\"><\/td>\n<td bgcolor=\"#4B1211\"><\/td>\n<td bgcolor=\"#4B1211\"><\/td>\n<td bgcolor=\"#4B1211\"><\/td>\n<td bgcolor=\"#4B1211\"><\/td>\n<\/tr>\n<tr>\n<th scope=\"row\">T\u011blo<\/th>\n<td bgcolor=\"#4B1211\"><\/td>\n<td bgcolor=\"#4B1211\"><\/td>\n<td bgcolor=\"#4B1211\"><\/td>\n<td><\/td>\n<td><\/td>\n<\/tr>\n<tr>\n<th scope=\"row\">Charakter<\/th>\n<td bgcolor=\"#4B1211\"><\/td>\n<td bgcolor=\"#4B1211\"><\/td>\n<td bgcolor=\"#4B1211\"><\/td>\n<td bgcolor=\"#4B1211\"><\/td>\n<td bgcolor=\"#4B1211\"><\/td>\n<\/tr>\n<tr>\n<th scope=\"row\">Ovocnost<\/th>\n<td bgcolor=\"#4B1211\"><\/td>\n<td bgcolor=\"#4B1211\"><\/td>\n<td bgcolor=\"#4B1211\"><\/td>\n<td><\/td>\n<td><\/td>\n<\/tr>\n<tr>\n<th scope=\"row\">Vyv\u00e1\u017eenost<\/th>\n<td bgcolor=\"#4B1211\"><\/td>\n<td bgcolor=\"#4B1211\"><\/td>\n<td bgcolor=\"#4B1211\"><\/td>\n<td bgcolor=\"#4B1211\"><\/td>\n<td><\/td>\n<\/tr>\n<tr>\n<th scope=\"row\">Kr\u00e9ma<\/th>\n<td bgcolor=\"#4B1211\"><\/td>\n<td><\/td>\n<td><\/td>\n<td><\/td>\n<td><\/td>\n<\/tr>\n<\/tbody>\n<\/table>\n<p>\u00a0<\/p>\n<p><img decoding=\"async\" src=\"https:\/\/caj-a-kava.cz\/obrazky\/uvod\/dobalouhovani\/kava.jpg\" alt=\"Prodej prav\u00e9 zrnkov\u00e9 k\u00e1vy. P\u0159\u00edprava k\u00e1vy od Zelen\u00fd Drak\" \/><\/p>\n","protected":false},"excerpt":{"rendered":"<p>K\u00e1va Kostarika El Rosario poch\u00e1z\u00ed z oblasti Leon Cortes v regionu Tarazzu. Oblast se vyzna\u010duje m\u00edrn\u00fdm klima s tepl\u00fdmi dny a chladn\u00fdmi nocemi. O produkci se staraj\u00ed dcera a syn zakladatele farmy pana Moisese Mezy. Tato rodinn\u00e1 farma produkuje tzv. Medovou k\u00e1vu, kter\u00e1 je velmi n\u00e1ro\u010dn\u00e1 na zpracov\u00e1n\u00ed, zato je p\u0159\u00edmo stvo\u0159ena k zamilov\u00e1n\u00ed. Vyzna\u010duje se lahodnou, lehkou, ovocnou chut\u00ed a neb\u00fdvalou medovou sladkost\u00ed. Je t\u00e9m\u011b\u0159 h\u0159\u00edchem ji neochutnat.<\/p>\n","protected":false},"featured_media":91411,"comment_status":"open","ping_status":"closed","template":"","meta":[],"product_brand":[],"product_cat":[327],"product_tag":[],"class_list":{"0":"post-91382","1":"product","2":"type-product","3":"status-publish","4":"has-post-thumbnail","6":"product_cat-kava-cista","8":"first","9":"instock","10":"product-type-variable","11":"has-default-attributes"},"_links":{"self":[{"href":"https:\/\/zelenydrak.cz\/velkoobchod\/wp-json\/wp\/v2\/product\/91382","targetHints":{"allow":["GET"]}}],"collection":[{"href":"https:\/\/zelenydrak.cz\/velkoobchod\/wp-json\/wp\/v2\/product"}],"about":[{"href":"https:\/\/zelenydrak.cz\/velkoobchod\/wp-json\/wp\/v2\/types\/product"}],"replies":[{"embeddable":true,"href":"https:\/\/zelenydrak.cz\/velkoobchod\/wp-json\/wp\/v2\/comments?post=91382"}],"wp:featuredmedia":[{"embeddable":true,"href":"https:\/\/zelenydrak.cz\/velkoobchod\/wp-json\/wp\/v2\/media\/91411"}],"wp:attachment":[{"href":"https:\/\/zelenydrak.cz\/velkoobchod\/wp-json\/wp\/v2\/media?parent=91382"}],"wp:term":[{"taxonomy":"product_brand","embeddable":true,"href":"https:\/\/zelenydrak.cz\/velkoobchod\/wp-json\/wp\/v2\/product_brand?post=91382"},{"taxonomy":"product_cat","embeddable":true,"href":"https:\/\/zelenydrak.cz\/velkoobchod\/wp-json\/wp\/v2\/product_cat?post=91382"},{"taxonomy":"product_tag","embeddable":true,"href":"https:\/\/zelenydrak.cz\/velkoobchod\/wp-json\/wp\/v2\/product_tag?post=91382"}],"curies":[{"name":"wp","href":"https:\/\/api.w.org\/{rel}","templated":true}]}}