{"id":91381,"date":"2025-03-05T08:07:11","date_gmt":"2025-03-05T08:07:11","guid":{"rendered":"https:\/\/zelenydrak.cz\/velkoobchod\/?post_type=product&#038;p=91381"},"modified":"2025-03-05T08:07:19","modified_gmt":"2025-03-05T08:07:19","slug":"kava-hawaii-kona-extra-fancy","status":"publish","type":"product","link":"https:\/\/zelenydrak.cz\/velkoobchod\/produkt\/kava-hawaii-kona-extra-fancy\/","title":{"rendered":"K\u00c1VA HAWAII KONA EXTRA FANCY"},"content":{"rendered":"<h2>K\u00c1VA HAWAII KONA EXTRA FANCY<\/h2>\n<p>Slo\u017een\u00ed: \u010dern\u00e1 k\u00e1va 100% Arabika.<\/p>\n<p>Slune\u010dn\u00fd okres Kona zab\u00edr\u00e1 t\u00e9m\u011b\u0159 dv\u011b t\u0159etiny cel\u00e9 z\u00e1padn\u00ed strany ostrova Havaj &#8211; od ji\u017en\u011b od Anaehoomalu Bay (Waikoloa Beach Resort) po Manuku Park (Kau).\u00a0V t\u00e9to rozs\u00e1hl\u00e9 oblasti najdete v\u0161e od k\u00e1vov\u00fdch farem a\u017e po historick\u00e9 havajsk\u00e9 pam\u00e1tky.\u00a0Nen\u00ed divu, \u017ee kr\u00e1l Kamehameha  str\u00e1vil posledn\u00ed roky v Kailuu-Kona.<\/p>\n<p>Kona k\u00e1va nebyla ocen\u011bna nik\u00fdm men\u0161\u00edm ne\u017e Markem Twainem. V roce 1866 uvedl, \u017ee k\u00e1va Kona m\u00e1 bohat\u0161\u00ed chu\u0165 ne\u017e jak\u00e1koli jin\u00e1 k\u00e1va, a\u0165 u\u017e je p\u011bstov\u00e1na kdekoli.\u00a0Vysok\u00e1 nadmo\u0159sk\u00e1 v\u00fd\u0161ka, bohat\u00e1 sope\u010dn\u00e1 p\u016fda, velk\u00e9 mraky a dokonal\u00e9 teploty \u010din\u00ed Konu ide\u00e1ln\u00edm m\u00edstem k p\u011bstov\u00e1n\u00ed k\u00e1vy, kter\u00e1 produkuje co nejkvalitn\u011bj\u0161\u00ed k\u00e1vu s delik\u00e1tn\u00ed chut\u00ed.<\/p>\n<h2>V\u00edce o k\u00e1v\u011b:<\/h2>\n<table class=\"table table-bordered\" width=\"594\" border=\"1\" cellspacing=\"1\" cellpadding=\"1\">\n<tbody>\n<tr>\n<td width=\"115\"><strong>Oblast<\/strong><\/td>\n<td width=\"72\">Havaj Kona<\/td>\n<\/tr>\n<tr>\n<td><strong>Nadmo\u0159sk\u00e1 v\u00fd\u0161ka<\/strong><\/td>\n<td>750 m<\/td>\n<\/tr>\n<tr>\n<td><strong>Zpracov\u00e1n\u00ed<\/strong><\/td>\n<td>promyta<\/td>\n<\/tr>\n<tr>\n<td><strong>P\u016fda<\/strong><\/td>\n<td>vulkanick\u00e1 p\u016fda<\/td>\n<\/tr>\n<tr>\n<td><strong>Detail kultivaru<\/strong><\/td>\n<td>Kona<\/td>\n<\/tr>\n<tr>\n<td><strong>St\u00edn strom\u016f<\/strong><\/td>\n<td>Ano<\/td>\n<\/tr>\n<tr>\n<td><strong>Kvalita<\/strong><\/td>\n<td>Extra Fancy<\/td>\n<\/tr>\n<\/tbody>\n<\/table>\n<h2>Chu\u0165ov\u00fd profil:<\/h2>\n<table class=\"table table-bordered\" width=\"596\" border=\"2\" cellspacing=\"2\" cellpadding=\"2\">\n<tbody>\n<tr>\n<th width=\"100\" scope=\"row\">Stupe\u0148 pra\u017een\u00ed<\/th>\n<td width=\"100\" bgcolor=\"#4B1211\"><\/td>\n<td width=\"100\" bgcolor=\"#4B1211\"><\/td>\n<td width=\"100\"><\/td>\n<td width=\"100\"><\/td>\n<td width=\"100\"><\/td>\n<\/tr>\n<tr>\n<th scope=\"row\">Aroma<\/th>\n<td bgcolor=\"#4B1211\"><\/td>\n<td bgcolor=\"#4B1211\"><\/td>\n<td bgcolor=\"#4B1211\"><\/td>\n<td><\/td>\n<td><\/td>\n<\/tr>\n<tr>\n<th scope=\"row\">Komplexnost<\/th>\n<td bgcolor=\"#4B1211\"><\/td>\n<td bgcolor=\"#4B1211\"><\/td>\n<td bgcolor=\"#4B1211\"><\/td>\n<td bgcolor=\"#4B1211\"><\/td>\n<td bgcolor=\"#4B1211\"><\/td>\n<\/tr>\n<tr>\n<th scope=\"row\">T\u011blo<\/th>\n<td bgcolor=\"#4B1211\"><\/td>\n<td bgcolor=\"#4B1211\"><\/td>\n<td bgcolor=\"#4B1211\"><\/td>\n<td><\/td>\n<td><\/td>\n<\/tr>\n<tr>\n<th scope=\"row\">Charakter<\/th>\n<td bgcolor=\"#4B1211\"><\/td>\n<td bgcolor=\"#4B1211\"><\/td>\n<td bgcolor=\"#4B1211\"><\/td>\n<td bgcolor=\"#4B1211\"><\/td>\n<td bgcolor=\"#4B1211\"><\/td>\n<\/tr>\n<tr>\n<th scope=\"row\">Ovocnost<\/th>\n<td bgcolor=\"#4B1211\"><\/td>\n<td bgcolor=\"#4B1211\"><\/td>\n<td bgcolor=\"#4B1211\"><\/td>\n<td><\/td>\n<td><\/td>\n<\/tr>\n<tr>\n<th scope=\"row\">Vyv\u00e1\u017eenost<\/th>\n<td bgcolor=\"#4B1211\"><\/td>\n<td bgcolor=\"#4B1211\"><\/td>\n<td bgcolor=\"#4B1211\"><\/td>\n<td bgcolor=\"#4B1211\"><\/td>\n<td><\/td>\n<\/tr>\n<tr>\n<th scope=\"row\">Kr\u00e9ma<\/th>\n<td bgcolor=\"#4B1211\"><\/td>\n<td><\/td>\n<td><\/td>\n<td><\/td>\n<td><\/td>\n<\/tr>\n<\/tbody>\n<\/table>\n<p>\u00a0<\/p>\n<p><img decoding=\"async\" src=\"https:\/\/caj-a-kava.cz\/obrazky\/uvod\/dobalouhovani\/kava.jpg\" alt=\"Prodej prav\u00e9 zrnkov\u00e9 k\u00e1vy. P\u0159\u00edprava k\u00e1vy od Zelen\u00fd Drak\" \/><\/p>\n","protected":false},"excerpt":{"rendered":"<p>K\u00e1va Hawaii Kona poch\u00e1z\u00ed ze svah\u016f sopky Mauna Loa (v jazyce p\u016fvodn\u00edch obyvatel dlouh\u00e1 hora), je druh\u00e1 nejv\u011bt\u0161\u00ed a nejaktivn\u011bj\u0161\u00ed \u0161t\u00edtov\u00e1 sopka le\u017e\u00edc\u00ed na ostrov\u011b Havaj. P\u0159ednost\u00ed t\u00e9to oblasti jsou ide\u00e1ln\u00ed podm\u00ednky pro r\u016fst k\u00e1vy Kona. K\u00e1va m\u00e1 plnou, o\u0159echovou chu\u0165 a delik\u00e1tn\u00ed chu\u0165 s t\u00f3ny pep\u0159e a bobul\u00ed. Dobrou chu\u0165.<\/p>\n","protected":false},"featured_media":91408,"comment_status":"open","ping_status":"closed","template":"","meta":[],"product_brand":[],"product_cat":[327,301],"product_tag":[],"class_list":{"0":"post-91381","1":"product","2":"type-product","3":"status-publish","4":"has-post-thumbnail","6":"product_cat-kava-cista","7":"product_cat-rarity-a-premiove-caje","9":"first","10":"instock","11":"product-type-variable","12":"has-default-attributes"},"_links":{"self":[{"href":"https:\/\/zelenydrak.cz\/velkoobchod\/wp-json\/wp\/v2\/product\/91381","targetHints":{"allow":["GET"]}}],"collection":[{"href":"https:\/\/zelenydrak.cz\/velkoobchod\/wp-json\/wp\/v2\/product"}],"about":[{"href":"https:\/\/zelenydrak.cz\/velkoobchod\/wp-json\/wp\/v2\/types\/product"}],"replies":[{"embeddable":true,"href":"https:\/\/zelenydrak.cz\/velkoobchod\/wp-json\/wp\/v2\/comments?post=91381"}],"wp:featuredmedia":[{"embeddable":true,"href":"https:\/\/zelenydrak.cz\/velkoobchod\/wp-json\/wp\/v2\/media\/91408"}],"wp:attachment":[{"href":"https:\/\/zelenydrak.cz\/velkoobchod\/wp-json\/wp\/v2\/media?parent=91381"}],"wp:term":[{"taxonomy":"product_brand","embeddable":true,"href":"https:\/\/zelenydrak.cz\/velkoobchod\/wp-json\/wp\/v2\/product_brand?post=91381"},{"taxonomy":"product_cat","embeddable":true,"href":"https:\/\/zelenydrak.cz\/velkoobchod\/wp-json\/wp\/v2\/product_cat?post=91381"},{"taxonomy":"product_tag","embeddable":true,"href":"https:\/\/zelenydrak.cz\/velkoobchod\/wp-json\/wp\/v2\/product_tag?post=91381"}],"curies":[{"name":"wp","href":"https:\/\/api.w.org\/{rel}","templated":true}]}}