{"id":91380,"date":"2025-03-05T08:07:10","date_gmt":"2025-03-05T08:07:10","guid":{"rendered":"https:\/\/zelenydrak.cz\/velkoobchod\/?post_type=product&#038;p=91380"},"modified":"2025-03-05T08:07:19","modified_gmt":"2025-03-05T08:07:19","slug":"data-caj-masala-ayurveda-caj","status":"publish","type":"product","link":"https:\/\/zelenydrak.cz\/velkoobchod\/produkt\/data-caj-masala-ayurveda-caj\/","title":{"rendered":"D\u00c1TA \u010cAJ MASALA &#8211; ayurveda \u010daj"},"content":{"rendered":"<h2>D\u00c1TA \u010cAJ MASALA &#8211; ayurveda \u010daj<\/h2>\n<p>Slo\u017een\u00ed \u010daje: kardamom, z\u00e1zvor, sko\u0159ice, h\u0159eb\u00ed\u010dek, pep\u0159 b\u00edl\u00fd. <\/p>\n<p>D\u00e1ta masala p\u0159i p\u016fsoben\u00ed v t\u011blesn\u00e9 oblasti:<\/p>\n<p>jedn\u00e1 se o tradi\u010dn\u00ed indick\u00fd n\u00e1poj, kter\u00fd v Indii koup\u00edte i na ulici, jako u n\u00e1s t\u0159eba zmrzlinu. V Indii se v\u011b\u0159\u00ed, \u017ee D\u00e1ta masala m\u00e1 povzbudiv\u00fd \u00fa\u010dinek na organismus, ale s mnohem v\u011bt\u0161\u00ed schopnost\u00ed soust\u0159ed\u011bn\u00ed, ne\u017e po k\u00e1v\u011b. Z\u00e1rove\u0148 je, na rozd\u00edl od k\u00e1vy, \u0161etrn\u00e1 k \u017ealudku. M\u00e1 velkou zah\u0159\u00edvac\u00ed schopnost organismu, proto je vhodn\u00e1 k pit\u00ed zejm\u00e9na v zimn\u00edm obdob\u00ed.<\/p>\n<p>Ingredience pro p\u0159\u00edpravu: 0,2 l vody, 0,4 l ml\u00e9ka, 2 l\u017ei\u010dky \u010dern\u00e9ho \u010daje, 2 l\u017ei\u010dky sm\u011bsi ko\u0159en\u00ed a cukr nebo med podle chuti. <\/p>\n<p>P\u0159\u00edprava: nejprve D\u00e1tu masalu 15-20 minut va\u0159\u00edme. Pot\u00e9 odstav\u00edme, p\u0159id\u00e1me \u010dern\u00fd \u010daj a t\u0159i a\u017e p\u011bt minut louhujeme. N\u00e1sledn\u011b nalijeme ml\u00e9ko a p\u0159ivedeme k varu. A\u017e vzkyp\u00ed, sced\u00edme. P\u0159id\u00e1me cukr, pop\u0159. trochu medu a soli a m\u016f\u017eeme pop\u00edjet.<\/p>\n","protected":false},"excerpt":{"rendered":"<p><img loading=\"lazy\" decoding=\"async\" class=\"size-full wp-image-2970 alignleft\" src=\"https:\/\/zelenydrak.cz\/wp-content\/uploads\/2024\/08\/konvice-caj.png\" alt=\"\" width=\"48\" height=\"48\" \/>   V\u016fn\u011b a chu\u0165: ko\u0159en\u011bn\u00e1, p\u00e1liv\u00e1. <\/p>\n","protected":false},"featured_media":91406,"comment_status":"open","ping_status":"closed","template":"","meta":[],"product_brand":[],"product_cat":[316],"product_tag":[],"class_list":{"0":"post-91380","1":"product","2":"type-product","3":"status-publish","4":"has-post-thumbnail","6":"product_cat-ayurveda-caj-bio","8":"first","9":"instock","10":"product-type-variable","11":"has-default-attributes"},"_links":{"self":[{"href":"https:\/\/zelenydrak.cz\/velkoobchod\/wp-json\/wp\/v2\/product\/91380","targetHints":{"allow":["GET"]}}],"collection":[{"href":"https:\/\/zelenydrak.cz\/velkoobchod\/wp-json\/wp\/v2\/product"}],"about":[{"href":"https:\/\/zelenydrak.cz\/velkoobchod\/wp-json\/wp\/v2\/types\/product"}],"replies":[{"embeddable":true,"href":"https:\/\/zelenydrak.cz\/velkoobchod\/wp-json\/wp\/v2\/comments?post=91380"}],"wp:featuredmedia":[{"embeddable":true,"href":"https:\/\/zelenydrak.cz\/velkoobchod\/wp-json\/wp\/v2\/media\/91406"}],"wp:attachment":[{"href":"https:\/\/zelenydrak.cz\/velkoobchod\/wp-json\/wp\/v2\/media?parent=91380"}],"wp:term":[{"taxonomy":"product_brand","embeddable":true,"href":"https:\/\/zelenydrak.cz\/velkoobchod\/wp-json\/wp\/v2\/product_brand?post=91380"},{"taxonomy":"product_cat","embeddable":true,"href":"https:\/\/zelenydrak.cz\/velkoobchod\/wp-json\/wp\/v2\/product_cat?post=91380"},{"taxonomy":"product_tag","embeddable":true,"href":"https:\/\/zelenydrak.cz\/velkoobchod\/wp-json\/wp\/v2\/product_tag?post=91380"}],"curies":[{"name":"wp","href":"https:\/\/api.w.org\/{rel}","templated":true}]}}