{"id":91379,"date":"2025-03-05T08:07:10","date_gmt":"2025-03-05T08:07:10","guid":{"rendered":"https:\/\/zelenydrak.cz\/velkoobchod\/?post_type=product&#038;p=91379"},"modified":"2025-03-05T08:07:19","modified_gmt":"2025-03-05T08:07:19","slug":"japan-sencha-japonsky-zeleny-caj","status":"publish","type":"product","link":"https:\/\/zelenydrak.cz\/velkoobchod\/produkt\/japan-sencha-japonsky-zeleny-caj\/","title":{"rendered":"JAPAN SENCHA &#8211; japonsk\u00fd zelen\u00fd \u010daj"},"content":{"rendered":"<h2>JAPAN SENCHA &#8211; prav\u00fd  japonsk\u00fd zelen\u00fd \u010daj<\/h2>\n<p>Slo\u017een\u00ed \u010daje: zelen\u00fd japonsk\u00fd \u010daj JAPAN SENCHA 100%. Vysok\u00e1 kvalita japonsk\u00e9ho \u010daje s temn\u011b tmav\u011b zelen\u00fdm listem. Velmi aromatick\u00e1 a p\u0159\u00edjemn\u00e1 chu\u0165 se zlatozelenou barvou n\u00e1levu.<\/p>\n<p><img decoding=\"async\" src=\"https:\/\/caj-a-kava.cz\/obrazky\/uvod\/dobalouhovani\/zeleny_caj_2.jpg\" alt=\"Prodej zelen\u00e9ho \u010daje. P\u0159\u00edprava\u010daje od Zelen\u00fd Drak \u010daj a k\u00e1va\" \/>\u00a0<\/p>\n","protected":false},"excerpt":{"rendered":"<p><img loading=\"lazy\" decoding=\"async\" class=\"size-full wp-image-2970 alignleft\" src=\"https:\/\/zelenydrak.cz\/wp-content\/uploads\/2024\/08\/konvice-caj.png\" alt=\"\" width=\"48\" height=\"48\" \/>   V\u016fn\u011b a chu\u0165:vysoce aromatick\u00e1 chu\u0165. Vysok\u00e1 kvalita japonsk\u00e9ho \u010daje s tmav\u011b zelen\u00fdm listem. Velmi aromatick\u00e1 a p\u0159\u00edjemn\u00e1 chu\u0165 se zlatozelenou barvou n\u00e1levu.<\/p>\n","protected":false},"featured_media":91404,"comment_status":"open","ping_status":"closed","template":"","meta":[],"product_brand":[],"product_cat":[295],"product_tag":[],"class_list":{"0":"post-91379","1":"product","2":"type-product","3":"status-publish","4":"has-post-thumbnail","6":"product_cat-zeleny-caj-cisty","8":"first","9":"instock","10":"product-type-variable","11":"has-default-attributes"},"_links":{"self":[{"href":"https:\/\/zelenydrak.cz\/velkoobchod\/wp-json\/wp\/v2\/product\/91379","targetHints":{"allow":["GET"]}}],"collection":[{"href":"https:\/\/zelenydrak.cz\/velkoobchod\/wp-json\/wp\/v2\/product"}],"about":[{"href":"https:\/\/zelenydrak.cz\/velkoobchod\/wp-json\/wp\/v2\/types\/product"}],"replies":[{"embeddable":true,"href":"https:\/\/zelenydrak.cz\/velkoobchod\/wp-json\/wp\/v2\/comments?post=91379"}],"wp:featuredmedia":[{"embeddable":true,"href":"https:\/\/zelenydrak.cz\/velkoobchod\/wp-json\/wp\/v2\/media\/91404"}],"wp:attachment":[{"href":"https:\/\/zelenydrak.cz\/velkoobchod\/wp-json\/wp\/v2\/media?parent=91379"}],"wp:term":[{"taxonomy":"product_brand","embeddable":true,"href":"https:\/\/zelenydrak.cz\/velkoobchod\/wp-json\/wp\/v2\/product_brand?post=91379"},{"taxonomy":"product_cat","embeddable":true,"href":"https:\/\/zelenydrak.cz\/velkoobchod\/wp-json\/wp\/v2\/product_cat?post=91379"},{"taxonomy":"product_tag","embeddable":true,"href":"https:\/\/zelenydrak.cz\/velkoobchod\/wp-json\/wp\/v2\/product_tag?post=91379"}],"curies":[{"name":"wp","href":"https:\/\/api.w.org\/{rel}","templated":true}]}}