{"id":91378,"date":"2025-03-05T08:07:10","date_gmt":"2025-03-05T08:07:10","guid":{"rendered":"https:\/\/zelenydrak.cz\/velkoobchod\/?post_type=product&#038;p=91378"},"modified":"2025-03-05T08:07:19","modified_gmt":"2025-03-05T08:07:19","slug":"golden-nepal-cerny-caj","status":"publish","type":"product","link":"https:\/\/zelenydrak.cz\/velkoobchod\/produkt\/golden-nepal-cerny-caj\/","title":{"rendered":"GOLDEN NEPAL &#8211; \u010dern\u00fd \u010daj"},"content":{"rendered":"<h2>GOLDEN NEPAL &#8211; prav\u00fd \u010dern\u00fd \u010daj<\/h2>\n<p>Slo\u017een\u00ed \u010daje: \u010dern\u00fd sypan\u00fd st\u0159edohimal\u00e1jsk\u00fd \u010daj Golden Nepal (Zlat\u00fd Nep\u00e1l) (100%).<\/p>\n<p>Zlat\u00fd nep\u00e1lsk\u00fd \u010daj m\u00e1 kv\u011btinov\u011b jemnou chu\u0165 a sametov\u011b medovou barvu n\u00e1levu. <\/p>\n<h2>Popis \u010daje:<\/h2>\n<p><p>Mal\u00e9 \u010dajov\u00e9 plant\u00e1\u017ee v Nep\u00e1lu st\u00e1le provozuj\u00ed takzvan\u00ed &#8222;mal\u00ed akcion\u00e1\u0159i&#8220;. Jedn\u00e1 se o rodinn\u00e9 podniky bez vlastn\u00edch v\u00fdrobn\u00edch z\u00e1vod\u016f. V nadmo\u0159sk\u00e9 v\u00fd\u0161ce mezi 1.000 a 2.000 m jsou aromatick\u00e9 a jemn\u00e9 \u010daje vyr\u00e1b\u011bny hlavn\u011b z \u010d\u00ednsk\u00fdch hybrid\u016f. Vzhledem k mal\u00e9 oblasti p\u011bstov\u00e1n\u00ed, jsou nep\u00e1lsk\u00e9 \u010daje bohu\u017eel k dispozici pouze v mal\u00fdch mno\u017estv\u00edch. \u010caj Golden Nepal je m\u00edrn\u00fd a velmi aromatick\u00fd listov\u00fd \u010daj st\u0159edn\u00ed velikosti s dob\u0159e zpracovan\u00fdm listem. \u010clov\u011bk se a\u017e div\u00ed, jak velk\u00e9 mno\u017estv\u00ed \u010dajov\u00fdch kv\u011bt\u016f (tips\u016f) tento nep\u00e1lsk\u00fd \u010daj obsahuje. \u010caj Golden Nepal je vybran\u00e9 jakosti, jemn\u00fd a aromatick\u00fd s lehkou kou\u0159ovou sladkost\u00ed.<\/p>\n<p><img loading=\"lazy\" decoding=\"async\" style=\"float: left;\" title=\"konvice \u010caj-a-K\u00e1va.cz\" src=\"https:\/\/www.caj-a-kava.cz\/img\/cms\/konvice_zelenydrak.png\" alt=\"konvice \u010caj-a-K\u00e1va.cz\" width=\"100\" height=\"100\" \/><\/p>\n<h2>N\u00e1poj:<\/h2>\n<p>\u010cern\u00fd \u010daj Golden Nepal m\u00e1 kr\u00e1snou medovou barvu n\u00e1levu. Jeho chu\u0165 okouzl\u00ed jemn\u00fdmi ovocn\u00fdmi t\u00f3ny zral\u00e9 meru\u0148ky, \u010dern\u00e9ho ryb\u00edzu, vi\u0161n\u00ed, su\u0161en\u00fdch f\u00edk\u016f a manga. Je to zkr\u00e1tka oslniv\u011b bohat\u00e1 chu\u0165, kter\u00e1 probouz\u00ed smysly.<\/p>\n<p>\u00a0<\/p>\n<h2>Golden Nepal nejen \u010dern\u00fd \u010daj<\/h2>\n<p>Nep\u00e1lsk\u00fd \u010daj se obvykle nach\u00e1z\u00ed ve form\u011b \u010dern\u00e9ho \u010daje.\u00a0Nicm\u00e9n\u011b b\u00fdv\u00e1 k dispozici i jako zelen\u00fd \u010daj.\u00a0\u010caj kter\u00fd m\u00e1 tenk\u00e9 t\u011blo a kv\u011btinov\u00e9 aroma neopom\u00edn\u00e1 tedy ani na milovn\u00edky zelen\u00fdch \u010daj\u016f.<\/p>\n<p>\u00a0<\/p>\n<h2>P\u0159\u00edprava \u010daje Golden Nepal<\/h2>\n<p>Nep\u00e1lsk\u00fd \u010daj lze zakoupit jako sypan\u00fd \u010di porcovan\u00fd.\u00a0T\u00e9\u017e p\u0159\u00edpravu lze prov\u00e1d\u011bt r\u016fzn\u00fdmi zp\u016fsoby. Chcete-li p\u0159ipravit voln\u00fd list nep\u00e1lsk\u00e9ho \u010daje v cca litrov\u00e9 konvici, p\u0159idejte jednu vrchovatou l\u017ei\u010dku ke standardn\u00ed d\u00e1vce nav\u00edc.\u00a0Zalijte \u010daj velmi horkou vodou a po dobu jedn\u00e9 a\u017e \u010dty\u0159 minut luhujte.\u00a0V p\u0159\u00edpad\u011b \u010dajov\u00fdch s\u00e1\u010dk\u016f zalejte jeden s\u00e1\u010dek nep\u00e1lsk\u00e9ho \u010daje vrouc\u00ed vodou a v p\u0159\u00edpad\u011b pot\u0159eby pod\u00e1vejte s pl\u00e1tkem citronu.<\/p>\n<p>\u00a0<\/p>\n<p>\u00a0<\/p>\n<h2>GOLDEN NEPAL &#8211; \u010dern\u00fd \u010daj &#8211; vzhled<\/h2>\n<p><span style=\"line-height: 1.5em;\"><img decoding=\"async\" title=\"GOLDEN NEPAL - \u010dern\u00fd \u010daj\" src=\"https:\/\/zelenydrak.cz\/img\/cms\/golden_nepal.jpg\" alt=\"GOLDEN NEPAL - \u010dern\u00fd \u010daj\" \/><\/span><\/p>\n<h2 style=\"text-align: right;\"><span style=\"background-color: #99cc00;\"><strong><br \/><\/strong><\/span><\/h2>\n<p>\u00a0<\/p>\n<p>\u00a0<\/p>\n<p>\u00a0<\/p>\n<p>\u00a0<\/p>\n<p>\u00a0<\/p>\n<h2><span style=\"line-height: 1.5em;\">GOLDEN NEPAL &#8211; \u010dern\u00fd \u010daj &#8211; p\u0159\u00edprava<\/span><\/h2>\n<p><span style=\"line-height: 1.5em;\"><img decoding=\"async\" title=\"GOLDEN NEPAL - \u010dern\u00fd \u010daj - p\u0159\u00edprava\" src=\"https:\/\/zelenydrak.cz\/img\/cms\/golden_nepal_priprava.jpg\" alt=\"GOLDEN NEPAL - \u010dern\u00fd \u010daj - p\u0159\u00edprava\" \/><\/span><\/p>\n<p>\u00a0<\/p>\n<p>\u00a0<\/p>\n<p>\u00a0<\/p>\n<p>\u00a0<\/p>\n<p>\u00a0<\/p>\n<h2><span style=\"line-height: 1.5em;\">GOLDEN NEPAL &#8211; \u010dern\u00fd \u010daj \u2013 n\u00e1lev<\/span><\/h2>\n<p><span style=\"line-height: 1.5em;\"><img decoding=\"async\" title=\"GOLDEN NEPAL - \u010dern\u00fd \u010daj - n\u00e1lev\" src=\"https:\/\/zelenydrak.cz\/img\/cms\/golden_nepal_nalev.jpg\" alt=\"GOLDEN NEPAL - \u010dern\u00fd \u010daj - n\u00e1lev\" \/><\/span><\/p>\n","protected":false},"excerpt":{"rendered":"<p><img loading=\"lazy\" decoding=\"async\" class=\"size-full wp-image-2970 alignleft\" src=\"https:\/\/zelenydrak.cz\/wp-content\/uploads\/2024\/08\/konvice-caj.png\" alt=\"\" width=\"48\" height=\"48\" \/>   V\u016fn\u011b a chu\u0165:jemn\u00e1 ovocn\u00e1. Zlat\u00fd nep\u00e1lsk\u00fd \u010daj m\u00e1 kv\u011btinov\u011b jemnou chu\u0165 a sametov\u011b medovou barvu n\u00e1levu. Vzhledem k mal\u00e9 oblasti p\u011bstov\u00e1n\u00ed, jsou nep\u00e1lsk\u00e9 \u010daje bohu\u017eel k dispozici pouze v omezen\u00e9m mno\u017estv\u00ed.<\/p>\n","protected":false},"featured_media":91402,"comment_status":"open","ping_status":"closed","template":"","meta":[],"product_brand":[],"product_cat":[292],"product_tag":[],"class_list":{"0":"post-91378","1":"product","2":"type-product","3":"status-publish","4":"has-post-thumbnail","6":"product_cat-cerny-caj-cisty","8":"first","9":"instock","10":"product-type-variable","11":"has-default-attributes"},"_links":{"self":[{"href":"https:\/\/zelenydrak.cz\/velkoobchod\/wp-json\/wp\/v2\/product\/91378","targetHints":{"allow":["GET"]}}],"collection":[{"href":"https:\/\/zelenydrak.cz\/velkoobchod\/wp-json\/wp\/v2\/product"}],"about":[{"href":"https:\/\/zelenydrak.cz\/velkoobchod\/wp-json\/wp\/v2\/types\/product"}],"replies":[{"embeddable":true,"href":"https:\/\/zelenydrak.cz\/velkoobchod\/wp-json\/wp\/v2\/comments?post=91378"}],"wp:featuredmedia":[{"embeddable":true,"href":"https:\/\/zelenydrak.cz\/velkoobchod\/wp-json\/wp\/v2\/media\/91402"}],"wp:attachment":[{"href":"https:\/\/zelenydrak.cz\/velkoobchod\/wp-json\/wp\/v2\/media?parent=91378"}],"wp:term":[{"taxonomy":"product_brand","embeddable":true,"href":"https:\/\/zelenydrak.cz\/velkoobchod\/wp-json\/wp\/v2\/product_brand?post=91378"},{"taxonomy":"product_cat","embeddable":true,"href":"https:\/\/zelenydrak.cz\/velkoobchod\/wp-json\/wp\/v2\/product_cat?post=91378"},{"taxonomy":"product_tag","embeddable":true,"href":"https:\/\/zelenydrak.cz\/velkoobchod\/wp-json\/wp\/v2\/product_tag?post=91378"}],"curies":[{"name":"wp","href":"https:\/\/api.w.org\/{rel}","templated":true}]}}