{"id":91377,"date":"2025-03-05T08:07:10","date_gmt":"2025-03-05T08:07:10","guid":{"rendered":"https:\/\/zelenydrak.cz\/velkoobchod\/?post_type=product&#038;p=91377"},"modified":"2025-03-05T08:07:19","modified_gmt":"2025-03-05T08:07:19","slug":"sikkim-temi-cerny-caj","status":"publish","type":"product","link":"https:\/\/zelenydrak.cz\/velkoobchod\/produkt\/sikkim-temi-cerny-caj\/","title":{"rendered":"SIKKIM TEMI &#8211; \u010dern\u00fd \u010daj"},"content":{"rendered":"<h2>SIKKIM TEMI &#8211; prav\u00fd \u010dern\u00fd \u010daj<\/h2>\n<p>Slo\u017een\u00ed \u010daje: \u010dern\u00fd sypan\u00fd severoindick\u00fd Himal\u00e1jsk\u00fd \u010daj Sikkim Temi 100%. Sikkim soused\u00ed s Nep\u00e1lem, Tibetem a Bh\u00fat\u00e1nem. <\/p>\n<p>Sikkim Temi je kr\u00e1lovsk\u00fd \u010daj se stejn\u011b zpracovan\u00fdm listem. Tento \u010daj m\u00e1 m\u00edrn\u00e9 kv\u011btinov\u00e9 aroma. Barva n\u00e1levu je jiskrn\u011b medov\u00e1.<\/p>\n<p>Sikkim le\u017e\u00ed uprost\u0159ed malebn\u00e9 krajiny Himal\u00e1je v severov\u00fdchodn\u00ed Indii.\u00a0Z mystick\u00fdch \u010dajov\u00fdch zahrad t\u00e9to oblasti poch\u00e1zej\u00ed organick\u00e9 jemn\u00e9 listy a \u010dajov\u00e9 kv\u011bty. Ty vzkv\u00e9taj\u00ed v nadmo\u0159sk\u00e9 v\u00fd\u0161ce 1000-2000 metr\u016f.\u00a0\u010cajov\u00e9 l\u00edstky jsou ru\u010dn\u011b sb\u00edr\u00e1ny s l\u00e1skou a p\u00e9\u010d\u00ed, aby v\u00e1m p\u0159inesly delik\u00e1tn\u00ed n\u00e1poj, kter\u00fd je sv\u011btl\u00fd, kv\u011btinov\u00fd, zlato\u017elut\u00fd a jemn\u00fd.\u00a0P\u011bstov\u00e1n\u00ed \u010daje v Sikkimu bylo zah\u00e1jeno zalo\u017een\u00edm prvn\u00ed \u010dajov\u00e9 zahrady v roce 1969 &#8211; Temi Tea Estate.\u00a0V roce 2002 byla zbudov\u00e1na dal\u0161\u00ed \u010dajov\u00e1 zahrada Bermiok  Sikkim byl v lednu 2016 prohl\u00e1\u0161en za pln\u011b ekologick\u00fd a \u010daje vyroben\u00e9 v Temi Tea Estate byly certifikov\u00e1ny jako 100% bio.  Prvn\u00ed sklize\u0148 \u010daje Sikkim\u00a0prob\u00edh\u00e1 b\u011bhem jara, kdy m\u00e1 sikkim jedine\u010dnou chu\u0165 a v\u016fni.\u00a0Rafinovan\u00fd zlat\u00fd n\u00e1lev m\u00e1 lehk\u00fd kv\u011btinov\u00fd n\u00e1dech a  sladkou p\u0159etrv\u00e1vaj\u00edc\u00ed chu\u0165.\u00a0Druh\u00e1 sklize\u0148 \u010daje Sikkim d\u00e1v\u00e1 toastov\u00fd n\u00e1poj s opojnou, silnou, ale p\u0159esto hladkou chut\u00ed.\u00a0T\u0159et\u00ed sklize\u0148 neboli Monsoon Flush z \u010daje Sikkim d\u00e1v\u00e1 \u0161\u00e1lku  pln\u00e9 t\u011blo s jemnou chut\u00ed.\u00a0Z\u00e1v\u011bre\u010dn\u00e1 nebo podzimn\u00ed sklize\u0148 \u010daje Sikkim m\u00e1 dob\u0159e zaoblenou chu\u0165 a lehk\u00fd n\u00e1dech  ko\u0159en\u00ed.\u00a0Tento jantarov\u00fd n\u00e1poj je dokonal\u00fdm zakon\u010den\u00edm sez\u00f3ny \u010daje.\u00a0<\/p>\n<p><h2>&nbsp;<\/h2>\n<p><img decoding=\"async\" src=\"https:\/\/caj-a-kava.cz\/obrazky\/uvod\/dobalouhovani\/cerny_caj.jpg\" alt=\"Prodej \u010dern\u00e9ho \u010daje. P\u0159\u00edprava \u010daje od Zelen\u00fd Drak \u010daj a k\u00e1va\" \/>\u00a0<\/p>\n","protected":false},"excerpt":{"rendered":"<p><img loading=\"lazy\" decoding=\"async\" class=\"size-full wp-image-2970 alignleft\" src=\"https:\/\/zelenydrak.cz\/wp-content\/uploads\/2024\/08\/konvice-caj.png\" alt=\"\" width=\"48\" height=\"48\" \/>   V\u016fn\u011b a chu\u0165:jemn\u00e1 kv\u011btinov\u00e1. U \u010daje SIKKIM TEMI jsou \u010dajov\u00e9 l\u00edstky  ru\u010dn\u011b sb\u00edr\u00e1ny s l\u00e1skou a p\u00e9\u010d\u00ed, aby v\u00e1m p\u0159inesly delik\u00e1tn\u00ed n\u00e1poj, kter\u00fd je sv\u011btl\u00fd, kv\u011btinov\u00fd, zlato\u017elut\u00fd a jemn\u00fd.\u00a0Dobrou chu\u0165<\/p>\n","protected":false},"featured_media":91399,"comment_status":"open","ping_status":"closed","template":"","meta":[],"product_brand":[],"product_cat":[292],"product_tag":[],"class_list":{"0":"post-91377","1":"product","2":"type-product","3":"status-publish","4":"has-post-thumbnail","6":"product_cat-cerny-caj-cisty","8":"first","9":"instock","10":"product-type-variable","11":"has-default-attributes"},"_links":{"self":[{"href":"https:\/\/zelenydrak.cz\/velkoobchod\/wp-json\/wp\/v2\/product\/91377","targetHints":{"allow":["GET"]}}],"collection":[{"href":"https:\/\/zelenydrak.cz\/velkoobchod\/wp-json\/wp\/v2\/product"}],"about":[{"href":"https:\/\/zelenydrak.cz\/velkoobchod\/wp-json\/wp\/v2\/types\/product"}],"replies":[{"embeddable":true,"href":"https:\/\/zelenydrak.cz\/velkoobchod\/wp-json\/wp\/v2\/comments?post=91377"}],"wp:featuredmedia":[{"embeddable":true,"href":"https:\/\/zelenydrak.cz\/velkoobchod\/wp-json\/wp\/v2\/media\/91399"}],"wp:attachment":[{"href":"https:\/\/zelenydrak.cz\/velkoobchod\/wp-json\/wp\/v2\/media?parent=91377"}],"wp:term":[{"taxonomy":"product_brand","embeddable":true,"href":"https:\/\/zelenydrak.cz\/velkoobchod\/wp-json\/wp\/v2\/product_brand?post=91377"},{"taxonomy":"product_cat","embeddable":true,"href":"https:\/\/zelenydrak.cz\/velkoobchod\/wp-json\/wp\/v2\/product_cat?post=91377"},{"taxonomy":"product_tag","embeddable":true,"href":"https:\/\/zelenydrak.cz\/velkoobchod\/wp-json\/wp\/v2\/product_tag?post=91377"}],"curies":[{"name":"wp","href":"https:\/\/api.w.org\/{rel}","templated":true}]}}