{"id":91374,"date":"2025-03-05T08:07:10","date_gmt":"2025-03-05T08:07:10","guid":{"rendered":"https:\/\/zelenydrak.cz\/velkoobchod\/?post_type=product&#038;p=91374"},"modified":"2025-03-05T08:07:19","modified_gmt":"2025-03-05T08:07:19","slug":"japan-sencha-mizuki-bio-zeleny-japonsky-bio-caj","status":"publish","type":"product","link":"https:\/\/zelenydrak.cz\/velkoobchod\/produkt\/japan-sencha-mizuki-bio-zeleny-japonsky-bio-caj\/","title":{"rendered":"JAPAN SENCHA MIZUKI BIO &#8211; zelen\u00fd japonsk\u00fd bio \u010daj"},"content":{"rendered":"<h2>JAPANESE SENCHA MIZUKI BIO &#8211; zelen\u00fd japonsk\u00fd bio \u010daj<\/h2>\n<p>Slo\u017een\u00ed \u010daje: zelen\u00fd japonsk\u00fd \u010daj 100%. Prvot\u0159\u00eddn\u00ed kvalita zelen\u00e9ho japonsk\u00e9ho \u010daje s pln\u00fdm aroma a v\u00fdraznou chut\u00ed.<\/p>\n<p>Mizuki znamen\u00e1 \u201ekr\u00e1sn\u00fd m\u011bs\u00edc, kter\u00fd osv\u011btl\u00ed noc\u201c.<\/p>\n<p>A podobn\u011b jako m\u011bs\u00edc je z\u00e1rove\u0148 i n\u00e1\u0161 \u010daj  Sencha Mizuki tajupln\u00fd a uklid\u0148uj\u00edc\u00ed.<\/p>\n<p>Tento \u010daj se vyzna\u010duje \u010derstv\u00fdmi, zelen\u00fdmi listy, jasn\u00fdm a v\u00fdrazn\u00fdm aroma. V \u00fastech je siln\u00fd a pln\u00fd lehk\u00e9, kv\u011btinov\u00e9 chuti. Pot\u011b\u0161\u00ed zeleno-zlatou barvou \u0161\u00e1lku.<\/p>\n<p><p><img decoding=\"async\" src=\"https:\/\/caj-a-kava.cz\/obrazky\/uvod\/dobalouhovani\/zeleny_caj_2.jpg\" alt=\"Prodej zelen\u00e9ho \u010daje. P\u0159\u00edprava\u010daje od Zelen\u00fd Drak \u010daj a k\u00e1va\" \/>\u00a0<\/p>\n","protected":false},"excerpt":{"rendered":"<p><img loading=\"lazy\" decoding=\"async\" class=\"size-full wp-image-2970 alignleft\" src=\"https:\/\/zelenydrak.cz\/wp-content\/uploads\/2024\/08\/konvice-caj.png\" alt=\"\" width=\"48\" height=\"48\" \/>   V\u016fn\u011b a chu\u0165:pln\u00e9 aroma a v\u00fdrazn\u00e1 chu\u0165. Mizuki znamen\u00e1 \u201ekr\u00e1sn\u00fd m\u011bs\u00edc, kter\u00fd osv\u011btl\u00ed noc\u201c. A podobn\u011b jako m\u011bs\u00edc je z\u00e1rove\u0148 i n\u00e1\u0161 \u010daj Sencha Mizuki tajupln\u00fd a uklid\u0148uj\u00edc\u00ed. Tento \u010daj se vyzna\u010duje \u010derstv\u00fdmi, zelen\u00fdmi listy a jasn\u00fdm, v\u00fdrazn\u00fdm aroma.<\/p>\n","protected":false},"featured_media":91391,"comment_status":"open","ping_status":"closed","template":"","meta":[],"product_brand":[],"product_cat":[301,295,311],"product_tag":[],"class_list":{"0":"post-91374","1":"product","2":"type-product","3":"status-publish","4":"has-post-thumbnail","6":"product_cat-rarity-a-premiove-caje","7":"product_cat-zeleny-caj-cisty","8":"product_cat-zeleny-caj-cisty-bio","10":"first","11":"instock","12":"product-type-variable","13":"has-default-attributes"},"_links":{"self":[{"href":"https:\/\/zelenydrak.cz\/velkoobchod\/wp-json\/wp\/v2\/product\/91374","targetHints":{"allow":["GET"]}}],"collection":[{"href":"https:\/\/zelenydrak.cz\/velkoobchod\/wp-json\/wp\/v2\/product"}],"about":[{"href":"https:\/\/zelenydrak.cz\/velkoobchod\/wp-json\/wp\/v2\/types\/product"}],"replies":[{"embeddable":true,"href":"https:\/\/zelenydrak.cz\/velkoobchod\/wp-json\/wp\/v2\/comments?post=91374"}],"wp:featuredmedia":[{"embeddable":true,"href":"https:\/\/zelenydrak.cz\/velkoobchod\/wp-json\/wp\/v2\/media\/91391"}],"wp:attachment":[{"href":"https:\/\/zelenydrak.cz\/velkoobchod\/wp-json\/wp\/v2\/media?parent=91374"}],"wp:term":[{"taxonomy":"product_brand","embeddable":true,"href":"https:\/\/zelenydrak.cz\/velkoobchod\/wp-json\/wp\/v2\/product_brand?post=91374"},{"taxonomy":"product_cat","embeddable":true,"href":"https:\/\/zelenydrak.cz\/velkoobchod\/wp-json\/wp\/v2\/product_cat?post=91374"},{"taxonomy":"product_tag","embeddable":true,"href":"https:\/\/zelenydrak.cz\/velkoobchod\/wp-json\/wp\/v2\/product_tag?post=91374"}],"curies":[{"name":"wp","href":"https:\/\/api.w.org\/{rel}","templated":true}]}}