{"id":91373,"date":"2025-03-05T08:07:10","date_gmt":"2025-03-05T08:07:10","guid":{"rendered":"https:\/\/zelenydrak.cz\/velkoobchod\/?post_type=product&#038;p=91373"},"modified":"2025-03-05T08:07:19","modified_gmt":"2025-03-05T08:07:19","slug":"china-fine-oolong-fu-liang-bio-oolong-caj","status":"publish","type":"product","link":"https:\/\/zelenydrak.cz\/velkoobchod\/produkt\/china-fine-oolong-fu-liang-bio-oolong-caj\/","title":{"rendered":"CHINA FINE OOLONG FU LIANG BIO &#8211; oolong \u010daj"},"content":{"rendered":"<h2>CHINA FINE OOLONG FU LIANG BIO &#8211; oolong \u010daj<\/h2>\n<p>Slo\u017een\u00ed \u010daje: \u010d\u00ednsk\u00fd oolong \u010daj 100%. Specialita s rovnom\u011brn\u00fdm listem. N\u00e1lev je tem\u011bj\u0161\u00ed \u017elut\u00e9 barvy s jemnou kv\u011btinovou chut\u00ed. Samoz\u0159ejmost\u00ed je v\u00edce n\u00e1lev\u016f z jedn\u00e9 d\u00e1vky. \u010caj poch\u00e1z\u00ed z kontrolovan\u00e9ho ekologick\u00e9ho zem\u011bd\u011blstv\u00ed.<\/p>\n<h2><img loading=\"lazy\" decoding=\"async\" title=\"konvice Zelen\u00fdDrak.cz\" src=\"https:\/\/www.caj-a-kava.cz\/img\/cms\/konvice_zelenydrak.png\" alt=\"konvice Zelen\u00fdDrak.cz\" width=\"100\" height=\"100\" style=\"float: left;\" \/><\/h2>\n<h2>N\u00e1poj:<\/h2>\n<p>\u010d\u00ednsk\u00fd \u010daj Fu Liang BIO je z cca 25% fermentovan\u00fd oolong s kv\u011btinov\u00fdm n\u00e1dechem hyacintu. Po ochutn\u00e1n\u00ed z\u016fst\u00e1v\u00e1 v \u00fastech lahodn\u00e1 jakoby ka\u0161tanov\u00e1 chu\u0165. Fu Liang oolong obsahuje m\u00e1lo kofeinu proto jej doporu\u010dujeme p\u00edt kdykoli b\u011bhem dne, ani\u017e bydo\u0161lo ke stimulaci nebo podr\u00e1\u017ed\u011bn\u00ed t\u011bla. V tradi\u010dn\u00ed \u010d\u00ednsk\u00e9 medic\u00edn\u011b se doporu\u010duje tohoto \u010daje u\u017e\u00edvat ke sn\u00ed\u017een\u00ed hladiny cholesterolu, zm\u00edrn\u011bn\u00ed za\u017e\u00edvac\u00edch \u010di st\u0159evn\u00edch pot\u00ed\u017e\u00ed. Fu Liang oolong likviduje tuky, odstra\u0148uje z t\u011bla toxiny, nikotin a jin\u00e9 zne\u010di\u0161t\u011bn\u00ed.<\/p>\n<p><h2>CHINA FINE OOLONG FU LIANG BIO &#8211; oolong \u010daj &#8211; vzhled<\/h2>\n<p><span style=\"line-height: 1.5em;\"><img decoding=\"async\" title=\"CHINA FINE OOLONG FU LIANG BIO - oolong \u010daj\" src=\"https:\/\/zelenydrak.cz\/img\/cms\/china_tea_fu_liang_caj.jpg\" alt=\"CHINA FINE OOLONG FU LIANG BIO - oolong \u010daj\" \/><\/span><\/p>\n<h2 style=\"text-align: right;\"><span style=\"background-color: #99cc00;\"><strong> <\/strong><\/span><\/h2>\n<p>\u00a0<\/p>\n<p>\u00a0<\/p>\n<p>\u00a0<\/p>\n<p>\u00a0<\/p>\n<p>\u00a0<\/p>\n<h2><span style=\"line-height: 1.5em;\">CHINA FINE OOLONG FU LIANG BIO &#8211; oolong \u010daj &#8211; p\u0159\u00edprava<\/span><\/h2>\n<p><span style=\"line-height: 1.5em;\"><img decoding=\"async\" title=\"CHINA FINE OOLONG FU LIANG BIO - oolong \u010daj - p\u0159\u00edprava\" src=\"https:\/\/zelenydrak.cz\/img\/cms\/fu_liang_oolong.jpg\" alt=\"CHINA FINE OOLONG FU LIANG BIO - oolong \u010daj - p\u0159\u00edprava\" \/><\/span><\/p>\n<p>\u00a0<\/p>\n<p>\u00a0<\/p>\n<p>\u00a0<\/p>\n<p>\u00a0<\/p>\n<p>\u00a0<\/p>\n<h2><span style=\"line-height: 1.5em;\">CHINA FINE OOLONG FU LIANG BIO &#8211; oolong \u010daj \u2013 n\u00e1lev<\/span><\/h2>\n<p><span style=\"line-height: 1.5em;\"><img decoding=\"async\" title=\"CHINA FINE OOLONG FU LIANG BIO - oolong \u010daj - n\u00e1lev\" src=\"https:\/\/zelenydrak.cz\/img\/cms\/fu_liang.jpg\" alt=\"CHINA FINE OOLONG FU LIANG BIO - oolong \u010daj - n\u00e1lev\" \/><\/span><\/p>\n","protected":false},"excerpt":{"rendered":"<p><img loading=\"lazy\" decoding=\"async\" class=\"size-full wp-image-2970 alignleft\" src=\"https:\/\/zelenydrak.cz\/wp-content\/uploads\/2024\/08\/konvice-caj.png\" alt=\"\" width=\"48\" height=\"48\" \/> Fu Liang je \u010dajov\u00e1 specialita s rovnom\u011brn\u00fdm listem.\u00a0\u010cajov\u00e1 zahrada\u00a0Fu Liang je zn\u00e1m\u00e1 pro kvalitu sv\u00fdch \u010daj\u016f. Zahrada Fu Liang nab\u00edz\u00ed organick\u00e9 oolong \u010daje, kter\u00e9 d\u00e1vaj\u00ed po vyluhov\u00e1n\u00ed sv\u011btle \u017elut\u00fd n\u00e1lev a aromatickou kv\u011btinovou chu\u0165. Kone\u010dky list\u016f jsou intenzivn\u011b hn\u011bd\u00e9 a ukazuj\u00ed tak za\u010d\u00e1tek fermentace. Fu Liang umo\u017e\u0148uje a\u017e \u010dty\u0159ikr\u00e1t opakovat n\u00e1lev. Ka\u017ed\u00fd n\u00e1lev bude jin\u00fd a m\u00e9n\u011b a m\u00e9n\u011b bohat\u0161\u00ed na tein. Vyzkou\u0161ejte jej.<\/p>\n","protected":false},"featured_media":91387,"comment_status":"open","ping_status":"closed","template":"","meta":[],"product_brand":[],"product_cat":[343,342],"product_tag":[],"class_list":{"0":"post-91373","1":"product","2":"type-product","3":"status-publish","4":"has-post-thumbnail","6":"product_cat-oolong-caj-cisty","7":"product_cat-oolong-caj-cisty-bio","9":"first","10":"instock","11":"product-type-variable","12":"has-default-attributes"},"_links":{"self":[{"href":"https:\/\/zelenydrak.cz\/velkoobchod\/wp-json\/wp\/v2\/product\/91373","targetHints":{"allow":["GET"]}}],"collection":[{"href":"https:\/\/zelenydrak.cz\/velkoobchod\/wp-json\/wp\/v2\/product"}],"about":[{"href":"https:\/\/zelenydrak.cz\/velkoobchod\/wp-json\/wp\/v2\/types\/product"}],"replies":[{"embeddable":true,"href":"https:\/\/zelenydrak.cz\/velkoobchod\/wp-json\/wp\/v2\/comments?post=91373"}],"wp:featuredmedia":[{"embeddable":true,"href":"https:\/\/zelenydrak.cz\/velkoobchod\/wp-json\/wp\/v2\/media\/91387"}],"wp:attachment":[{"href":"https:\/\/zelenydrak.cz\/velkoobchod\/wp-json\/wp\/v2\/media?parent=91373"}],"wp:term":[{"taxonomy":"product_brand","embeddable":true,"href":"https:\/\/zelenydrak.cz\/velkoobchod\/wp-json\/wp\/v2\/product_brand?post=91373"},{"taxonomy":"product_cat","embeddable":true,"href":"https:\/\/zelenydrak.cz\/velkoobchod\/wp-json\/wp\/v2\/product_cat?post=91373"},{"taxonomy":"product_tag","embeddable":true,"href":"https:\/\/zelenydrak.cz\/velkoobchod\/wp-json\/wp\/v2\/product_tag?post=91373"}],"curies":[{"name":"wp","href":"https:\/\/api.w.org\/{rel}","templated":true}]}}