{"id":91372,"date":"2025-03-05T08:07:09","date_gmt":"2025-03-05T08:07:09","guid":{"rendered":"https:\/\/zelenydrak.cz\/velkoobchod\/produkt\/kava-pomeranc-a-cokolada\/"},"modified":"2025-03-05T08:07:19","modified_gmt":"2025-03-05T08:07:19","slug":"kava-pomeranc-a-cokolada","status":"publish","type":"product","link":"https:\/\/zelenydrak.cz\/velkoobchod\/produkt\/kava-pomeranc-a-cokolada\/","title":{"rendered":"K\u00c1VA POMERAN\u010c A \u010cOKOL\u00c1DA"},"content":{"rendered":"<h2>K\u00c1VA POMERAN\u010c A \u010cOKOL\u00c1DA <\/h2>\n<p>Slo\u017een\u00ed: \u010dern\u00e1 k\u00e1va 100% arabika. Velmi chutn\u00e1 a p\u0159\u00edjemn\u00e1 k\u00e1va s chut\u00ed pomeran\u010de a \u010dokol\u00e1dy.<\/p>\n<h2>Na\u0161e k\u00e1vy.<\/h2>\n<p>P\u016fsobiv\u00fd v\u00fdb\u011br plant\u00e1\u017en\u00ed k\u00e1vy z cel\u00e9ho sv\u011bta. Jak opravdu v\u00fdjime\u010dn\u00e1 k\u00e1va na V\u00e1s \u010dek\u00e1 zjist\u00edte a\u017e ji ochutn\u00e1te. Nab\u00edz\u00edme vylad\u011bn\u00e9 sm\u011bsi, siln\u00e9 espressa, harmonicky prolnut\u00e9 chut\u011b a v\u016fn\u011b a vz\u00e1cn\u00e9 poklady.<\/p>\n<p><img decoding=\"async\" src=\"https:\/\/caj-a-kava.cz\/obrazky\/uvod\/dobalouhovani\/kava.jpg\" alt=\"Prodej prav\u00e9 zrnkov\u00e9 k\u00e1vy. P\u0159\u00edprava k\u00e1vy od Zelen\u00fd Drak\"><\/p>\n","protected":false},"excerpt":{"rendered":"<p><img loading=\"lazy\" decoding=\"async\" class=\"size-full wp-image-2970 alignleft\" src=\"https:\/\/zelenydrak.cz\/wp-content\/uploads\/2024\/08\/konvice-caj.png\" alt=\"\" width=\"48\" height=\"48\" \/>   V\u016fn\u011b a chu\u0165: k\u00e1va s p\u0159\u00edchut\u00ed  \u010dokol\u00e1dy a pomeran\u010de.<\/p>\n","protected":false},"featured_media":91371,"comment_status":"open","ping_status":"closed","template":"","meta":[],"product_brand":[],"product_cat":[326],"product_tag":[],"class_list":{"0":"post-91372","1":"product","2":"type-product","3":"status-publish","4":"has-post-thumbnail","6":"product_cat-kava-ochucena","8":"first","9":"instock","10":"product-type-variable","11":"has-default-attributes"},"_links":{"self":[{"href":"https:\/\/zelenydrak.cz\/velkoobchod\/wp-json\/wp\/v2\/product\/91372","targetHints":{"allow":["GET"]}}],"collection":[{"href":"https:\/\/zelenydrak.cz\/velkoobchod\/wp-json\/wp\/v2\/product"}],"about":[{"href":"https:\/\/zelenydrak.cz\/velkoobchod\/wp-json\/wp\/v2\/types\/product"}],"replies":[{"embeddable":true,"href":"https:\/\/zelenydrak.cz\/velkoobchod\/wp-json\/wp\/v2\/comments?post=91372"}],"wp:featuredmedia":[{"embeddable":true,"href":"https:\/\/zelenydrak.cz\/velkoobchod\/wp-json\/wp\/v2\/media\/91371"}],"wp:attachment":[{"href":"https:\/\/zelenydrak.cz\/velkoobchod\/wp-json\/wp\/v2\/media?parent=91372"}],"wp:term":[{"taxonomy":"product_brand","embeddable":true,"href":"https:\/\/zelenydrak.cz\/velkoobchod\/wp-json\/wp\/v2\/product_brand?post=91372"},{"taxonomy":"product_cat","embeddable":true,"href":"https:\/\/zelenydrak.cz\/velkoobchod\/wp-json\/wp\/v2\/product_cat?post=91372"},{"taxonomy":"product_tag","embeddable":true,"href":"https:\/\/zelenydrak.cz\/velkoobchod\/wp-json\/wp\/v2\/product_tag?post=91372"}],"curies":[{"name":"wp","href":"https:\/\/api.w.org\/{rel}","templated":true}]}}