{"id":91368,"date":"2025-03-05T08:07:08","date_gmt":"2025-03-05T08:07:08","guid":{"rendered":"https:\/\/zelenydrak.cz\/velkoobchod\/produkt\/zazvorove-bonbony-zvykaci\/"},"modified":"2025-03-05T08:07:09","modified_gmt":"2025-03-05T08:07:09","slug":"zazvorove-bonbony-zvykaci","status":"publish","type":"product","link":"https:\/\/zelenydrak.cz\/velkoobchod\/produkt\/zazvorove-bonbony-zvykaci\/","title":{"rendered":"Z\u00c1ZVOROV\u00c9 BONBONY &#8211; \u017dV\u00ddKAC\u00cd"},"content":{"rendered":"<h2>Z\u00c1ZVOROV\u00c9 BONBONY &#8211; \u017dV\u00ddKAC\u00cd <\/h2>\n<p>Popis v\u00fdrobku: z\u00e1zvorov\u00e9 \u017ev\u00fdkac\u00ed bonbony. Balen\u00ed: 56 g. Zem\u011b p\u016fvodu: Indon\u00e9sie. Slo\u017een\u00ed: sachar\u00f3za, z\u00e1zvor 7%, tapioka \u0161krob. Upozorn\u011bn\u00ed pro alergiky: Vyrobeno v za\u0159\u00edzen\u00ed, kter\u00e9 zpracov\u00e1v\u00e1 ara\u0161\u00eddy.<\/p>\n","protected":false},"excerpt":{"rendered":"<p><small>Cena za 100g: 101 K\u010d<\/small><\/p>\n<p> Z\u00e1zvorov\u00e9 bonbony \u017ev\u00fdkac\u00ed.<\/p>\n","protected":false},"featured_media":91367,"comment_status":"open","ping_status":"closed","template":"","meta":[],"product_brand":[],"product_cat":[329],"product_tag":[],"class_list":{"0":"post-91368","1":"product","2":"type-product","3":"status-publish","4":"has-post-thumbnail","6":"product_cat-pochoutky","8":"first","9":"instock","10":"product-type-simple"},"_links":{"self":[{"href":"https:\/\/zelenydrak.cz\/velkoobchod\/wp-json\/wp\/v2\/product\/91368","targetHints":{"allow":["GET"]}}],"collection":[{"href":"https:\/\/zelenydrak.cz\/velkoobchod\/wp-json\/wp\/v2\/product"}],"about":[{"href":"https:\/\/zelenydrak.cz\/velkoobchod\/wp-json\/wp\/v2\/types\/product"}],"replies":[{"embeddable":true,"href":"https:\/\/zelenydrak.cz\/velkoobchod\/wp-json\/wp\/v2\/comments?post=91368"}],"wp:featuredmedia":[{"embeddable":true,"href":"https:\/\/zelenydrak.cz\/velkoobchod\/wp-json\/wp\/v2\/media\/91367"}],"wp:attachment":[{"href":"https:\/\/zelenydrak.cz\/velkoobchod\/wp-json\/wp\/v2\/media?parent=91368"}],"wp:term":[{"taxonomy":"product_brand","embeddable":true,"href":"https:\/\/zelenydrak.cz\/velkoobchod\/wp-json\/wp\/v2\/product_brand?post=91368"},{"taxonomy":"product_cat","embeddable":true,"href":"https:\/\/zelenydrak.cz\/velkoobchod\/wp-json\/wp\/v2\/product_cat?post=91368"},{"taxonomy":"product_tag","embeddable":true,"href":"https:\/\/zelenydrak.cz\/velkoobchod\/wp-json\/wp\/v2\/product_tag?post=91368"}],"curies":[{"name":"wp","href":"https:\/\/api.w.org\/{rel}","templated":true}]}}