{"id":91366,"date":"2025-03-05T08:07:08","date_gmt":"2025-03-05T08:07:08","guid":{"rendered":"https:\/\/zelenydrak.cz\/velkoobchod\/produkt\/prekapavac-na-kavu\/"},"modified":"2025-03-05T08:07:08","modified_gmt":"2025-03-05T08:07:08","slug":"prekapavac-na-kavu","status":"publish","type":"product","link":"https:\/\/zelenydrak.cz\/velkoobchod\/produkt\/prekapavac-na-kavu\/","title":{"rendered":"P\u0158EKAP\u00c1VA\u010c NA K\u00c1VU"},"content":{"rendered":"<h2>P\u0158EKAP\u00c1VA\u010c NA K\u00c1VU<\/h2>\n<p>Popis v\u00fdrobku: <\/p>\n<p>velmi jednoduch\u00fd p\u0159\u00edstroj na p\u0159\u00edpravu siln\u00e9 k\u00e1vy<\/p>\n<p> pou\u017eit\u00ed: pou\u017eit\u00ed: do n\u00e1dobky p\u0159ekap\u00e1va\u010de vsypeme p\u0159im\u011b\u0159en\u00e9 mno\u017estv\u00ed hrub\u011b mlet\u00e9 k\u00e1vy (cca 2 a\u017e t\u0159i \u010dajov\u00e9 l\u017ei\u010dky), k\u00e1vu urovn\u00e1me a siln\u011b zam\u00e1\u010dkneme s\u00edtkem s dr\u017e\u00e1tkem, p\u0159ekap\u00e1va\u010d um\u00edst\u00edme na skleni\u010dku (pop\u0159\u00edpad\u011b hrnek apod.) a opatrn\u011b napln\u00edme vrouc\u00ed vodou, zakryjeme v\u00ed\u010dkem, po p\u0159ekap\u00e1n\u00ed k\u00e1vy v\u00ed\u010dko sejmeme, oto\u010d\u00edme a filtr na n\u011bj postav\u00edme, v pr\u016fb\u011bhu p\u0159ekap\u00e1v\u00e1n\u00ed lze vodu dle pot\u0159eby dol\u00edt. <\/p>\n<p>Skleni\u010dka nen\u00ed sou\u010d\u00e1st\u00ed v\u00fdrobku!!!<\/p>\n","protected":false},"excerpt":{"rendered":"<p>P\u0159ekap\u00e1va\u010d na k\u00e1vu. Jednoduch\u00fd zp\u016fsob p\u0159\u00edpravy lahodn\u00e9 k\u00e1vy.<\/p>\n","protected":false},"featured_media":91365,"comment_status":"open","ping_status":"closed","template":"","meta":[],"product_brand":[],"product_cat":[325,340],"product_tag":[],"class_list":{"0":"post-91366","1":"product","2":"type-product","3":"status-publish","4":"has-post-thumbnail","6":"product_cat-kava","7":"product_cat-kavovary","9":"first","10":"instock","11":"product-type-simple"},"_links":{"self":[{"href":"https:\/\/zelenydrak.cz\/velkoobchod\/wp-json\/wp\/v2\/product\/91366","targetHints":{"allow":["GET"]}}],"collection":[{"href":"https:\/\/zelenydrak.cz\/velkoobchod\/wp-json\/wp\/v2\/product"}],"about":[{"href":"https:\/\/zelenydrak.cz\/velkoobchod\/wp-json\/wp\/v2\/types\/product"}],"replies":[{"embeddable":true,"href":"https:\/\/zelenydrak.cz\/velkoobchod\/wp-json\/wp\/v2\/comments?post=91366"}],"wp:featuredmedia":[{"embeddable":true,"href":"https:\/\/zelenydrak.cz\/velkoobchod\/wp-json\/wp\/v2\/media\/91365"}],"wp:attachment":[{"href":"https:\/\/zelenydrak.cz\/velkoobchod\/wp-json\/wp\/v2\/media?parent=91366"}],"wp:term":[{"taxonomy":"product_brand","embeddable":true,"href":"https:\/\/zelenydrak.cz\/velkoobchod\/wp-json\/wp\/v2\/product_brand?post=91366"},{"taxonomy":"product_cat","embeddable":true,"href":"https:\/\/zelenydrak.cz\/velkoobchod\/wp-json\/wp\/v2\/product_cat?post=91366"},{"taxonomy":"product_tag","embeddable":true,"href":"https:\/\/zelenydrak.cz\/velkoobchod\/wp-json\/wp\/v2\/product_tag?post=91366"}],"curies":[{"name":"wp","href":"https:\/\/api.w.org\/{rel}","templated":true}]}}