{"id":91358,"date":"2025-03-05T08:07:07","date_gmt":"2025-03-05T08:07:07","guid":{"rendered":"https:\/\/zelenydrak.cz\/velkoobchod\/produkt\/kandysovy-cukr-na-drivku-hnedy\/"},"modified":"2025-03-05T08:07:07","modified_gmt":"2025-03-05T08:07:07","slug":"kandysovy-cukr-na-drivku-hnedy","status":"publish","type":"product","link":"https:\/\/zelenydrak.cz\/velkoobchod\/produkt\/kandysovy-cukr-na-drivku-hnedy\/","title":{"rendered":"KANDYSOV\u00dd CUKR NA D\u0158\u00cdVKU &#8211; HN\u011aD\u00dd"},"content":{"rendered":"<h2>KANDYSOV\u00dd CUKR NA D\u0158\u00cdVKU &#8211; HN\u011aD\u00dd <\/h2>\n<p>Popis v\u00fdrobku: kandysov\u00fd cukr hn\u011bd\u00fd. Slou\u017e\u00ed zejm\u00e9na pro m\u00edch\u00e1n\u00ed a slazen\u00ed \u010daje nebo k\u00e1vy. Pomalu se rozpou\u0161t\u00ed.<\/p>\n","protected":false},"excerpt":{"rendered":"<p>Kandysov\u00fd cukr. Vyu\u017eit\u00ed p\u0159i m\u00edch\u00e1n\u00ed \u010daje nebo k\u00e1vy.<\/p>\n","protected":false},"featured_media":91357,"comment_status":"open","ping_status":"closed","template":"","meta":[],"product_brand":[],"product_cat":[329],"product_tag":[],"class_list":{"0":"post-91358","1":"product","2":"type-product","3":"status-publish","4":"has-post-thumbnail","6":"product_cat-pochoutky","8":"first","9":"instock","10":"product-type-simple"},"_links":{"self":[{"href":"https:\/\/zelenydrak.cz\/velkoobchod\/wp-json\/wp\/v2\/product\/91358","targetHints":{"allow":["GET"]}}],"collection":[{"href":"https:\/\/zelenydrak.cz\/velkoobchod\/wp-json\/wp\/v2\/product"}],"about":[{"href":"https:\/\/zelenydrak.cz\/velkoobchod\/wp-json\/wp\/v2\/types\/product"}],"replies":[{"embeddable":true,"href":"https:\/\/zelenydrak.cz\/velkoobchod\/wp-json\/wp\/v2\/comments?post=91358"}],"wp:featuredmedia":[{"embeddable":true,"href":"https:\/\/zelenydrak.cz\/velkoobchod\/wp-json\/wp\/v2\/media\/91357"}],"wp:attachment":[{"href":"https:\/\/zelenydrak.cz\/velkoobchod\/wp-json\/wp\/v2\/media?parent=91358"}],"wp:term":[{"taxonomy":"product_brand","embeddable":true,"href":"https:\/\/zelenydrak.cz\/velkoobchod\/wp-json\/wp\/v2\/product_brand?post=91358"},{"taxonomy":"product_cat","embeddable":true,"href":"https:\/\/zelenydrak.cz\/velkoobchod\/wp-json\/wp\/v2\/product_cat?post=91358"},{"taxonomy":"product_tag","embeddable":true,"href":"https:\/\/zelenydrak.cz\/velkoobchod\/wp-json\/wp\/v2\/product_tag?post=91358"}],"curies":[{"name":"wp","href":"https:\/\/api.w.org\/{rel}","templated":true}]}}