{"id":91349,"date":"2025-03-05T08:07:06","date_gmt":"2025-03-05T08:07:06","guid":{"rendered":"https:\/\/zelenydrak.cz\/velkoobchod\/produkt\/aloe-vera-napoj-15l\/"},"modified":"2025-03-05T08:07:06","modified_gmt":"2025-03-05T08:07:06","slug":"aloe-vera-napoj-15l","status":"publish","type":"product","link":"https:\/\/zelenydrak.cz\/velkoobchod\/produkt\/aloe-vera-napoj-15l\/","title":{"rendered":"ALOE VERA &#8211; n\u00e1poj 1,5l"},"content":{"rendered":"<h2>ALOE VERA &#8211; n\u00e1poj 1,5l<\/h2>\n<p>Popis v\u00fdrobku: Aloe Vera  Aleo Premium &#8211; n\u00e1poj s kousky Aloe Vera (30%) bez chemick\u00fdch konzervant\u016f a barviv. Objem: 1500ml.<\/p>\n","protected":false},"excerpt":{"rendered":"<p>Aloe Vera &#8211; n\u00e1poj Aleo Premium.<\/p>\n","protected":false},"featured_media":91348,"comment_status":"open","ping_status":"closed","template":"","meta":[],"product_brand":[],"product_cat":[329],"product_tag":[],"class_list":{"0":"post-91349","1":"product","2":"type-product","3":"status-publish","4":"has-post-thumbnail","6":"product_cat-pochoutky","8":"first","9":"instock","10":"product-type-simple"},"_links":{"self":[{"href":"https:\/\/zelenydrak.cz\/velkoobchod\/wp-json\/wp\/v2\/product\/91349","targetHints":{"allow":["GET"]}}],"collection":[{"href":"https:\/\/zelenydrak.cz\/velkoobchod\/wp-json\/wp\/v2\/product"}],"about":[{"href":"https:\/\/zelenydrak.cz\/velkoobchod\/wp-json\/wp\/v2\/types\/product"}],"replies":[{"embeddable":true,"href":"https:\/\/zelenydrak.cz\/velkoobchod\/wp-json\/wp\/v2\/comments?post=91349"}],"wp:featuredmedia":[{"embeddable":true,"href":"https:\/\/zelenydrak.cz\/velkoobchod\/wp-json\/wp\/v2\/media\/91348"}],"wp:attachment":[{"href":"https:\/\/zelenydrak.cz\/velkoobchod\/wp-json\/wp\/v2\/media?parent=91349"}],"wp:term":[{"taxonomy":"product_brand","embeddable":true,"href":"https:\/\/zelenydrak.cz\/velkoobchod\/wp-json\/wp\/v2\/product_brand?post=91349"},{"taxonomy":"product_cat","embeddable":true,"href":"https:\/\/zelenydrak.cz\/velkoobchod\/wp-json\/wp\/v2\/product_cat?post=91349"},{"taxonomy":"product_tag","embeddable":true,"href":"https:\/\/zelenydrak.cz\/velkoobchod\/wp-json\/wp\/v2\/product_tag?post=91349"}],"curies":[{"name":"wp","href":"https:\/\/api.w.org\/{rel}","templated":true}]}}