{"id":91333,"date":"2025-03-05T08:07:03","date_gmt":"2025-03-05T08:07:03","guid":{"rendered":"https:\/\/zelenydrak.cz\/velkoobchod\/?post_type=product&#038;p=91333"},"modified":"2025-03-05T08:07:10","modified_gmt":"2025-03-05T08:07:10","slug":"arabsky-dzus","status":"publish","type":"product","link":"https:\/\/zelenydrak.cz\/velkoobchod\/produkt\/arabsky-dzus\/","title":{"rendered":"ARABSK\u00dd D\u017dUS"},"content":{"rendered":"<h2>ARABSK\u00dd D\u017dUS &#8211; broskev, ananas, pomeran\u010d<\/h2>\n<p>Popis v\u00fdrobku: arabsk\u00fd d\u017eus AL WAHA s kousky ovoce. <\/p>\n<p>Slo\u017een\u00ed v\u00fdrobku: pod\u00edl ovoce: 30%<\/p>\n<p>P\u0159\u00edchut\u011b: ananas, broskev, pomeran\u010d. Mno\u017estv\u00ed: 240ml.<\/p>\n","protected":false},"excerpt":{"rendered":"<p>Arabsk\u00fd d\u017eus AL WAHA s kousky ovoce.<\/p>\n","protected":false},"featured_media":91350,"comment_status":"open","ping_status":"closed","template":"","meta":[],"product_brand":[],"product_cat":[329],"product_tag":[],"class_list":{"0":"post-91333","1":"product","2":"type-product","3":"status-publish","4":"has-post-thumbnail","6":"product_cat-pochoutky","8":"first","9":"instock","10":"product-type-variable","11":"has-default-attributes"},"_links":{"self":[{"href":"https:\/\/zelenydrak.cz\/velkoobchod\/wp-json\/wp\/v2\/product\/91333","targetHints":{"allow":["GET"]}}],"collection":[{"href":"https:\/\/zelenydrak.cz\/velkoobchod\/wp-json\/wp\/v2\/product"}],"about":[{"href":"https:\/\/zelenydrak.cz\/velkoobchod\/wp-json\/wp\/v2\/types\/product"}],"replies":[{"embeddable":true,"href":"https:\/\/zelenydrak.cz\/velkoobchod\/wp-json\/wp\/v2\/comments?post=91333"}],"wp:featuredmedia":[{"embeddable":true,"href":"https:\/\/zelenydrak.cz\/velkoobchod\/wp-json\/wp\/v2\/media\/91350"}],"wp:attachment":[{"href":"https:\/\/zelenydrak.cz\/velkoobchod\/wp-json\/wp\/v2\/media?parent=91333"}],"wp:term":[{"taxonomy":"product_brand","embeddable":true,"href":"https:\/\/zelenydrak.cz\/velkoobchod\/wp-json\/wp\/v2\/product_brand?post=91333"},{"taxonomy":"product_cat","embeddable":true,"href":"https:\/\/zelenydrak.cz\/velkoobchod\/wp-json\/wp\/v2\/product_cat?post=91333"},{"taxonomy":"product_tag","embeddable":true,"href":"https:\/\/zelenydrak.cz\/velkoobchod\/wp-json\/wp\/v2\/product_tag?post=91333"}],"curies":[{"name":"wp","href":"https:\/\/api.w.org\/{rel}","templated":true}]}}