{"id":91328,"date":"2025-03-05T08:07:03","date_gmt":"2025-03-05T08:07:03","guid":{"rendered":"https:\/\/zelenydrak.cz\/velkoobchod\/?post_type=product&#038;p=91328"},"modified":"2025-03-05T08:07:09","modified_gmt":"2025-03-05T08:07:09","slug":"china-wujuan-zeleny-sypany-caj","status":"publish","type":"product","link":"https:\/\/zelenydrak.cz\/velkoobchod\/produkt\/china-wujuan-zeleny-sypany-caj\/","title":{"rendered":"CHINA WUJUAN &#8211; zelen\u00fd sypan\u00fd \u010daj"},"content":{"rendered":"<h2>CHINA WUJUAN &#8211; prav\u00fd zelen\u00fd sypan\u00fd \u010daj<\/h2>\n<p>Slo\u017een\u00ed \u010daje: \u010d\u00ednsk\u00fd zelen\u00fd \u010daj 100%. M\u00edrn\u00fd, p\u0159\u00edjemn\u00fd \u010daj s jemn\u00fdm listem a sv\u011btlou z\u00e1\u0159ivou barvou n\u00e1levu. \u010caj poch\u00e1z\u00ed z ekologick\u00e9ho zem\u011bd\u011blstv\u00ed.<\/p>\n<p><img decoding=\"async\" src=\"https:\/\/caj-a-kava.cz\/obrazky\/uvod\/dobalouhovani\/zeleny_caj.jpg\" alt=\"Prodej zelen\u00e9ho \u010daje. P\u0159\u00edprava \u010daje od Zelen\u00fd Drak \u010daj a k\u00e1va\" \/>\u00a0<\/p>\n","protected":false},"excerpt":{"rendered":"<p><img loading=\"lazy\" decoding=\"async\" class=\"size-full wp-image-2970 alignleft\" src=\"https:\/\/zelenydrak.cz\/wp-content\/uploads\/2024\/08\/konvice-caj.png\" alt=\"\" width=\"48\" height=\"48\" \/>   V\u016fn\u011b a chu\u0165: aromatick\u00e1 s travnat\u00fdmi t\u00f3ny. Po v\u00edce ne\u017e 1200 let je okres Wuyuan, zasazen\u00fd mezi \u010d\u00ednsk\u00fdmi provinciemi Jiangxi, Zhejiang a Anhui, ozna\u010dov\u00e1n jako zlat\u00fd troj\u00faheln\u00edk zelen\u00e9ho \u010daje. Okoln\u00ed hory, mlhav\u00e9, vlhk\u00e9 podneb\u00ed a bohat\u00e9 kombinace p\u016fdy vytv\u00e1\u0159\u00ed ide\u00e1ln\u00ed prost\u0159ed\u00ed pro p\u011bstov\u00e1n\u00ed vysoce kvalitn\u00edho \u010daje. <\/p>\n","protected":false},"featured_media":91334,"comment_status":"open","ping_status":"closed","template":"","meta":[],"product_brand":[],"product_cat":[295,311],"product_tag":[],"class_list":{"0":"post-91328","1":"product","2":"type-product","3":"status-publish","4":"has-post-thumbnail","6":"product_cat-zeleny-caj-cisty","7":"product_cat-zeleny-caj-cisty-bio","9":"first","10":"instock","11":"product-type-variable","12":"has-default-attributes"},"_links":{"self":[{"href":"https:\/\/zelenydrak.cz\/velkoobchod\/wp-json\/wp\/v2\/product\/91328","targetHints":{"allow":["GET"]}}],"collection":[{"href":"https:\/\/zelenydrak.cz\/velkoobchod\/wp-json\/wp\/v2\/product"}],"about":[{"href":"https:\/\/zelenydrak.cz\/velkoobchod\/wp-json\/wp\/v2\/types\/product"}],"replies":[{"embeddable":true,"href":"https:\/\/zelenydrak.cz\/velkoobchod\/wp-json\/wp\/v2\/comments?post=91328"}],"wp:featuredmedia":[{"embeddable":true,"href":"https:\/\/zelenydrak.cz\/velkoobchod\/wp-json\/wp\/v2\/media\/91334"}],"wp:attachment":[{"href":"https:\/\/zelenydrak.cz\/velkoobchod\/wp-json\/wp\/v2\/media?parent=91328"}],"wp:term":[{"taxonomy":"product_brand","embeddable":true,"href":"https:\/\/zelenydrak.cz\/velkoobchod\/wp-json\/wp\/v2\/product_brand?post=91328"},{"taxonomy":"product_cat","embeddable":true,"href":"https:\/\/zelenydrak.cz\/velkoobchod\/wp-json\/wp\/v2\/product_cat?post=91328"},{"taxonomy":"product_tag","embeddable":true,"href":"https:\/\/zelenydrak.cz\/velkoobchod\/wp-json\/wp\/v2\/product_tag?post=91328"}],"curies":[{"name":"wp","href":"https:\/\/api.w.org\/{rel}","templated":true}]}}