{"id":91292,"date":"2025-03-05T08:06:55","date_gmt":"2025-03-05T08:06:55","guid":{"rendered":"https:\/\/zelenydrak.cz\/velkoobchod\/?post_type=product&#038;p=91292"},"modified":"2025-03-05T08:07:02","modified_gmt":"2025-03-05T08:07:02","slug":"zelena-kava-mexico-superior-maragogype","status":"publish","type":"product","link":"https:\/\/zelenydrak.cz\/velkoobchod\/produkt\/zelena-kava-mexico-superior-maragogype\/","title":{"rendered":"ZELEN\u00c1 K\u00c1VA MEXICO SUPERIOR MARAGOGYPE"},"content":{"rendered":"<h2>ROHKAFFEE MEXICO SUPERIOR MARAGOGYPE &#8211; zelen\u00e1 k\u00e1va<\/h2>\n<p>Slo\u017een\u00ed k\u00e1vy: zelen\u00e1 k\u00e1va Arabika 100%. <\/p>\n<p>Mexick\u00e1 k\u00e1va zelen\u00e1, pojmenovan\u00e1 po brazilsk\u00e9m m\u011bst\u011b Maragogype. Maragogype je velk\u00fd ovocn\u00fd  poddruh Arabiky, kter\u00e1 m\u00e1 velmi jemnou chu\u0165, u\u0161lechtile obohacenou o jemnou kyselinku a lehk\u00e9 ovocn\u00e9 t\u00f3ny. <\/p>\n<p>Upozorn\u011bn\u00ed:<\/p>\n<p>tato k\u00e1va je d\u00edky surov\u00e9mu stavu (velk\u00e9 tvrdosti) nevhodn\u00e1 pro mlet\u00ed. Zelen\u00e1 k\u00e1va je sp\u00ed\u0161e ur\u010dena pro dom\u00e1c\u00ed pra\u017een\u00ed.<\/p>\n","protected":false},"excerpt":{"rendered":"<p><img loading=\"lazy\" decoding=\"async\" class=\"size-full wp-image-2970 alignleft\" src=\"https:\/\/zelenydrak.cz\/wp-content\/uploads\/2024\/08\/konvice-caj.png\" alt=\"\" width=\"48\" height=\"48\" \/>   V\u016fn\u011b a chu\u0165: lehce ovocn\u00e1.<\/p>\n","protected":false},"featured_media":91325,"comment_status":"open","ping_status":"closed","template":"","meta":[],"product_brand":[],"product_cat":[328],"product_tag":[],"class_list":{"0":"post-91292","1":"product","2":"type-product","3":"status-publish","4":"has-post-thumbnail","6":"product_cat-zelena-kava","8":"first","9":"instock","10":"product-type-variable","11":"has-default-attributes"},"_links":{"self":[{"href":"https:\/\/zelenydrak.cz\/velkoobchod\/wp-json\/wp\/v2\/product\/91292","targetHints":{"allow":["GET"]}}],"collection":[{"href":"https:\/\/zelenydrak.cz\/velkoobchod\/wp-json\/wp\/v2\/product"}],"about":[{"href":"https:\/\/zelenydrak.cz\/velkoobchod\/wp-json\/wp\/v2\/types\/product"}],"replies":[{"embeddable":true,"href":"https:\/\/zelenydrak.cz\/velkoobchod\/wp-json\/wp\/v2\/comments?post=91292"}],"wp:featuredmedia":[{"embeddable":true,"href":"https:\/\/zelenydrak.cz\/velkoobchod\/wp-json\/wp\/v2\/media\/91325"}],"wp:attachment":[{"href":"https:\/\/zelenydrak.cz\/velkoobchod\/wp-json\/wp\/v2\/media?parent=91292"}],"wp:term":[{"taxonomy":"product_brand","embeddable":true,"href":"https:\/\/zelenydrak.cz\/velkoobchod\/wp-json\/wp\/v2\/product_brand?post=91292"},{"taxonomy":"product_cat","embeddable":true,"href":"https:\/\/zelenydrak.cz\/velkoobchod\/wp-json\/wp\/v2\/product_cat?post=91292"},{"taxonomy":"product_tag","embeddable":true,"href":"https:\/\/zelenydrak.cz\/velkoobchod\/wp-json\/wp\/v2\/product_tag?post=91292"}],"curies":[{"name":"wp","href":"https:\/\/api.w.org\/{rel}","templated":true}]}}