{"id":91289,"date":"2025-03-05T08:06:54","date_gmt":"2025-03-05T08:06:54","guid":{"rendered":"https:\/\/zelenydrak.cz\/velkoobchod\/?post_type=product&#038;p=91289"},"modified":"2025-03-05T08:07:02","modified_gmt":"2025-03-05T08:07:02","slug":"kava-zambie-aa-lupili","status":"publish","type":"product","link":"https:\/\/zelenydrak.cz\/velkoobchod\/produkt\/kava-zambie-aa-lupili\/","title":{"rendered":"K\u00c1VA ZAMBIE AA LUPILI"},"content":{"rendered":"<h2>K\u00c1VA ZAMBIE AA LUPILI<\/h2>\n<p>Slo\u017een\u00ed k\u00e1vy: \u010dern\u00e1 k\u00e1va Arabika 100%. <\/p>\n<p>Oblast: hora Muchinga. <\/p>\n<p>K\u00e1vovn\u00edk: Arabica. <\/p>\n<p>Nadmo\u0159sk\u00e1 v\u00fd\u0161ka: 1500m. <\/p>\n<p>Kvalita: AA. <\/p>\n<p>Pra\u017een\u00ed: do tmava.<\/p>\n<h2>K\u00e1va<\/h2>\n<p>p\u0159edstavujeme V\u00e1m origin\u00e1ln\u00ed, luxusn\u00ed, zrnkovou k\u00e1vu od Zelen\u00e9ho Draka.<\/p>\n<p>Zelen\u00fd Drak nab\u00edz\u00ed v\u017edy \u010derstvou k\u00e1vu z mnoha sv\u011btov\u00fdch oblast\u00ed. Na\u0161imi z\u00e1kazn\u00edky je velmi obl\u00edbenou a vyhled\u00e1vanou k\u00e1vou k\u00e1va Panama poch\u00e1zej\u00edc\u00ed z nadmo\u0159sk\u00e9 v\u00fd\u0161ky 2500 m. ve v\u00fdjime\u010dn\u011b kvalit\u011b ozna\u010dovan\u00e9 jako AAA. K\u00e1va kterou distribuujeme poch\u00e1z\u00ed z n\u011bmeck\u00e9 pra\u017e\u00edrny k\u00e1vy s dlouholetou tradic\u00ed. Je kladen velk\u00fd d\u016fraz na soudr\u017enost p\u0159i p\u011bstov\u00e1n\u00ed k\u00e1vy a\u017e po hotov\u00fd v\u00fdrobek. K\u00e1va se neobjedn\u00e1v\u00e1 na burze, ale vz\u00e1cn\u00e1 komodita poch\u00e1z\u00ed p\u0159\u00edmo z plant\u00e1\u017e\u00ed v producentsk\u00fdch zem\u00edch. Lok\u00e1ln\u011b se nav\u0161t\u011bvuj\u00ed p\u011bstitel\u00e9 k\u00e1vy, a ve\u0161ker\u00e1 zji\u0161t\u011bn\u00ed ohledn\u011b k\u00e1vy samotn\u00e9, soci\u00e1ln\u00edch podm\u00ednek, za kter\u00fdch jsou k\u00e1vov\u00e9 t\u0159e\u0161n\u011b sklizeny a zpracov\u00e1ny, jsou kl\u00ed\u010dov\u00fdmi pro v\u00fdb\u011br, t\u00e9 kter\u00e9 oblast, \u010di odr\u016fdy.<\/p>\n<h2>Na\u0161e k\u00e1vy.<\/h2>\n<p>P\u016fsobiv\u00fd v\u00fdb\u011br plant\u00e1\u017en\u00ed k\u00e1vy z cel\u00e9ho sv\u011bta. Jak opravdu v\u00fdjime\u010dn\u00e1 k\u00e1va na V\u00e1s \u010dek\u00e1 zjist\u00edte a\u017e ji ochutn\u00e1te. Nab\u00edz\u00edme vylad\u011bn\u00e9 sm\u011bsi, siln\u00e9 espressa, harmonicky prolnut\u00e9 chut\u011b a v\u016fn\u011b a vz\u00e1cn\u00e9 poklady.<\/p>\n<h2>Z na\u0161\u00ed k\u00e1vy vyb\u00edr\u00e1me:<\/h2>\n<p>Etiopsk\u00e1 k\u00e1va Bonga z divok\u00fdch africk\u00fdch les\u016f, nejorigin\u00e1ln\u011bj\u0161\u00ed odr\u016fdy jako Jemen Mocca Matari z arabsk\u00e9ho polostrova, kolumbijsk\u00e1 k\u00e1va Supremo Huila, K\u00e1va Panama SHB Dona Antonia Estate, K\u00e1va Zimbabwe AAA plus z oblasti Chipinge Rusitu Valley a v neposledn\u00ed \u0159ad\u011b BIO k\u00e1va Indien Balmaadi Estate BIO. V\u00fdb\u011br k\u00e1vy je prost\u011b impozantn\u00ed. K\u00e1vov\u00e9 rarity jako nap\u0159\u00edklad Jamajka Blue Mountain a dal\u0161\u00ed speci\u00e1ln\u00ed k\u00e1vy m\u016f\u017eete ochutnat s n\u00e1mi a u n\u00e1s t\u00e9\u017e zakoupit.<\/p>\n<h2>K\u00e1va ochucen\u00e1<\/h2>\n<p>Zapomenout nem\u016f\u017eeme na ochucen\u00e9 k\u00e1vy velmi cen\u011bn\u00e9 na\u0161imi z\u00e1kazn\u00edky. Lahodn\u00fd \u0161\u00e1lek \u00fa\u017easn\u00e9 k\u00e1vy lze p\u0159ipravit z prav\u00e9 arabiky dochucen\u00e9 pomeran\u010dem a \u010dokol\u00e1dou.<\/p>\n<h2>Kopi Luwak? &#8211; \u0159\u00edk\u00e1me Kopi Luwak Ne<\/h2>\n<p>Nevy\u017eadujeme a nedod\u00e1v\u00e1me tento druh k\u00e1vy, proto\u017ee podle na\u0161eho v\u00fdzkumu, k\u00e1va je z\u0159\u00eddka od voln\u011b \u017eij\u00edc\u00edch zv\u00ed\u0159at. Vzhledem k vysok\u00e9 popt\u00e1vce na sv\u011btov\u00e9m trhu jsou zv\u00ed\u0159ata chov\u00e1na ve st\u00edsn\u011bn\u00fdch klec\u00edch a v \u017ealostn\u00fdch podm\u00ednk\u00e1ch. Pro n\u00e1s je to krutost, kterou nejd\u016frazn\u011bji odm\u00edt\u00e1me.<\/p>\n<p><img decoding=\"async\" src=\"https:\/\/caj-a-kava.cz\/obrazky\/uvod\/dobalouhovani\/kava.jpg\" alt=\"Prodej prav\u00e9 zrnkov\u00e9 k\u00e1vy. P\u0159\u00edprava k\u00e1vy od Zelen\u00fd Drak\"><\/p>\n","protected":false},"excerpt":{"rendered":"<p><img loading=\"lazy\" decoding=\"async\" class=\"size-full wp-image-2970 alignleft\" src=\"https:\/\/zelenydrak.cz\/wp-content\/uploads\/2024\/08\/konvice-caj.png\" alt=\"\" width=\"48\" height=\"48\" \/>   V\u016fn\u011b a chu\u0165: ko\u0159en\u011bn\u00e1 s lehce sladov\u00fdmi t\u00f3ny.<\/p>\n","protected":false},"featured_media":91317,"comment_status":"open","ping_status":"closed","template":"","meta":[],"product_brand":[],"product_cat":[327],"product_tag":[],"class_list":{"0":"post-91289","1":"product","2":"type-product","3":"status-publish","4":"has-post-thumbnail","6":"product_cat-kava-cista","8":"first","9":"instock","10":"product-type-variable","11":"has-default-attributes"},"_links":{"self":[{"href":"https:\/\/zelenydrak.cz\/velkoobchod\/wp-json\/wp\/v2\/product\/91289","targetHints":{"allow":["GET"]}}],"collection":[{"href":"https:\/\/zelenydrak.cz\/velkoobchod\/wp-json\/wp\/v2\/product"}],"about":[{"href":"https:\/\/zelenydrak.cz\/velkoobchod\/wp-json\/wp\/v2\/types\/product"}],"replies":[{"embeddable":true,"href":"https:\/\/zelenydrak.cz\/velkoobchod\/wp-json\/wp\/v2\/comments?post=91289"}],"wp:featuredmedia":[{"embeddable":true,"href":"https:\/\/zelenydrak.cz\/velkoobchod\/wp-json\/wp\/v2\/media\/91317"}],"wp:attachment":[{"href":"https:\/\/zelenydrak.cz\/velkoobchod\/wp-json\/wp\/v2\/media?parent=91289"}],"wp:term":[{"taxonomy":"product_brand","embeddable":true,"href":"https:\/\/zelenydrak.cz\/velkoobchod\/wp-json\/wp\/v2\/product_brand?post=91289"},{"taxonomy":"product_cat","embeddable":true,"href":"https:\/\/zelenydrak.cz\/velkoobchod\/wp-json\/wp\/v2\/product_cat?post=91289"},{"taxonomy":"product_tag","embeddable":true,"href":"https:\/\/zelenydrak.cz\/velkoobchod\/wp-json\/wp\/v2\/product_tag?post=91289"}],"curies":[{"name":"wp","href":"https:\/\/api.w.org\/{rel}","templated":true}]}}