{"id":91282,"date":"2025-03-05T08:06:54","date_gmt":"2025-03-05T08:06:54","guid":{"rendered":"https:\/\/zelenydrak.cz\/velkoobchod\/?post_type=product&#038;p=91282"},"modified":"2025-03-05T08:07:02","modified_gmt":"2025-03-05T08:07:02","slug":"ceylon-yaprak-cerny-caj","status":"publish","type":"product","link":"https:\/\/zelenydrak.cz\/velkoobchod\/produkt\/ceylon-yaprak-cerny-caj\/","title":{"rendered":"CEYLON YAPRAK &#8211; \u010dern\u00fd \u010daj"},"content":{"rendered":"<h2>CEYLON YAPRAK \u2013 kvalitn\u00ed\u00a0 <a href=\"\/kategorie\/sypany-caj\/cerny-sypany-caj\/\">\u010dern\u00fd sypan\u00fd \u010daj<\/a>: Autentick\u00fd z\u00e1\u017eitek z Sr\u00ed Lanky<\/h2>\n<p>Slo\u017een\u00ed: \u010dern\u00fd ceylonsk\u00fd <strong>sypan\u00fd \u010daj<\/strong> (100%), velkolist\u00fd ze Sr\u00ed Lanky<\/p>\n<p><a href=\"https:\/\/zelenydrak.cz\/velkoobchod\">Ceylon Yaprak<\/a> p\u0159edstavuje prav\u00e9 pot\u011b\u0161en\u00ed pro v\u0161echny milovn\u00edky kvalitn\u00edho \u010daje. Tento \u010dern\u00fd sypan\u00fd \u010daj, poch\u00e1zej\u00edc\u00ed z malebn\u00e9ho ostrova Sr\u00ed Lanka, se py\u0161n\u00ed svoj\u00ed jedine\u010dnou chut\u00ed a aroma, kter\u00e9 zanech\u00e1vaj\u00ed nesmazateln\u00fd dojem na t\u011bch, kte\u0159\u00ed si ho dop\u0159ej\u00ed. Slo\u017een\u00ed tohoto \u010daje je jednoduch\u00e9, ale v\u00fdjime\u010dn\u00e9 \u2013 100% \u010dern\u00fd ceylonsk\u00fd \u010daj velkolist\u00e9ho typu, co\u017e znamen\u00e1, \u017ee se jedn\u00e1 o \u010dist\u00fd a nezam\u011bniteln\u00fd produkt bez jak\u00fdchkoli p\u0159\u00edm\u011bs\u00ed.<\/p>\n<h2>Z\u00e1\u017eitek z chuti<\/h2>\n<p>Ceylon Yaprak nab\u00edz\u00ed jemnou, m\u00edrn\u011b naho\u0159klou chu\u0165, dopln\u011bnou ovocn\u00fdmi t\u00f3ny, kter\u00e9 dod\u00e1vaj\u00ed \u010daji sv\u016fdn\u00fd a osv\u011b\u017euj\u00edc\u00ed charakter. Tato kombinace z n\u011bj d\u011bl\u00e1 nejen ide\u00e1ln\u00edho spole\u010dn\u00edka k odpoledn\u00edmu \u010daji, ale tak\u00e9 dokonalou volbu pro chv\u00edle relaxace nebo pro sd\u00edlen\u00ed s p\u0159\u00e1teli. Pr\u00e1v\u011b d\u00edky sv\u00e9 vyv\u00e1\u017een\u00e9 chuti je ceylonsk\u00fd \u010daj pou\u017e\u00edv\u00e1n tak\u00e9 jako z\u00e1klad pro r\u016fzn\u00e9 \u010dajov\u00e9 sm\u011bsi.<\/p>\n<h2>Vz\u00e1cnost pravosti<\/h2>\n<p>Jedn\u00edm z nejd\u016fle\u017eit\u011bj\u0161\u00edch aspekt\u016f, kter\u00e9 d\u011blaj\u00ed ceylonsk\u00fd \u010daj tak v\u00fdjime\u010dn\u00fdm, je jeho autenticita. Ceylon Yaprak je 100% origin\u00e1ln\u00ed, co\u017e znamen\u00e1, \u017ee se nejedn\u00e1 o sm\u011bs r\u016fzn\u00fdch \u010daj\u016f, ale o kvalitn\u00ed listov\u00fd \u010daj p\u011bstovan\u00fd v nadmo\u0159sk\u00fdch v\u00fd\u0161k\u00e1ch Sr\u00ed Lanky. Tyto kopcovit\u00e9 oblasti, s ide\u00e1ln\u00edmi klimatick\u00fdmi podm\u00ednkami, umo\u017e\u0148uj\u00ed \u010dajov\u00fdm ke\u0159\u016fm r\u016fst v \u010dist\u00e9m a zdrav\u00e9m prost\u0159ed\u00ed, co\u017e se odr\u00e1\u017e\u00ed v jejich chu\u0165ov\u00fdch vlastnostech.<\/p>\n<h3>Ru\u010dn\u00ed sb\u011br \u010daje<\/h3>\n<p>Dal\u0161\u00edm d\u016fle\u017eit\u00fdm bodem, kter\u00fd stoj\u00ed za pozornost, je zp\u016fsob sklizn\u011b. \u010cajov\u00e9 listy Ceylon Yaprak jsou sb\u00edr\u00e1ny ru\u010dn\u011b, co\u017e zaji\u0161\u0165uje jejich vysokou kvalitu a zachov\u00e1n\u00ed p\u0159irozen\u00fdch chut\u00ed. Tento tradi\u010dn\u00ed nezmechanizovan\u00fd proces sb\u011bru \u010daje zaru\u010duje, \u017ee ka\u017ed\u00e9 l\u00edstky jsou pe\u010dliv\u011b vyb\u00edr\u00e1ny s ohledem na jejich zralost a kvalitu. Tento p\u0159\u00edstup p\u0159isp\u00edv\u00e1 nejen k jedine\u010dn\u00e9 chuti, ale tak\u00e9 k ekologick\u00e9mu zp\u016fsobu p\u011bstov\u00e1n\u00ed a v\u00fdroby \u010daje.<\/p>\n<h4>Z\u00e1v\u011br<\/h4>\n<p>Pokud hled\u00e1te prav\u00fd \u010dern\u00fd <strong>sypan\u00fd \u010daj<\/strong>, kter\u00fd v\u00e1s nadchne svou jedine\u010dnost\u00ed a kvalitou, potom je Ceylon Yaprak spr\u00e1vnou volbou a zaslou\u017e\u00ed\u00a0 si m\u00edsto ve va\u0161\u00ed sb\u00edrce. Tento prav\u00fd \u010dern\u00fd sypan\u00fd \u010daj, vyroben\u00fd v\u00fdhradn\u011b z kvalitn\u00edch ceylonsk\u00fdch list\u016f, nab\u00edz\u00ed jedine\u010dnou chu\u0165ovou paletu, kter\u00e1 oslov\u00ed jak zku\u0161en\u00e9 znalce \u010daje, tak i nov\u00e1\u010dky. Sr\u00ed Lansk\u00fd \u010daj slibuje nezapomenuteln\u00fd z\u00e1\u017eitek, kter\u00fd si budete cht\u00edt opakovat. Ocen\u011bn\u00ed jeho v\u00fdjime\u010dnosti spo\u010d\u00edv\u00e1 v jedine\u010dn\u00e9m spojen\u00ed tradice, kvality a autenticity, kterou p\u0159in\u00e1\u0161\u00ed z dalek\u00e9 a kr\u00e1sn\u00e9 Sr\u00ed Lanky p\u0159\u00edmo na v\u00e1\u0161 st\u016fl. Nechte se tedy un\u00e9st a objevte kouzlo \u010dern\u00e9ho ceylonsk\u00e9ho \u010daje \u2013 Ceylon Yaprak.<\/p>\n<p><img decoding=\"async\" src=\"https:\/\/caj-a-kava.cz\/obrazky\/uvod\/dobalouhovani\/cerny_caj.jpg\" alt=\"Prodej \u010daje. \u010cern\u00fd sypan\u00fd \u010daj. P\u0159\u00edprava \u010daje od Zelen\u00fd Drak \u010daj a k\u00e1va\" \/><\/p>\n","protected":false},"excerpt":{"rendered":"<p><img loading=\"lazy\" decoding=\"async\" class=\"size-full wp-image-2970 alignleft\" src=\"https:\/\/zelenydrak.cz\/wp-content\/uploads\/2024\/08\/konvice-caj.png\" alt=\"\" width=\"48\" height=\"48\" \/> Sr\u00ed Lanka, malebn\u00fd ostrov v srdci Indick\u00e9ho oce\u00e1nu, je zn\u00e1m\u00fd nejen sv\u00fdmi n\u00e1dhern\u00fdmi pl\u00e1\u017eemi, ale p\u0159edev\u0161\u00edm vysoce kvalitn\u00edm \u010dajem. Mezi mnoha druhy \u010daje vynik\u00e1 CEYLON YAPRAK \u2013 prav\u00fd \u010dern\u00fd <strong>sypan\u00fd \u010daj<\/strong>, kter\u00fd nejen\u017ee oslov\u00ed milovn\u00edky \u010daje, ale tak\u00e9 p\u0159in\u00e1\u0161\u00ed jedine\u010dn\u00fd z\u00e1\u017eitek pro v\u0161echny spot\u0159ebitele ct\u00edc\u00ed pravou chu\u0165.<br \/>  <strong>100% Origin\u00e1ln\u00ed Cejlonsk\u00fd \u010daj<\/strong><br \/>  CO odli\u0161uje CEYLON YAPRAK od b\u011b\u017en\u00fdch \u010dajov\u00fdch sm\u011bs\u00ed, je jeho \u010distota a autenticita. Tento \u010daj je zcela origin\u00e1ln\u00ed a neobsahuje \u017e\u00e1dn\u00e9 p\u0159\u00edm\u011bsi z jin\u00fdch \u010daj\u016f, co\u017e zaru\u010duje jeho jedine\u010dn\u00e9 vlastnosti. Sr\u00ed Lansk\u00fd sypan\u00fd \u010daj se hrd\u011b prezentuje jako 100% prav\u00fd cejlonsk\u00fd \u010daj, kter\u00fd spl\u0148uje nejvy\u0161\u0161\u00ed standardy kvality.<\/p>\n","protected":false},"featured_media":91301,"comment_status":"open","ping_status":"closed","template":"","meta":[],"product_brand":[],"product_cat":[292],"product_tag":[],"class_list":{"0":"post-91282","1":"product","2":"type-product","3":"status-publish","4":"has-post-thumbnail","6":"product_cat-cerny-caj-cisty","8":"first","9":"instock","10":"product-type-variable","11":"has-default-attributes"},"_links":{"self":[{"href":"https:\/\/zelenydrak.cz\/velkoobchod\/wp-json\/wp\/v2\/product\/91282","targetHints":{"allow":["GET"]}}],"collection":[{"href":"https:\/\/zelenydrak.cz\/velkoobchod\/wp-json\/wp\/v2\/product"}],"about":[{"href":"https:\/\/zelenydrak.cz\/velkoobchod\/wp-json\/wp\/v2\/types\/product"}],"replies":[{"embeddable":true,"href":"https:\/\/zelenydrak.cz\/velkoobchod\/wp-json\/wp\/v2\/comments?post=91282"}],"wp:featuredmedia":[{"embeddable":true,"href":"https:\/\/zelenydrak.cz\/velkoobchod\/wp-json\/wp\/v2\/media\/91301"}],"wp:attachment":[{"href":"https:\/\/zelenydrak.cz\/velkoobchod\/wp-json\/wp\/v2\/media?parent=91282"}],"wp:term":[{"taxonomy":"product_brand","embeddable":true,"href":"https:\/\/zelenydrak.cz\/velkoobchod\/wp-json\/wp\/v2\/product_brand?post=91282"},{"taxonomy":"product_cat","embeddable":true,"href":"https:\/\/zelenydrak.cz\/velkoobchod\/wp-json\/wp\/v2\/product_cat?post=91282"},{"taxonomy":"product_tag","embeddable":true,"href":"https:\/\/zelenydrak.cz\/velkoobchod\/wp-json\/wp\/v2\/product_tag?post=91282"}],"curies":[{"name":"wp","href":"https:\/\/api.w.org\/{rel}","templated":true}]}}